{"id":113939,"date":"2026-05-05T12:02:46","date_gmt":"2026-05-05T15:02:46","guid":{"rendered":"https:\/\/www.hediyepazar.com\/?product=yd3-kulaklik-2"},"modified":"2026-05-05T12:02:46","modified_gmt":"2026-05-05T15:02:46","slug":"yd3-kulaklik-2","status":"publish","type":"product","link":"https:\/\/www.hediyepazar.com\/?product=yd3-kulaklik-2","title":{"rendered":"YD3 KULAKLIK"},"content":{"rendered":"<p>Powerbank YD03 Aynal\u0131 Bluetooth Kulakl\u0131k \tY\u00fcksek bass \u00f6zelli\u011fi. \tG\u00fcr\u00fclt\u00fc \u00f6nleyici \u00f6zelli\u011fi. \tSa\u011f ve sol farketmezsizin iki kula\u011fa da uyum sa\u011flayabilme. \tAyna \u00f6zelli\u011fi \tDokunmatik komutBluetooth s\u00fcr\u00fcm\u00fc: 5.3Bekleme s\u00fcresi: yakla\u015f\u0131k 90 saatKulakl\u0131k kapasitesi: 45mAh\u015earj kutusu kapasitesi: 800mAh\u0130letim mesafesi: \u2264 10 metreDinleme s\u00fcresi: 4 saat\u015earj aray\u00fcz\u00fc: mikro\u015earj gerilimi: DC5V\/1A\u00c7al\u0131\u015fma y\u00f6ntemi: dokunmaRenk: siyah&nbsp;<\/p>\n","protected":false},"excerpt":{"rendered":"<p>Powerbank YD03 Aynal\u0131 Bluetooth Kulakl\u0131k Y\u00fcksek bass \u00f6zelli\u011fi. G\u00fcr\u00fclt\u00fc \u00f6nleyici \u00f6zelli\u011fi. Sa\u011f ve sol farketmezsizin iki kula\u011fa da uyum sa\u011flayabilme. Ayna \u00f6zelli\u011fi Dokunmatik komutBluetooth s\u00fcr\u00fcm\u00fc: 5.3Bekleme s\u00fcresi: yakla\u015f\u0131k 90 saatKulakl\u0131k kapasitesi: 45mAh\u015earj kutusu kapasitesi: 800mAh\u0130letim mesafesi: \u2264 10 metreDinleme s\u00fcresi: 4 saat\u015earj aray\u00fcz\u00fc: mikro\u015earj gerilimi: DC5V\/1A\u00c7al\u0131\u015fma y\u00f6ntemi: dokunmaRenk: siyah&nbsp;<\/p>\n","protected":false},"featured_media":113938,"comment_status":"open","ping_status":"closed","template":"","meta":{"_kad_post_transparent":"","_kad_post_title":"","_kad_post_layout":"","_kad_post_sidebar_id":"","_kad_post_content_style":"","_kad_post_vertical_padding":"","_kad_post_feature":"","_kad_post_feature_position":"","_kad_post_header":false,"_kad_post_footer":false,"_kad_post_classname":""},"product_brand":[],"product_cat":[14957],"product_tag":[],"class_list":{"0":"post-113939","1":"product","2":"type-product","3":"status-publish","4":"has-post-thumbnail","6":"product_cat-kablosuz-kulaklik-kablosuz-kulaklik","8":"first","9":"instock","10":"purchasable","11":"product-type-simple","12":"entry","13":"content-bg","14":"loop-entry"},"_links":{"self":[{"href":"https:\/\/www.hediyepazar.com\/index.php?rest_route=\/wp\/v2\/product\/113939","targetHints":{"allow":["GET"]}}],"collection":[{"href":"https:\/\/www.hediyepazar.com\/index.php?rest_route=\/wp\/v2\/product"}],"about":[{"href":"https:\/\/www.hediyepazar.com\/index.php?rest_route=\/wp\/v2\/types\/product"}],"replies":[{"embeddable":true,"href":"https:\/\/www.hediyepazar.com\/index.php?rest_route=%2Fwp%2Fv2%2Fcomments&post=113939"}],"wp:featuredmedia":[{"embeddable":true,"href":"https:\/\/www.hediyepazar.com\/index.php?rest_route=\/wp\/v2\/media\/113938"}],"wp:attachment":[{"href":"https:\/\/www.hediyepazar.com\/index.php?rest_route=%2Fwp%2Fv2%2Fmedia&parent=113939"}],"wp:term":[{"taxonomy":"product_brand","embeddable":true,"href":"https:\/\/www.hediyepazar.com\/index.php?rest_route=%2Fwp%2Fv2%2Fproduct_brand&post=113939"},{"taxonomy":"product_cat","embeddable":true,"href":"https:\/\/www.hediyepazar.com\/index.php?rest_route=%2Fwp%2Fv2%2Fproduct_cat&post=113939"},{"taxonomy":"product_tag","embeddable":true,"href":"https:\/\/www.hediyepazar.com\/index.php?rest_route=%2Fwp%2Fv2%2Fproduct_tag&post=113939"}],"curies":[{"name":"wp","href":"https:\/\/api.w.org\/{rel}","templated":true}]}}