{"id":113941,"date":"2026-05-05T12:02:53","date_gmt":"2026-05-05T15:02:53","guid":{"rendered":"https:\/\/www.hediyepazar.com\/?product=p47-kulak-ustu-bluetooth-kulaklik-2"},"modified":"2026-05-05T12:02:53","modified_gmt":"2026-05-05T15:02:53","slug":"p47-kulak-ustu-bluetooth-kulaklik-2","status":"publish","type":"product","link":"https:\/\/www.hediyepazar.com\/?product=p47-kulak-ustu-bluetooth-kulaklik-2","title":{"rendered":"P47 Kulak \u00dcst\u00fc Bluetooth Kulakl\u0131k"},"content":{"rendered":"<p>P47 Kulak \u00dcst\u00fc Bluetooth Kulakl\u0131k \tY\u00fcksek kaliteli ses deneyimi i\u00e7in entegre mikrofon \u00f6zelli\u011fi ile net aramalar yapabilir ve eller serbest kullan\u0131m\u0131n keyfini \u00e7\u0131karabilirsiniz \t\u00c7ift telefon deste\u011fi sayesinde, iki farkl\u0131 cihaz aras\u0131nda kolayca ge\u00e7i\u015f yaparak m\u00fczik dinlemenin keyfini s\u00fcrd\u00fcrebilirsiniz \tSuya ve tere kar\u015f\u0131 dayan\u0131kl\u0131 yap\u0131s\u0131 ile spor aktivitelerinizde veya ya\u011fmurlu havalarda dahi rahatl\u0131kla kullanabilirsiniz \t2 y\u0131l garanti s\u00fcresi ile sat\u0131n alma sonras\u0131nda da g\u00fcvenle kullanabilece\u011finiz bir \u00fcr\u00fcn deneyimi sunarKonu\u015fma S\u00fcresi: 10 SaatKulakl\u0131k Tipi: Kulak \u00dcst\u00fcMikrofon \u00d6zelli\u011fi: VarM\u00fczik Format\u0131 Deste\u011fi: MP3\/WMAYuvas\u0131: USB2.0FM Radyo Aral\u0131\u011f\u0131 Desteklenen: 87.5 \u2013 108.0 MHzS\u00fcr\u00fcc\u00fc Birimi: 40mm \u00c7apPil Kapasitesi: 250 mAhHassasiyet: 115db S.P.L at 1 kHzEmpedans: 320HMMikrofon \u00dcnitesi: 4mm * 1.5mm-42dBDe\u011ferlendirici G\u00fcc\u00fc: 40 mwFrekans Aral\u0131\u011f\u0131: 20 HZ-20 KHzFi\u015f Tipi: 3.5mm<\/p>\n","protected":false},"excerpt":{"rendered":"<p>P47 Kulak \u00dcst\u00fc Bluetooth Kulakl\u0131k Y\u00fcksek kaliteli ses deneyimi i\u00e7in entegre mikrofon \u00f6zelli\u011fi ile net aramalar yapabilir ve eller serbest kullan\u0131m\u0131n keyfini \u00e7\u0131karabilirsiniz \u00c7ift telefon deste\u011fi sayesinde, iki farkl\u0131 cihaz aras\u0131nda kolayca ge\u00e7i\u015f yaparak m\u00fczik dinlemenin keyfini s\u00fcrd\u00fcrebilirsiniz Suya ve tere kar\u015f\u0131 dayan\u0131kl\u0131 yap\u0131s\u0131 ile spor aktivitelerinizde veya ya\u011fmurlu havalarda dahi rahatl\u0131kla kullanabilirsiniz 2 y\u0131l&#8230;<\/p>\n","protected":false},"featured_media":113940,"comment_status":"open","ping_status":"closed","template":"","meta":{"_kad_post_transparent":"","_kad_post_title":"","_kad_post_layout":"","_kad_post_sidebar_id":"","_kad_post_content_style":"","_kad_post_vertical_padding":"","_kad_post_feature":"","_kad_post_feature_position":"","_kad_post_header":false,"_kad_post_footer":false,"_kad_post_classname":""},"product_brand":[],"product_cat":[14957],"product_tag":[],"class_list":{"0":"post-113941","1":"product","2":"type-product","3":"status-publish","4":"has-post-thumbnail","6":"product_cat-kablosuz-kulaklik-kablosuz-kulaklik","8":"first","9":"instock","10":"purchasable","11":"product-type-simple","12":"entry","13":"content-bg","14":"loop-entry"},"_links":{"self":[{"href":"https:\/\/www.hediyepazar.com\/index.php?rest_route=\/wp\/v2\/product\/113941","targetHints":{"allow":["GET"]}}],"collection":[{"href":"https:\/\/www.hediyepazar.com\/index.php?rest_route=\/wp\/v2\/product"}],"about":[{"href":"https:\/\/www.hediyepazar.com\/index.php?rest_route=\/wp\/v2\/types\/product"}],"replies":[{"embeddable":true,"href":"https:\/\/www.hediyepazar.com\/index.php?rest_route=%2Fwp%2Fv2%2Fcomments&post=113941"}],"wp:featuredmedia":[{"embeddable":true,"href":"https:\/\/www.hediyepazar.com\/index.php?rest_route=\/wp\/v2\/media\/113940"}],"wp:attachment":[{"href":"https:\/\/www.hediyepazar.com\/index.php?rest_route=%2Fwp%2Fv2%2Fmedia&parent=113941"}],"wp:term":[{"taxonomy":"product_brand","embeddable":true,"href":"https:\/\/www.hediyepazar.com\/index.php?rest_route=%2Fwp%2Fv2%2Fproduct_brand&post=113941"},{"taxonomy":"product_cat","embeddable":true,"href":"https:\/\/www.hediyepazar.com\/index.php?rest_route=%2Fwp%2Fv2%2Fproduct_cat&post=113941"},{"taxonomy":"product_tag","embeddable":true,"href":"https:\/\/www.hediyepazar.com\/index.php?rest_route=%2Fwp%2Fv2%2Fproduct_tag&post=113941"}],"curies":[{"name":"wp","href":"https:\/\/api.w.org\/{rel}","templated":true}]}}