{"id":113953,"date":"2026-05-05T12:03:24","date_gmt":"2026-05-05T15:03:24","guid":{"rendered":"https:\/\/www.hediyepazar.com\/?product=m6-akilli-bileklik-2"},"modified":"2026-05-05T12:03:24","modified_gmt":"2026-05-05T15:03:24","slug":"m6-akilli-bileklik-2","status":"publish","type":"product","link":"https:\/\/www.hediyepazar.com\/?product=m6-akilli-bileklik-2","title":{"rendered":"M6 Ak\u0131ll\u0131 Bileklik"},"content":{"rendered":"<p>M6 Ak\u0131ll\u0131 Bileklik \tTansiyon, Ad\u0131m Sayar ve rahatl\u0131kla mesajlar\u0131 okuyabilirsiniz. \tRenkli, b\u00fcy\u00fck ve estetik ekrana sahip. \tTelefona gelen aramalar\u0131, mesajlar\u0131 g\u00f6sterir ve titreyerek uyar\u0131r. \tBileklik \u00fczerinden telefonun kameras\u0131n\u0131 kumanda edebilirsiniz. \tAd\u0131m say\u0131s\u0131n\u0131 otomatik olarak kaydeder ve yak\u0131lan kaloriyi hesaplar. \tYa\u015fam ritminize uyan egzersiz program\u0131n\u0131 se\u00e7ebilirsiniz, Terleyerek kendinizi rahatlatabilirsiniz. \tBilezik otomatik olarak uykunuzu alg\u0131lar ve bir uyku raporu olu\u015fturur. \tUzun s\u00fcre oturarak ya da sabit kald\u0131\u011f\u0131n\u0131zda bilezik yava\u015f\u00e7a titrer ve sizi uyar\u0131r. \tY\u00fcksek duyarl\u0131 dokunmatik ekran, h\u0131zl\u0131 bir \u015fekilde g\u00f6r\u00fcnt\u00fclemek i\u00e7in \u00e7e\u015fitli i\u015flemler, bilgi i\u00e7eri\u011fi, ad\u0131m, kalori, mesafe, hava durumu, kalp h\u0131z\u0131 ve di\u011fer fonksiyonlar\u0131 elde edebilir, b\u00f6ylece ak\u0131ll\u0131 ya\u015fam a\u00e7ar. \u00fcr\u00fcn kordonu ile nomal insan koluna olabilir. \t\u015earj etme s\u00fcresi : 1 Saat \tKronometre, Takvim, \u00c7alar Saat, Hesap Makinesi mevcuttur. \tSms Bildirim, M\u00fczik \u00c7alar gibi bir\u00e7ok \u00f6zelli\u011fe sahiptir.<\/p>\n","protected":false},"excerpt":{"rendered":"<p>M6 Ak\u0131ll\u0131 Bileklik Tansiyon, Ad\u0131m Sayar ve rahatl\u0131kla mesajlar\u0131 okuyabilirsiniz. Renkli, b\u00fcy\u00fck ve estetik ekrana sahip. Telefona gelen aramalar\u0131, mesajlar\u0131 g\u00f6sterir ve titreyerek uyar\u0131r. Bileklik \u00fczerinden telefonun kameras\u0131n\u0131 kumanda edebilirsiniz. Ad\u0131m say\u0131s\u0131n\u0131 otomatik olarak kaydeder ve yak\u0131lan kaloriyi hesaplar. Ya\u015fam ritminize uyan egzersiz program\u0131n\u0131 se\u00e7ebilirsiniz, Terleyerek kendinizi rahatlatabilirsiniz. Bilezik otomatik olarak uykunuzu alg\u0131lar ve bir&#8230;<\/p>\n","protected":false},"featured_media":113952,"comment_status":"open","ping_status":"closed","template":"","meta":{"_kad_post_transparent":"","_kad_post_title":"","_kad_post_layout":"","_kad_post_sidebar_id":"","_kad_post_content_style":"","_kad_post_vertical_padding":"","_kad_post_feature":"","_kad_post_feature_position":"","_kad_post_header":false,"_kad_post_footer":false,"_kad_post_classname":""},"product_brand":[],"product_cat":[14935],"product_tag":[],"class_list":{"0":"post-113953","1":"product","2":"type-product","3":"status-publish","4":"has-post-thumbnail","6":"product_cat-akilli-saatler-akilli-saatler","8":"first","9":"instock","10":"purchasable","11":"product-type-simple","12":"entry","13":"content-bg","14":"loop-entry"},"_links":{"self":[{"href":"https:\/\/www.hediyepazar.com\/index.php?rest_route=\/wp\/v2\/product\/113953","targetHints":{"allow":["GET"]}}],"collection":[{"href":"https:\/\/www.hediyepazar.com\/index.php?rest_route=\/wp\/v2\/product"}],"about":[{"href":"https:\/\/www.hediyepazar.com\/index.php?rest_route=\/wp\/v2\/types\/product"}],"replies":[{"embeddable":true,"href":"https:\/\/www.hediyepazar.com\/index.php?rest_route=%2Fwp%2Fv2%2Fcomments&post=113953"}],"wp:featuredmedia":[{"embeddable":true,"href":"https:\/\/www.hediyepazar.com\/index.php?rest_route=\/wp\/v2\/media\/113952"}],"wp:attachment":[{"href":"https:\/\/www.hediyepazar.com\/index.php?rest_route=%2Fwp%2Fv2%2Fmedia&parent=113953"}],"wp:term":[{"taxonomy":"product_brand","embeddable":true,"href":"https:\/\/www.hediyepazar.com\/index.php?rest_route=%2Fwp%2Fv2%2Fproduct_brand&post=113953"},{"taxonomy":"product_cat","embeddable":true,"href":"https:\/\/www.hediyepazar.com\/index.php?rest_route=%2Fwp%2Fv2%2Fproduct_cat&post=113953"},{"taxonomy":"product_tag","embeddable":true,"href":"https:\/\/www.hediyepazar.com\/index.php?rest_route=%2Fwp%2Fv2%2Fproduct_tag&post=113953"}],"curies":[{"name":"wp","href":"https:\/\/api.w.org\/{rel}","templated":true}]}}