{"id":113955,"date":"2026-05-05T12:03:28","date_gmt":"2026-05-05T15:03:28","guid":{"rendered":"https:\/\/www.hediyepazar.com\/?product=kts-1057-hoparlor-2"},"modified":"2026-05-05T12:03:28","modified_gmt":"2026-05-05T15:03:28","slug":"kts-1057-hoparlor-2","status":"publish","type":"product","link":"https:\/\/www.hediyepazar.com\/?product=kts-1057-hoparlor-2","title":{"rendered":"KTS 1057 HOPARL\u00d6R"},"content":{"rendered":"<p>Ta\u015f\u0131nabilir Hoparl\u00f6r 1057 Y\u00fcksek SesExtra Bass Ses Kalitesi Kablosuz Ba\u011flant\u0131 \u00e7ekim mesafesi 10 metre \u015earj edilebilir.Batarya FM Radyo: Var\u00dcr\u00fcn boyutlar\u0131: 10X8X14Radyo moduna ge\u00e7ti\u011finizde ilk olarak c\u0131z\u0131rt\u0131l\u0131 \u00e7ekiyorsa. -Play tu\u015funa 2 sn. bas\u0131l\u0131 tutarsan\u0131z kanal aramas\u0131 yapacakt\u0131r.Kanal aramas\u0131ndan sonra d\u00fczg\u00fcn bir radyo imkan\u0131 sunar.32 Gb Usb ve Sd Karta kadar destekler.Kutu i\u00e7eri\u011fi : \t1 Adet Hoparl\u00f6r \t1 Adet Micro Usb \u015earj Kablosu<\/p>\n","protected":false},"excerpt":{"rendered":"<p>Ta\u015f\u0131nabilir Hoparl\u00f6r 1057 Y\u00fcksek SesExtra Bass Ses Kalitesi Kablosuz Ba\u011flant\u0131 \u00e7ekim mesafesi 10 metre \u015earj edilebilir.Batarya FM Radyo: Var\u00dcr\u00fcn boyutlar\u0131: 10X8X14Radyo moduna ge\u00e7ti\u011finizde ilk olarak c\u0131z\u0131rt\u0131l\u0131 \u00e7ekiyorsa. -Play tu\u015funa 2 sn. bas\u0131l\u0131 tutarsan\u0131z kanal aramas\u0131 yapacakt\u0131r.Kanal aramas\u0131ndan sonra d\u00fczg\u00fcn bir radyo imkan\u0131 sunar.32 Gb Usb ve Sd Karta kadar destekler.Kutu i\u00e7eri\u011fi : 1 Adet Hoparl\u00f6r&#8230;<\/p>\n","protected":false},"featured_media":113954,"comment_status":"open","ping_status":"closed","template":"","meta":{"_kad_post_transparent":"","_kad_post_title":"","_kad_post_layout":"","_kad_post_sidebar_id":"","_kad_post_content_style":"","_kad_post_vertical_padding":"","_kad_post_feature":"","_kad_post_feature_position":"","_kad_post_header":false,"_kad_post_footer":false,"_kad_post_classname":""},"product_brand":[],"product_cat":[14911],"product_tag":[],"class_list":{"0":"post-113955","1":"product","2":"type-product","3":"status-publish","4":"has-post-thumbnail","6":"product_cat-kablosuz-hoparlor-kablosuz-hoparlor","8":"first","9":"instock","10":"purchasable","11":"product-type-simple","12":"entry","13":"content-bg","14":"loop-entry"},"_links":{"self":[{"href":"https:\/\/www.hediyepazar.com\/index.php?rest_route=\/wp\/v2\/product\/113955","targetHints":{"allow":["GET"]}}],"collection":[{"href":"https:\/\/www.hediyepazar.com\/index.php?rest_route=\/wp\/v2\/product"}],"about":[{"href":"https:\/\/www.hediyepazar.com\/index.php?rest_route=\/wp\/v2\/types\/product"}],"replies":[{"embeddable":true,"href":"https:\/\/www.hediyepazar.com\/index.php?rest_route=%2Fwp%2Fv2%2Fcomments&post=113955"}],"wp:featuredmedia":[{"embeddable":true,"href":"https:\/\/www.hediyepazar.com\/index.php?rest_route=\/wp\/v2\/media\/113954"}],"wp:attachment":[{"href":"https:\/\/www.hediyepazar.com\/index.php?rest_route=%2Fwp%2Fv2%2Fmedia&parent=113955"}],"wp:term":[{"taxonomy":"product_brand","embeddable":true,"href":"https:\/\/www.hediyepazar.com\/index.php?rest_route=%2Fwp%2Fv2%2Fproduct_brand&post=113955"},{"taxonomy":"product_cat","embeddable":true,"href":"https:\/\/www.hediyepazar.com\/index.php?rest_route=%2Fwp%2Fv2%2Fproduct_cat&post=113955"},{"taxonomy":"product_tag","embeddable":true,"href":"https:\/\/www.hediyepazar.com\/index.php?rest_route=%2Fwp%2Fv2%2Fproduct_tag&post=113955"}],"curies":[{"name":"wp","href":"https:\/\/api.w.org\/{rel}","templated":true}]}}