{"id":113957,"date":"2026-05-05T12:03:32","date_gmt":"2026-05-05T15:03:32","guid":{"rendered":"https:\/\/www.hediyepazar.com\/?product=yildizli-gokyuzu-efektli-projektorlu-masa-ve-gece-lambasi"},"modified":"2026-05-05T12:03:32","modified_gmt":"2026-05-05T15:03:32","slug":"yildizli-gokyuzu-efektli-projektorlu-masa-ve-gece-lambasi","status":"publish","type":"product","link":"https:\/\/www.hediyepazar.com\/?product=yildizli-gokyuzu-efektli-projektorlu-masa-ve-gece-lambasi","title":{"rendered":"Y\u0131ld\u0131zl\u0131 G\u00f6ky\u00fcz\u00fc Efektli Projekt\u00f6rl\u00fc Masa ve Gece Lambas\u0131"},"content":{"rendered":"<p>Bu \u00f6zel tasar\u0131m masa ve gece lambas\u0131, d\u00f6ner yap\u0131s\u0131 sayesinde odan\u0131z\u0131 hareketli y\u0131ld\u0131zlar ve gezegenlerle ayd\u0131nlat\u0131r. \u015eeffaf \u00fcst kapa\u011f\u0131 sayesinde \u0131\u015f\u0131\u011f\u0131 do\u011frudan ya da tavana yans\u0131tarak kullanabilirsiniz. \u00c7ocuklar\u0131n uykuya ge\u00e7i\u015fini kolayla\u015ft\u0131r\u0131rken, karanl\u0131k korkusunu da azalt\u0131r. I\u015f\u0131\u011f\u0131n yumu\u015fak yap\u0131s\u0131 g\u00f6zleri rahats\u0131z etmez. USB veya pil ile \u00e7al\u0131\u015fabilen bu lambayla geceler \u00e7ok daha b\u00fcy\u00fcleyici hale gelir.<\/p>\n","protected":false},"excerpt":{"rendered":"<p>Bu \u00f6zel tasar\u0131m masa ve gece lambas\u0131, d\u00f6ner yap\u0131s\u0131 sayesinde odan\u0131z\u0131 hareketli y\u0131ld\u0131zlar ve gezegenlerle ayd\u0131nlat\u0131r. \u015eeffaf \u00fcst kapa\u011f\u0131 sayesinde \u0131\u015f\u0131\u011f\u0131 do\u011frudan ya da tavana yans\u0131tarak kullanabilirsiniz. \u00c7ocuklar\u0131n uykuya ge\u00e7i\u015fini kolayla\u015ft\u0131r\u0131rken, karanl\u0131k korkusunu da azalt\u0131r. I\u015f\u0131\u011f\u0131n yumu\u015fak yap\u0131s\u0131 g\u00f6zleri rahats\u0131z etmez. USB veya pil ile \u00e7al\u0131\u015fabilen bu lambayla geceler \u00e7ok daha b\u00fcy\u00fcleyici hale gelir.<\/p>\n","protected":false},"featured_media":113956,"comment_status":"open","ping_status":"closed","template":"","meta":{"_kad_post_transparent":"","_kad_post_title":"","_kad_post_layout":"","_kad_post_sidebar_id":"","_kad_post_content_style":"","_kad_post_vertical_padding":"","_kad_post_feature":"","_kad_post_feature_position":"","_kad_post_header":false,"_kad_post_footer":false,"_kad_post_classname":""},"product_brand":[],"product_cat":[14967],"product_tag":[],"class_list":{"0":"post-113957","1":"product","2":"type-product","3":"status-publish","4":"has-post-thumbnail","6":"product_cat-gece-lambasi-gece-lambasi","8":"first","9":"instock","10":"purchasable","11":"product-type-simple","12":"entry","13":"content-bg","14":"loop-entry"},"_links":{"self":[{"href":"https:\/\/www.hediyepazar.com\/index.php?rest_route=\/wp\/v2\/product\/113957","targetHints":{"allow":["GET"]}}],"collection":[{"href":"https:\/\/www.hediyepazar.com\/index.php?rest_route=\/wp\/v2\/product"}],"about":[{"href":"https:\/\/www.hediyepazar.com\/index.php?rest_route=\/wp\/v2\/types\/product"}],"replies":[{"embeddable":true,"href":"https:\/\/www.hediyepazar.com\/index.php?rest_route=%2Fwp%2Fv2%2Fcomments&post=113957"}],"wp:featuredmedia":[{"embeddable":true,"href":"https:\/\/www.hediyepazar.com\/index.php?rest_route=\/wp\/v2\/media\/113956"}],"wp:attachment":[{"href":"https:\/\/www.hediyepazar.com\/index.php?rest_route=%2Fwp%2Fv2%2Fmedia&parent=113957"}],"wp:term":[{"taxonomy":"product_brand","embeddable":true,"href":"https:\/\/www.hediyepazar.com\/index.php?rest_route=%2Fwp%2Fv2%2Fproduct_brand&post=113957"},{"taxonomy":"product_cat","embeddable":true,"href":"https:\/\/www.hediyepazar.com\/index.php?rest_route=%2Fwp%2Fv2%2Fproduct_cat&post=113957"},{"taxonomy":"product_tag","embeddable":true,"href":"https:\/\/www.hediyepazar.com\/index.php?rest_route=%2Fwp%2Fv2%2Fproduct_tag&post=113957"}],"curies":[{"name":"wp","href":"https:\/\/api.w.org\/{rel}","templated":true}]}}