{"id":113962,"date":"2026-05-05T12:04:10","date_gmt":"2026-05-05T15:04:10","guid":{"rendered":"https:\/\/www.hediyepazar.com\/?product=powerbank-bluetooth-kulaklik-m12-2"},"modified":"2026-05-05T12:04:10","modified_gmt":"2026-05-05T15:04:10","slug":"powerbank-bluetooth-kulaklik-m12-2","status":"publish","type":"product","link":"https:\/\/www.hediyepazar.com\/?product=powerbank-bluetooth-kulaklik-m12-2","title":{"rendered":"Powerbank Bluetooth Kulakl\u0131k M12"},"content":{"rendered":"<p>Powerbank Bluetooth Kulakl\u0131k M12 \tKulakl\u0131k teknolojileri hem m\u00fczik dinlemek hem de oyun oynamak i\u00e7in s\u0131kl\u0131kla tercih edilir. \tKablosuz kulakl\u0131k da t\u00fcm kullan\u0131c\u0131lara hitap edecek \u015fekilde \u00fcst\u00fcn \u00f6zellikler bar\u0131nd\u0131r\u0131r. \tBluetooth 5.0 teknolojisi sayesinde \u00e7ok k\u0131sa s\u00fcrede ba\u011flant\u0131 sa\u011flar ve uzun menzilli kullan\u0131m imkan\u0131 tan\u0131r. \tRenkli tasar\u0131m\u0131 sayesinde canl\u0131 ve e\u011flenceli bir g\u00f6r\u00fcn\u00fcm olu\u015fturur. \tHem modern hem de dikkat \u00e7ekici bir g\u00f6r\u00fcn\u00fcm sunan model, mobil cihazlar ve bilgisayarlara ba\u011flanarak kullan\u0131labilir. \tSahip oldu\u011fu Bluetooth 5.0 teknolojisi ile son derece y\u00fcksek aktar\u0131m h\u0131zlar\u0131na \u00e7\u0131kan kulakl\u0131k \u00f6zellikle d\u00fc\u015f\u00fck gecikme s\u00fcreleri sayesinde dizi, film ve oyunlarda ses senkronizasyonunu optimize eder. \tBu \u015fekilde g\u00f6r\u00fcnt\u00fc ile ses ayn\u0131 anda gelir. \tSahip oldu\u011fu dahili mikrofon sayesinde online toplant\u0131 ve telefon g\u00f6r\u00fc\u015fmeleri i\u00e7in harika bir imkan sa\u011flar. \t\u015e\u0131k tasar\u0131m\u0131 ile dikkat \u00e7eken kulakl\u0131k modeli sahip oldu\u011fu pek \u00e7ok teknik \u00f6zellik sayesinde kullan\u0131c\u0131lara avantaj sa\u011flar. \tUzun s\u00fcreli pil \u00f6mr\u00fc ve pratik \u015farj imkan\u0131 sayesinde kesintisiz m\u00fczik imkan\u0131 sunan modelin \u00f6ne \u00e7\u0131kan birbirinden farkl\u0131 bir\u00e7ok \u00f6zelli\u011fi vard\u0131r. \tKablosuz kulakl\u0131klar\u0131n en \u00f6nemli \u00f6zelliklerinden biri kullan\u0131m s\u00fcresidir. \tBluetooth kulakl\u0131k modeli kesintisiz \u015fekilde 4 saate kadar kullan\u0131m \u00f6mr\u00fc sunar. \t\u00dcstelik d\u00fc\u015f\u00fck t\u00fcketim \u00f6zelli\u011fi sayesinde kullan\u0131m d\u0131\u015f\u0131 zamanlarda da enerji tasarrufu sa\u011flar. \tB\u00f6ylece kulakl\u0131\u011f\u0131n bo\u015fta oldu\u011fu durumlarda enerji t\u00fcketimi minimum seviyelere indirilir. \tBa\u011flant\u0131 kesilerek kutusuna yerle\u015ftirildikten sonra da an\u0131nda \u015farj olmaya ba\u015flar. \tBu \u015fekilde kulaklar\u0131 g\u00fcn i\u00e7inde kullanmad\u0131\u011f\u0131n\u0131z her an \u015farj edebilirsiniz. \tTa\u015f\u0131ma kutusunda anl\u0131k olarak \u015farj olan kulakl\u0131klar her kullan\u0131m \u00f6ncesinde tam kapasite dolu olarak kutusundan \u00e7\u0131kar. \tKulakl\u0131\u011f\u0131n farkl\u0131 fonksiyonlar\u0131n\u0131n kontrol etmek i\u00e7in her bir kulakl\u0131\u011f\u0131n \u00fcst y\u00fczeyinde dokunmatik \u00f6zellikle komut ekran\u0131 bulunur. \tBu ekran sayesinde m\u00fczi\u011fi ba\u015flatabilir ya da durdurabilirsiniz. \tAyn\u0131 zamanda yine ayn\u0131 \u015fekilde gelen \u00e7a\u011fr\u0131lar\u0131 cevaplayabilir ve sonland\u0131rabilirsiniz. \t\u00dcstelik kulakl\u0131\u011f\u0131n sahip oldu\u011fu dahili mikrofon son derece y\u00fcksek hassasiyete sahiptir. \tB\u00f6ylece g\u00fcr\u00fclt\u00fcl\u00fc ortamlarda bile sesinizi en iyi \u015fekilde ay\u0131rt eder ve alg\u0131lar. \tKonu\u015fmalar s\u0131ras\u0131nda \u00e7evrede bulunan g\u00fcr\u00fclt\u00fclerin kar\u015f\u0131 tarafa aktar\u0131lmas\u0131n\u0131 engellemek i\u00e7in g\u00fcr\u00fclt\u00fc azalt\u0131c\u0131 \u00f6zelli\u011fe de sahiptir. \tBuna ek olarak kalabal\u0131k ve g\u00fcr\u00fclt\u00fcl\u00fc ortamlarda m\u00fczik dinlerken d\u0131\u015f ortamdan gelen seslerin i\u00e7eri girmesini engellemek i\u00e7in tasarlanm\u0131\u015f aktif g\u00fcr\u00fclt\u00fc engelleme \u00f6zelli\u011fi sayesinde pratik kullan\u0131m imkan\u0131 elde edebilirsiniz.<\/p>\n","protected":false},"excerpt":{"rendered":"<p>Powerbank Bluetooth Kulakl\u0131k M12 Kulakl\u0131k teknolojileri hem m\u00fczik dinlemek hem de oyun oynamak i\u00e7in s\u0131kl\u0131kla tercih edilir. Kablosuz kulakl\u0131k da t\u00fcm kullan\u0131c\u0131lara hitap edecek \u015fekilde \u00fcst\u00fcn \u00f6zellikler bar\u0131nd\u0131r\u0131r. Bluetooth 5.0 teknolojisi sayesinde \u00e7ok k\u0131sa s\u00fcrede ba\u011flant\u0131 sa\u011flar ve uzun menzilli kullan\u0131m imkan\u0131 tan\u0131r. Renkli tasar\u0131m\u0131 sayesinde canl\u0131 ve e\u011flenceli bir g\u00f6r\u00fcn\u00fcm olu\u015fturur. Hem modern hem&#8230;<\/p>\n","protected":false},"featured_media":113961,"comment_status":"open","ping_status":"closed","template":"","meta":{"_kad_post_transparent":"","_kad_post_title":"","_kad_post_layout":"","_kad_post_sidebar_id":"","_kad_post_content_style":"","_kad_post_vertical_padding":"","_kad_post_feature":"","_kad_post_feature_position":"","_kad_post_header":false,"_kad_post_footer":false,"_kad_post_classname":""},"product_brand":[],"product_cat":[14957],"product_tag":[],"class_list":{"0":"post-113962","1":"product","2":"type-product","3":"status-publish","4":"has-post-thumbnail","6":"product_cat-kablosuz-kulaklik-kablosuz-kulaklik","8":"first","9":"instock","10":"purchasable","11":"product-type-simple","12":"entry","13":"content-bg","14":"loop-entry"},"_links":{"self":[{"href":"https:\/\/www.hediyepazar.com\/index.php?rest_route=\/wp\/v2\/product\/113962","targetHints":{"allow":["GET"]}}],"collection":[{"href":"https:\/\/www.hediyepazar.com\/index.php?rest_route=\/wp\/v2\/product"}],"about":[{"href":"https:\/\/www.hediyepazar.com\/index.php?rest_route=\/wp\/v2\/types\/product"}],"replies":[{"embeddable":true,"href":"https:\/\/www.hediyepazar.com\/index.php?rest_route=%2Fwp%2Fv2%2Fcomments&post=113962"}],"wp:featuredmedia":[{"embeddable":true,"href":"https:\/\/www.hediyepazar.com\/index.php?rest_route=\/wp\/v2\/media\/113961"}],"wp:attachment":[{"href":"https:\/\/www.hediyepazar.com\/index.php?rest_route=%2Fwp%2Fv2%2Fmedia&parent=113962"}],"wp:term":[{"taxonomy":"product_brand","embeddable":true,"href":"https:\/\/www.hediyepazar.com\/index.php?rest_route=%2Fwp%2Fv2%2Fproduct_brand&post=113962"},{"taxonomy":"product_cat","embeddable":true,"href":"https:\/\/www.hediyepazar.com\/index.php?rest_route=%2Fwp%2Fv2%2Fproduct_cat&post=113962"},{"taxonomy":"product_tag","embeddable":true,"href":"https:\/\/www.hediyepazar.com\/index.php?rest_route=%2Fwp%2Fv2%2Fproduct_tag&post=113962"}],"curies":[{"name":"wp","href":"https:\/\/api.w.org\/{rel}","templated":true}]}}