{"id":113968,"date":"2026-05-05T12:04:30","date_gmt":"2026-05-05T15:04:30","guid":{"rendered":"https:\/\/www.hediyepazar.com\/?product=e10-powerbank-bluetooth-kulaklik-dusuk-gecikmeli-oyun-ve-muzik-deneyimi"},"modified":"2026-05-05T12:04:30","modified_gmt":"2026-05-05T15:04:30","slug":"e10-powerbank-bluetooth-kulaklik-dusuk-gecikmeli-oyun-ve-muzik-deneyimi","status":"publish","type":"product","link":"https:\/\/www.hediyepazar.com\/?product=e10-powerbank-bluetooth-kulaklik-dusuk-gecikmeli-oyun-ve-muzik-deneyimi","title":{"rendered":"E10 Powerbank Bluetooth Kulakl\u0131k \u2013 D\u00fc\u015f\u00fck Gecikmeli Oyun ve M\u00fczik Deneyimi"},"content":{"rendered":"<p>E10 kablosuz Bluetooth kulakl\u0131k, oyunseverler ve m\u00fczik tutkunlar\u0131 i\u00e7in \u00f6zel olarak tasarland\u0131. Geli\u015fmi\u015f Bluetooth 5.1 teknolojisi sayesinde ba\u011flant\u0131 kopmadan, ses gecikmesi olmadan net bir deneyim sunar. -33 ms mikrofon gecikmesi ve SBC\/AAC \u00e7ift kodlama teknolojisiyle oyunlarda anl\u0131k ses aktar\u0131m\u0131 sa\u011flar, rakiplerinizden bir ad\u0131m \u00f6nde olman\u0131z\u0131 garantiler. S\u00fcper 3D ses kalitesi, oyun ve m\u00fczik s\u0131ras\u0131nda sizi i\u00e7ine \u00e7eken bir atmosfer yarat\u0131r. Ergonomik tasar\u0131m\u0131, uzun s\u00fcreli kullan\u0131mlarda bile kula\u011fa rahat\u00e7a oturur. Spor, y\u00fcr\u00fcy\u00fc\u015f veya oyun maratonlar\u0131 i\u00e7in ideal bir konfor sunar. Powerbank \u00f6zellikli \u015farj kutusu, kulakl\u0131klar\u0131n\u0131z\u0131 defalarca \u015farj etmenize olanak tan\u0131r; LED g\u00f6stergesiyle batarya seviyesini anl\u0131k olarak takip edebilirsiniz. Su ge\u00e7irmez tasar\u0131m\u0131 sayesinde ter veya ya\u011fmurda g\u00fcvenle kullan\u0131labilir.<\/p>\n","protected":false},"excerpt":{"rendered":"<p>E10 kablosuz Bluetooth kulakl\u0131k, oyunseverler ve m\u00fczik tutkunlar\u0131 i\u00e7in \u00f6zel olarak tasarland\u0131. Geli\u015fmi\u015f Bluetooth 5.1 teknolojisi sayesinde ba\u011flant\u0131 kopmadan, ses gecikmesi olmadan net bir deneyim sunar. -33 ms mikrofon gecikmesi ve SBC\/AAC \u00e7ift kodlama teknolojisiyle oyunlarda anl\u0131k ses aktar\u0131m\u0131 sa\u011flar, rakiplerinizden bir ad\u0131m \u00f6nde olman\u0131z\u0131 garantiler. S\u00fcper 3D ses kalitesi, oyun ve m\u00fczik s\u0131ras\u0131nda sizi&#8230;<\/p>\n","protected":false},"featured_media":113967,"comment_status":"open","ping_status":"closed","template":"","meta":{"_kad_post_transparent":"","_kad_post_title":"","_kad_post_layout":"","_kad_post_sidebar_id":"","_kad_post_content_style":"","_kad_post_vertical_padding":"","_kad_post_feature":"","_kad_post_feature_position":"","_kad_post_header":false,"_kad_post_footer":false,"_kad_post_classname":""},"product_brand":[],"product_cat":[14957],"product_tag":[],"class_list":{"0":"post-113968","1":"product","2":"type-product","3":"status-publish","4":"has-post-thumbnail","6":"product_cat-kablosuz-kulaklik-kablosuz-kulaklik","8":"first","9":"instock","10":"purchasable","11":"product-type-simple","12":"entry","13":"content-bg","14":"loop-entry"},"_links":{"self":[{"href":"https:\/\/www.hediyepazar.com\/index.php?rest_route=\/wp\/v2\/product\/113968","targetHints":{"allow":["GET"]}}],"collection":[{"href":"https:\/\/www.hediyepazar.com\/index.php?rest_route=\/wp\/v2\/product"}],"about":[{"href":"https:\/\/www.hediyepazar.com\/index.php?rest_route=\/wp\/v2\/types\/product"}],"replies":[{"embeddable":true,"href":"https:\/\/www.hediyepazar.com\/index.php?rest_route=%2Fwp%2Fv2%2Fcomments&post=113968"}],"wp:featuredmedia":[{"embeddable":true,"href":"https:\/\/www.hediyepazar.com\/index.php?rest_route=\/wp\/v2\/media\/113967"}],"wp:attachment":[{"href":"https:\/\/www.hediyepazar.com\/index.php?rest_route=%2Fwp%2Fv2%2Fmedia&parent=113968"}],"wp:term":[{"taxonomy":"product_brand","embeddable":true,"href":"https:\/\/www.hediyepazar.com\/index.php?rest_route=%2Fwp%2Fv2%2Fproduct_brand&post=113968"},{"taxonomy":"product_cat","embeddable":true,"href":"https:\/\/www.hediyepazar.com\/index.php?rest_route=%2Fwp%2Fv2%2Fproduct_cat&post=113968"},{"taxonomy":"product_tag","embeddable":true,"href":"https:\/\/www.hediyepazar.com\/index.php?rest_route=%2Fwp%2Fv2%2Fproduct_tag&post=113968"}],"curies":[{"name":"wp","href":"https:\/\/api.w.org\/{rel}","templated":true}]}}