{"id":114016,"date":"2026-05-05T12:07:12","date_gmt":"2026-05-05T15:07:12","guid":{"rendered":"https:\/\/www.hediyepazar.com\/?product=derma-roller-titanyum-igneli-cilt-yenileyici-akne-ve-kirisiklik-karsiti"},"modified":"2026-05-05T12:07:12","modified_gmt":"2026-05-05T15:07:12","slug":"derma-roller-titanyum-igneli-cilt-yenileyici-akne-ve-kirisiklik-karsiti","status":"publish","type":"product","link":"https:\/\/www.hediyepazar.com\/?product=derma-roller-titanyum-igneli-cilt-yenileyici-akne-ve-kirisiklik-karsiti","title":{"rendered":"Derma Roller Titanyum \u0130\u011fneli Cilt Yenileyici \u2013 Akne ve K\u0131r\u0131\u015f\u0131kl\u0131k Kar\u015f\u0131t\u0131"},"content":{"rendered":"<p>Derma Roller, cilt yenileme ve gen\u00e7le\u015ftirme alan\u0131nda kullan\u0131lan profesyonel bir bak\u0131m cihaz\u0131d\u0131r. Paslanmaz \u00e7elikten veya titanyumdan \u00fcretilmi\u015f ince i\u011fneler, cildin \u00fcst tabakas\u0131 olan stratum korneum\u2019a nazik\u00e7e n\u00fcfuz ederek y\u00fczlerce mikro kanal olu\u015fturur. Bu mikro delikler, cilt bak\u0131m \u00fcr\u00fcnlerinin ve serumlar\u0131n daha derin tabakalara ula\u015fmas\u0131n\u0131 sa\u011flar. Uygulama sonras\u0131 kan dola\u015f\u0131m\u0131n\u0131 h\u0131zland\u0131rarak kolajen ve elastin \u00fcretimini art\u0131r\u0131r. D\u00fczenli kullan\u0131mda cilt daha canl\u0131, s\u0131k\u0131 ve p\u00fcr\u00fczs\u00fcz bir g\u00f6r\u00fcn\u00fcme kavu\u015fur. Akne izleri, k\u0131r\u0131\u015f\u0131kl\u0131klar, g\u00fcne\u015f lekeleri ve ya\u015flanma belirtilerini azaltmaya yard\u0131mc\u0131 olur. Ayr\u0131ca sa\u00e7 derisinde kullan\u0131ld\u0131\u011f\u0131nda sa\u00e7 k\u00f6klerini canland\u0131r\u0131r ve d\u00f6k\u00fclmeyi azalt\u0131r.<\/p>\n","protected":false},"excerpt":{"rendered":"<p>Derma Roller, cilt yenileme ve gen\u00e7le\u015ftirme alan\u0131nda kullan\u0131lan profesyonel bir bak\u0131m cihaz\u0131d\u0131r. Paslanmaz \u00e7elikten veya titanyumdan \u00fcretilmi\u015f ince i\u011fneler, cildin \u00fcst tabakas\u0131 olan stratum korneum\u2019a nazik\u00e7e n\u00fcfuz ederek y\u00fczlerce mikro kanal olu\u015fturur. Bu mikro delikler, cilt bak\u0131m \u00fcr\u00fcnlerinin ve serumlar\u0131n daha derin tabakalara ula\u015fmas\u0131n\u0131 sa\u011flar. Uygulama sonras\u0131 kan dola\u015f\u0131m\u0131n\u0131 h\u0131zland\u0131rarak kolajen ve elastin \u00fcretimini art\u0131r\u0131r&#8230;.<\/p>\n","protected":false},"featured_media":114015,"comment_status":"open","ping_status":"closed","template":"","meta":{"_kad_post_transparent":"","_kad_post_title":"","_kad_post_layout":"","_kad_post_sidebar_id":"","_kad_post_content_style":"","_kad_post_vertical_padding":"","_kad_post_feature":"","_kad_post_feature_position":"","_kad_post_header":false,"_kad_post_footer":false,"_kad_post_classname":""},"product_brand":[],"product_cat":[14923],"product_tag":[],"class_list":{"0":"post-114016","1":"product","2":"type-product","3":"status-publish","4":"has-post-thumbnail","6":"product_cat-dermaroller-dermaroller","8":"first","9":"instock","10":"purchasable","11":"product-type-simple","12":"entry","13":"content-bg","14":"loop-entry"},"_links":{"self":[{"href":"https:\/\/www.hediyepazar.com\/index.php?rest_route=\/wp\/v2\/product\/114016","targetHints":{"allow":["GET"]}}],"collection":[{"href":"https:\/\/www.hediyepazar.com\/index.php?rest_route=\/wp\/v2\/product"}],"about":[{"href":"https:\/\/www.hediyepazar.com\/index.php?rest_route=\/wp\/v2\/types\/product"}],"replies":[{"embeddable":true,"href":"https:\/\/www.hediyepazar.com\/index.php?rest_route=%2Fwp%2Fv2%2Fcomments&post=114016"}],"wp:featuredmedia":[{"embeddable":true,"href":"https:\/\/www.hediyepazar.com\/index.php?rest_route=\/wp\/v2\/media\/114015"}],"wp:attachment":[{"href":"https:\/\/www.hediyepazar.com\/index.php?rest_route=%2Fwp%2Fv2%2Fmedia&parent=114016"}],"wp:term":[{"taxonomy":"product_brand","embeddable":true,"href":"https:\/\/www.hediyepazar.com\/index.php?rest_route=%2Fwp%2Fv2%2Fproduct_brand&post=114016"},{"taxonomy":"product_cat","embeddable":true,"href":"https:\/\/www.hediyepazar.com\/index.php?rest_route=%2Fwp%2Fv2%2Fproduct_cat&post=114016"},{"taxonomy":"product_tag","embeddable":true,"href":"https:\/\/www.hediyepazar.com\/index.php?rest_route=%2Fwp%2Fv2%2Fproduct_tag&post=114016"}],"curies":[{"name":"wp","href":"https:\/\/api.w.org\/{rel}","templated":true}]}}