{"id":114044,"date":"2026-05-05T12:09:24","date_gmt":"2026-05-05T15:09:24","guid":{"rendered":"https:\/\/www.hediyepazar.com\/?product=nostaljik-gramofon-bluetooth-hoparlor-fm-radyo-usb-sd-kart-destekli"},"modified":"2026-05-05T12:09:24","modified_gmt":"2026-05-05T15:09:24","slug":"nostaljik-gramofon-bluetooth-hoparlor-fm-radyo-usb-sd-kart-destekli","status":"publish","type":"product","link":"https:\/\/www.hediyepazar.com\/?product=nostaljik-gramofon-bluetooth-hoparlor-fm-radyo-usb-sd-kart-destekli","title":{"rendered":"Nostaljik Gramofon Bluetooth Hoparl\u00f6r \u2013 FM Radyo + USB + SD Kart Destekli"},"content":{"rendered":"<p>Hoparl\u00f6r, 1800 mAh kapasitesindeki bataryas\u0131yla uzun s\u00fcreli performans sunar. Yakla\u015f\u0131k 1 saat i\u00e7inde tam \u015farj olur ve ses seviyesine ba\u011fl\u0131 olarak 5 ila 24 saat aras\u0131 kesintisiz m\u00fczik deneyimi sa\u011flar.USB kablosu, AUX giri\u015fi ve SD kart deste\u011fiyle farkl\u0131 cihazlardan m\u00fczik \u00e7alabilirsiniz. Ayr\u0131ca FM radyo \u00f6zelli\u011fi sayesinde sevdi\u011finiz yay\u0131nlar\u0131 dinleyebilir, mikrofon \u00f6zelli\u011fiyle eller serbest g\u00f6r\u00fc\u015fmeler yapabilirsiniz.<\/p>\n","protected":false},"excerpt":{"rendered":"<p>Hoparl\u00f6r, 1800 mAh kapasitesindeki bataryas\u0131yla uzun s\u00fcreli performans sunar. Yakla\u015f\u0131k 1 saat i\u00e7inde tam \u015farj olur ve ses seviyesine ba\u011fl\u0131 olarak 5 ila 24 saat aras\u0131 kesintisiz m\u00fczik deneyimi sa\u011flar.USB kablosu, AUX giri\u015fi ve SD kart deste\u011fiyle farkl\u0131 cihazlardan m\u00fczik \u00e7alabilirsiniz. Ayr\u0131ca FM radyo \u00f6zelli\u011fi sayesinde sevdi\u011finiz yay\u0131nlar\u0131 dinleyebilir, mikrofon \u00f6zelli\u011fiyle eller serbest g\u00f6r\u00fc\u015fmeler yapabilirsiniz.<\/p>\n","protected":false},"featured_media":114043,"comment_status":"open","ping_status":"closed","template":"","meta":{"_kad_post_transparent":"","_kad_post_title":"","_kad_post_layout":"","_kad_post_sidebar_id":"","_kad_post_content_style":"","_kad_post_vertical_padding":"","_kad_post_feature":"","_kad_post_feature_position":"","_kad_post_header":false,"_kad_post_footer":false,"_kad_post_classname":""},"product_brand":[],"product_cat":[14929],"product_tag":[],"class_list":{"0":"post-114044","1":"product","2":"type-product","3":"status-publish","4":"has-post-thumbnail","6":"product_cat-muzik-sistemi-muzik-sistemi","8":"first","9":"instock","10":"purchasable","11":"product-type-simple","12":"entry","13":"content-bg","14":"loop-entry"},"_links":{"self":[{"href":"https:\/\/www.hediyepazar.com\/index.php?rest_route=\/wp\/v2\/product\/114044","targetHints":{"allow":["GET"]}}],"collection":[{"href":"https:\/\/www.hediyepazar.com\/index.php?rest_route=\/wp\/v2\/product"}],"about":[{"href":"https:\/\/www.hediyepazar.com\/index.php?rest_route=\/wp\/v2\/types\/product"}],"replies":[{"embeddable":true,"href":"https:\/\/www.hediyepazar.com\/index.php?rest_route=%2Fwp%2Fv2%2Fcomments&post=114044"}],"wp:featuredmedia":[{"embeddable":true,"href":"https:\/\/www.hediyepazar.com\/index.php?rest_route=\/wp\/v2\/media\/114043"}],"wp:attachment":[{"href":"https:\/\/www.hediyepazar.com\/index.php?rest_route=%2Fwp%2Fv2%2Fmedia&parent=114044"}],"wp:term":[{"taxonomy":"product_brand","embeddable":true,"href":"https:\/\/www.hediyepazar.com\/index.php?rest_route=%2Fwp%2Fv2%2Fproduct_brand&post=114044"},{"taxonomy":"product_cat","embeddable":true,"href":"https:\/\/www.hediyepazar.com\/index.php?rest_route=%2Fwp%2Fv2%2Fproduct_cat&post=114044"},{"taxonomy":"product_tag","embeddable":true,"href":"https:\/\/www.hediyepazar.com\/index.php?rest_route=%2Fwp%2Fv2%2Fproduct_tag&post=114044"}],"curies":[{"name":"wp","href":"https:\/\/api.w.org\/{rel}","templated":true}]}}