{"id":114064,"date":"2026-05-05T12:10:39","date_gmt":"2026-05-05T15:10:39","guid":{"rendered":"https:\/\/www.hediyepazar.com\/?product=mikrofonlu-oyun-kulakligi-mavi-isikli-uzun-sure-konforlu-kullanim"},"modified":"2026-05-05T12:10:39","modified_gmt":"2026-05-05T15:10:39","slug":"mikrofonlu-oyun-kulakligi-mavi-isikli-uzun-sure-konforlu-kullanim","status":"publish","type":"product","link":"https:\/\/www.hediyepazar.com\/?product=mikrofonlu-oyun-kulakligi-mavi-isikli-uzun-sure-konforlu-kullanim","title":{"rendered":"Mikrofonlu Oyun Kulakl\u0131\u011f\u0131 \u2013 Mavi I\u015f\u0131kl\u0131 Uzun S\u00fcre Konforlu Kullan\u0131m"},"content":{"rendered":"<p>Dahili mikrofonu, oyun s\u0131ras\u0131nda tak\u0131m arkada\u015flar\u0131nla net ve anla\u015f\u0131l\u0131r ileti\u015fim kurman\u0131 sa\u011flar. G\u00fcr\u00fclt\u00fc engelleyici mikrofon yap\u0131s\u0131, sesini d\u0131\u015f etkenlerden izole eder. Online g\u00f6r\u00fc\u015fmelerde veya yay\u0131nlarda da profesyonel ses kalitesi sunar.<\/p>\n","protected":false},"excerpt":{"rendered":"<p>Dahili mikrofonu, oyun s\u0131ras\u0131nda tak\u0131m arkada\u015flar\u0131nla net ve anla\u015f\u0131l\u0131r ileti\u015fim kurman\u0131 sa\u011flar. G\u00fcr\u00fclt\u00fc engelleyici mikrofon yap\u0131s\u0131, sesini d\u0131\u015f etkenlerden izole eder. Online g\u00f6r\u00fc\u015fmelerde veya yay\u0131nlarda da profesyonel ses kalitesi sunar.<\/p>\n","protected":false},"featured_media":114063,"comment_status":"open","ping_status":"closed","template":"","meta":{"_kad_post_transparent":"","_kad_post_title":"","_kad_post_layout":"","_kad_post_sidebar_id":"","_kad_post_content_style":"","_kad_post_vertical_padding":"","_kad_post_feature":"","_kad_post_feature_position":"","_kad_post_header":false,"_kad_post_footer":false,"_kad_post_classname":""},"product_brand":[],"product_cat":[14957],"product_tag":[],"class_list":{"0":"post-114064","1":"product","2":"type-product","3":"status-publish","4":"has-post-thumbnail","6":"product_cat-kablosuz-kulaklik-kablosuz-kulaklik","8":"first","9":"instock","10":"purchasable","11":"product-type-simple","12":"entry","13":"content-bg","14":"loop-entry"},"_links":{"self":[{"href":"https:\/\/www.hediyepazar.com\/index.php?rest_route=\/wp\/v2\/product\/114064","targetHints":{"allow":["GET"]}}],"collection":[{"href":"https:\/\/www.hediyepazar.com\/index.php?rest_route=\/wp\/v2\/product"}],"about":[{"href":"https:\/\/www.hediyepazar.com\/index.php?rest_route=\/wp\/v2\/types\/product"}],"replies":[{"embeddable":true,"href":"https:\/\/www.hediyepazar.com\/index.php?rest_route=%2Fwp%2Fv2%2Fcomments&post=114064"}],"wp:featuredmedia":[{"embeddable":true,"href":"https:\/\/www.hediyepazar.com\/index.php?rest_route=\/wp\/v2\/media\/114063"}],"wp:attachment":[{"href":"https:\/\/www.hediyepazar.com\/index.php?rest_route=%2Fwp%2Fv2%2Fmedia&parent=114064"}],"wp:term":[{"taxonomy":"product_brand","embeddable":true,"href":"https:\/\/www.hediyepazar.com\/index.php?rest_route=%2Fwp%2Fv2%2Fproduct_brand&post=114064"},{"taxonomy":"product_cat","embeddable":true,"href":"https:\/\/www.hediyepazar.com\/index.php?rest_route=%2Fwp%2Fv2%2Fproduct_cat&post=114064"},{"taxonomy":"product_tag","embeddable":true,"href":"https:\/\/www.hediyepazar.com\/index.php?rest_route=%2Fwp%2Fv2%2Fproduct_tag&post=114064"}],"curies":[{"name":"wp","href":"https:\/\/api.w.org\/{rel}","templated":true}]}}