{"id":114068,"date":"2026-05-05T12:11:00","date_gmt":"2026-05-05T15:11:00","guid":{"rendered":"https:\/\/www.hediyepazar.com\/?product=kablolu-gaming-headset-net-ses-ayrimi-ve-ayarlanabilir-konfor"},"modified":"2026-05-05T12:11:00","modified_gmt":"2026-05-05T15:11:00","slug":"kablolu-gaming-headset-net-ses-ayrimi-ve-ayarlanabilir-konfor","status":"publish","type":"product","link":"https:\/\/www.hediyepazar.com\/?product=kablolu-gaming-headset-net-ses-ayrimi-ve-ayarlanabilir-konfor","title":{"rendered":"Kablolu Gaming Headset \u2013 Net Ses Ayr\u0131m\u0131 ve Ayarlanabilir Konfor"},"content":{"rendered":"<p>Ayarlanabilir kafa band\u0131, farkl\u0131 ba\u015f yap\u0131lar\u0131na tam uyum sa\u011flar. Yumu\u015fak dolgulu kulak pedleri kulaklar\u0131n\u0131 tamamen sararak d\u0131\u015f sesleri izole eder. Terletmeyen ve bask\u0131 yapmayan ergonomik tasar\u0131m\u0131yla uzun oyun oturumlar\u0131nda bile rahats\u0131zl\u0131k hissetmeden kullan\u0131m imk\u00e2n\u0131 sunar.<\/p>\n","protected":false},"excerpt":{"rendered":"<p>Ayarlanabilir kafa band\u0131, farkl\u0131 ba\u015f yap\u0131lar\u0131na tam uyum sa\u011flar. Yumu\u015fak dolgulu kulak pedleri kulaklar\u0131n\u0131 tamamen sararak d\u0131\u015f sesleri izole eder. Terletmeyen ve bask\u0131 yapmayan ergonomik tasar\u0131m\u0131yla uzun oyun oturumlar\u0131nda bile rahats\u0131zl\u0131k hissetmeden kullan\u0131m imk\u00e2n\u0131 sunar.<\/p>\n","protected":false},"featured_media":114067,"comment_status":"open","ping_status":"closed","template":"","meta":{"_kad_post_transparent":"","_kad_post_title":"","_kad_post_layout":"","_kad_post_sidebar_id":"","_kad_post_content_style":"","_kad_post_vertical_padding":"","_kad_post_feature":"","_kad_post_feature_position":"","_kad_post_header":false,"_kad_post_footer":false,"_kad_post_classname":""},"product_brand":[],"product_cat":[14957],"product_tag":[],"class_list":{"0":"post-114068","1":"product","2":"type-product","3":"status-publish","4":"has-post-thumbnail","6":"product_cat-kablosuz-kulaklik-kablosuz-kulaklik","8":"first","9":"instock","10":"purchasable","11":"product-type-simple","12":"entry","13":"content-bg","14":"loop-entry"},"_links":{"self":[{"href":"https:\/\/www.hediyepazar.com\/index.php?rest_route=\/wp\/v2\/product\/114068","targetHints":{"allow":["GET"]}}],"collection":[{"href":"https:\/\/www.hediyepazar.com\/index.php?rest_route=\/wp\/v2\/product"}],"about":[{"href":"https:\/\/www.hediyepazar.com\/index.php?rest_route=\/wp\/v2\/types\/product"}],"replies":[{"embeddable":true,"href":"https:\/\/www.hediyepazar.com\/index.php?rest_route=%2Fwp%2Fv2%2Fcomments&post=114068"}],"wp:featuredmedia":[{"embeddable":true,"href":"https:\/\/www.hediyepazar.com\/index.php?rest_route=\/wp\/v2\/media\/114067"}],"wp:attachment":[{"href":"https:\/\/www.hediyepazar.com\/index.php?rest_route=%2Fwp%2Fv2%2Fmedia&parent=114068"}],"wp:term":[{"taxonomy":"product_brand","embeddable":true,"href":"https:\/\/www.hediyepazar.com\/index.php?rest_route=%2Fwp%2Fv2%2Fproduct_brand&post=114068"},{"taxonomy":"product_cat","embeddable":true,"href":"https:\/\/www.hediyepazar.com\/index.php?rest_route=%2Fwp%2Fv2%2Fproduct_cat&post=114068"},{"taxonomy":"product_tag","embeddable":true,"href":"https:\/\/www.hediyepazar.com\/index.php?rest_route=%2Fwp%2Fv2%2Fproduct_tag&post=114068"}],"curies":[{"name":"wp","href":"https:\/\/api.w.org\/{rel}","templated":true}]}}