{"id":114072,"date":"2026-05-05T12:11:25","date_gmt":"2026-05-05T15:11:25","guid":{"rendered":"https:\/\/www.hediyepazar.com\/?product=stereo-mikrofonlu-kablolu-oyun-kulakligi-konforlu-ve-net-ses-iletimi"},"modified":"2026-05-05T12:11:25","modified_gmt":"2026-05-05T15:11:25","slug":"stereo-mikrofonlu-kablolu-oyun-kulakligi-konforlu-ve-net-ses-iletimi","status":"publish","type":"product","link":"https:\/\/www.hediyepazar.com\/?product=stereo-mikrofonlu-kablolu-oyun-kulakligi-konforlu-ve-net-ses-iletimi","title":{"rendered":"Stereo Mikrofonlu Kablolu Oyun Kulakl\u0131\u011f\u0131 \u2013 Konforlu ve Net Ses \u0130letimi"},"content":{"rendered":"<p>Bu stereo oyun kulakl\u0131\u011f\u0131, net sa\u011f-sol ses ayr\u0131m\u0131 ve g\u00fc\u00e7l\u00fc bas dengesiyle oyunlar\u0131n atmosferini en ince detay\u0131na kadar hissetmenizi sa\u011flar. M\u00fczik dinlerken de zengin ses yelpazesiyle y\u00fcksek kaliteli bir deneyim sunar. Kulakl\u0131\u011f\u0131 bilgisayar, laptop ve uyumlu di\u011fer cihazlara kolayca ba\u011flayabilir, kablolu ba\u011flant\u0131n\u0131n sundu\u011fu kesintisiz performans\u0131n keyfini \u00e7\u0131karabilirsiniz.Ayarlanabilir kafa band\u0131 sayesinde farkl\u0131 ba\u015f yap\u0131lar\u0131na rahat\u00e7a uyum sa\u011flar. Yumu\u015fak dolgulu kulak yast\u0131klar\u0131, kulaklar\u0131 tamamen sararak uzun s\u00fcreli kullan\u0131mlarda bile konfor sa\u011flar. Ergonomik yap\u0131s\u0131, saatler s\u00fcren oyun oturumlar\u0131nda bile rahats\u0131zl\u0131k hissini ortadan kald\u0131r\u0131r.Dayan\u0131kl\u0131 ipli kablosu, uzun s\u00fcreli kullan\u0131mlarda kopma ve b\u00fck\u00fclmelere kar\u015f\u0131 dayan\u0131kl\u0131l\u0131k g\u00f6sterir. Dahili mikrofonu sayesinde oyun i\u00e7i tak\u0131m arkada\u015flar\u0131n\u0131zla ya da \u00e7evrimi\u00e7i g\u00f6r\u00fc\u015fmelerde net ve anla\u015f\u0131l\u0131r kalite.Modern ve sade mavi tasar\u0131m\u0131yla \u015f\u0131kl\u0131\u011f\u0131 da elden b\u0131rakmayan bu kulakl\u0131k, fonksiyonellik ile esteti\u011fi bir araya getirir. Oyun tutkunlar\u0131ndan m\u00fczik severlere kadar her kullan\u0131c\u0131 i\u00e7in ideal bir ses \u00e7\u00f6z\u00fcm\u00fcd\u00fcr.<\/p>\n","protected":false},"excerpt":{"rendered":"<p>Bu stereo oyun kulakl\u0131\u011f\u0131, net sa\u011f-sol ses ayr\u0131m\u0131 ve g\u00fc\u00e7l\u00fc bas dengesiyle oyunlar\u0131n atmosferini en ince detay\u0131na kadar hissetmenizi sa\u011flar. M\u00fczik dinlerken de zengin ses yelpazesiyle y\u00fcksek kaliteli bir deneyim sunar. Kulakl\u0131\u011f\u0131 bilgisayar, laptop ve uyumlu di\u011fer cihazlara kolayca ba\u011flayabilir, kablolu ba\u011flant\u0131n\u0131n sundu\u011fu kesintisiz performans\u0131n keyfini \u00e7\u0131karabilirsiniz.Ayarlanabilir kafa band\u0131 sayesinde farkl\u0131 ba\u015f yap\u0131lar\u0131na rahat\u00e7a uyum&#8230;<\/p>\n","protected":false},"featured_media":114071,"comment_status":"open","ping_status":"closed","template":"","meta":{"_kad_post_transparent":"","_kad_post_title":"","_kad_post_layout":"","_kad_post_sidebar_id":"","_kad_post_content_style":"","_kad_post_vertical_padding":"","_kad_post_feature":"","_kad_post_feature_position":"","_kad_post_header":false,"_kad_post_footer":false,"_kad_post_classname":""},"product_brand":[],"product_cat":[14957],"product_tag":[],"class_list":{"0":"post-114072","1":"product","2":"type-product","3":"status-publish","4":"has-post-thumbnail","6":"product_cat-kablosuz-kulaklik-kablosuz-kulaklik","8":"first","9":"instock","10":"purchasable","11":"product-type-simple","12":"entry","13":"content-bg","14":"loop-entry"},"_links":{"self":[{"href":"https:\/\/www.hediyepazar.com\/index.php?rest_route=\/wp\/v2\/product\/114072","targetHints":{"allow":["GET"]}}],"collection":[{"href":"https:\/\/www.hediyepazar.com\/index.php?rest_route=\/wp\/v2\/product"}],"about":[{"href":"https:\/\/www.hediyepazar.com\/index.php?rest_route=\/wp\/v2\/types\/product"}],"replies":[{"embeddable":true,"href":"https:\/\/www.hediyepazar.com\/index.php?rest_route=%2Fwp%2Fv2%2Fcomments&post=114072"}],"wp:featuredmedia":[{"embeddable":true,"href":"https:\/\/www.hediyepazar.com\/index.php?rest_route=\/wp\/v2\/media\/114071"}],"wp:attachment":[{"href":"https:\/\/www.hediyepazar.com\/index.php?rest_route=%2Fwp%2Fv2%2Fmedia&parent=114072"}],"wp:term":[{"taxonomy":"product_brand","embeddable":true,"href":"https:\/\/www.hediyepazar.com\/index.php?rest_route=%2Fwp%2Fv2%2Fproduct_brand&post=114072"},{"taxonomy":"product_cat","embeddable":true,"href":"https:\/\/www.hediyepazar.com\/index.php?rest_route=%2Fwp%2Fv2%2Fproduct_cat&post=114072"},{"taxonomy":"product_tag","embeddable":true,"href":"https:\/\/www.hediyepazar.com\/index.php?rest_route=%2Fwp%2Fv2%2Fproduct_tag&post=114072"}],"curies":[{"name":"wp","href":"https:\/\/api.w.org\/{rel}","templated":true}]}}