{"id":114074,"date":"2026-05-05T12:11:35","date_gmt":"2026-05-05T15:11:35","guid":{"rendered":"https:\/\/www.hediyepazar.com\/?product=bluetooth-arac-kiti-aux-mp3-calar-kablosuz-eller-serbest-cihaz"},"modified":"2026-05-05T12:11:35","modified_gmt":"2026-05-05T15:11:35","slug":"bluetooth-arac-kiti-aux-mp3-calar-kablosuz-eller-serbest-cihaz","status":"publish","type":"product","link":"https:\/\/www.hediyepazar.com\/?product=bluetooth-arac-kiti-aux-mp3-calar-kablosuz-eller-serbest-cihaz","title":{"rendered":"Bluetooth Ara\u00e7 Kiti AUX MP3 \u00c7alar Kablosuz Eller Serbest Cihaz"},"content":{"rendered":"<p>M\u00fczik keyfini kablolardan kurtar\u0131n! Bluetooth Ara\u00e7 Kiti, telefonunuzla kablosuz ba\u011flant\u0131 kurarak ara\u00e7 ses sistemine m\u00fckemmel bir ses kalitesiyle aktar\u0131m sa\u011flar.Sadece tek dokunu\u015fla e\u015fle\u015ftirme \u00f6zelli\u011fi sayesinde saniyeler i\u00e7inde kullan\u0131ma haz\u0131r hale gelir.Eller serbest konu\u015fma modu ile aramalarda g\u00fcvenli bir ileti\u015fim sa\u011flar, dahili mikrofonu ile sesinizi net bi\u00e7imde kar\u015f\u0131 tarafa iletir.Bluetooth 3.0+EDR ba\u011flant\u0131, 10 metre menzil ve 8 saate kadar kullan\u0131m s\u00fcresi ile uzun yolculuklarda ideal bir \u00e7\u00f6z\u00fcmd\u00fcr.Kompakt, \u015f\u0131k ve hafif tasar\u0131m\u0131 her araca estetik bir dokunu\u015f katar.3.5mm ses \u00e7\u0131k\u0131\u015f\u0131 ile t\u00fcm cihazlarla uyumlu \u00e7al\u0131\u015f\u0131r.Bluetooth Ara\u00e7 Kiti, s\u00fcr\u00fc\u015f deneyimini modernle\u015ftirir, kablo karma\u015fas\u0131n\u0131 ortadan kald\u0131r\u0131r ve her yolculu\u011fu keyifli hale getirir.<\/p>\n","protected":false},"excerpt":{"rendered":"<p>M\u00fczik keyfini kablolardan kurtar\u0131n! Bluetooth Ara\u00e7 Kiti, telefonunuzla kablosuz ba\u011flant\u0131 kurarak ara\u00e7 ses sistemine m\u00fckemmel bir ses kalitesiyle aktar\u0131m sa\u011flar.Sadece tek dokunu\u015fla e\u015fle\u015ftirme \u00f6zelli\u011fi sayesinde saniyeler i\u00e7inde kullan\u0131ma haz\u0131r hale gelir.Eller serbest konu\u015fma modu ile aramalarda g\u00fcvenli bir ileti\u015fim sa\u011flar, dahili mikrofonu ile sesinizi net bi\u00e7imde kar\u015f\u0131 tarafa iletir.Bluetooth 3.0+EDR ba\u011flant\u0131, 10 metre menzil ve&#8230;<\/p>\n","protected":false},"featured_media":114073,"comment_status":"open","ping_status":"closed","template":"","meta":{"_kad_post_transparent":"","_kad_post_title":"","_kad_post_layout":"","_kad_post_sidebar_id":"","_kad_post_content_style":"","_kad_post_vertical_padding":"","_kad_post_feature":"","_kad_post_feature_position":"","_kad_post_header":false,"_kad_post_footer":false,"_kad_post_classname":""},"product_brand":[],"product_cat":[15020],"product_tag":[],"class_list":{"0":"post-114074","1":"product","2":"type-product","3":"status-publish","4":"has-post-thumbnail","6":"product_cat-bluetooth-arac-kiti-bluetooth-arac-kiti","8":"first","9":"instock","10":"purchasable","11":"product-type-simple","12":"entry","13":"content-bg","14":"loop-entry"},"_links":{"self":[{"href":"https:\/\/www.hediyepazar.com\/index.php?rest_route=\/wp\/v2\/product\/114074","targetHints":{"allow":["GET"]}}],"collection":[{"href":"https:\/\/www.hediyepazar.com\/index.php?rest_route=\/wp\/v2\/product"}],"about":[{"href":"https:\/\/www.hediyepazar.com\/index.php?rest_route=\/wp\/v2\/types\/product"}],"replies":[{"embeddable":true,"href":"https:\/\/www.hediyepazar.com\/index.php?rest_route=%2Fwp%2Fv2%2Fcomments&post=114074"}],"wp:featuredmedia":[{"embeddable":true,"href":"https:\/\/www.hediyepazar.com\/index.php?rest_route=\/wp\/v2\/media\/114073"}],"wp:attachment":[{"href":"https:\/\/www.hediyepazar.com\/index.php?rest_route=%2Fwp%2Fv2%2Fmedia&parent=114074"}],"wp:term":[{"taxonomy":"product_brand","embeddable":true,"href":"https:\/\/www.hediyepazar.com\/index.php?rest_route=%2Fwp%2Fv2%2Fproduct_brand&post=114074"},{"taxonomy":"product_cat","embeddable":true,"href":"https:\/\/www.hediyepazar.com\/index.php?rest_route=%2Fwp%2Fv2%2Fproduct_cat&post=114074"},{"taxonomy":"product_tag","embeddable":true,"href":"https:\/\/www.hediyepazar.com\/index.php?rest_route=%2Fwp%2Fv2%2Fproduct_tag&post=114074"}],"curies":[{"name":"wp","href":"https:\/\/api.w.org\/{rel}","templated":true}]}}