{"id":114082,"date":"2026-05-05T12:12:12","date_gmt":"2026-05-05T15:12:12","guid":{"rendered":"https:\/\/www.hediyepazar.com\/?product=astronot-sekilli-galaxy-projeksiyon-lambasi-nebula-efektli-dekoratif-lamba"},"modified":"2026-05-05T12:12:12","modified_gmt":"2026-05-05T15:12:12","slug":"astronot-sekilli-galaxy-projeksiyon-lambasi-nebula-efektli-dekoratif-lamba","status":"publish","type":"product","link":"https:\/\/www.hediyepazar.com\/?product=astronot-sekilli-galaxy-projeksiyon-lambasi-nebula-efektli-dekoratif-lamba","title":{"rendered":"Astronot \u015eekilli Galaxy Projeksiyon Lambas\u0131 Nebula Efektli Dekoratif Lamba"},"content":{"rendered":"<p>Bu modern projekt\u00f6r, astronot \u015feklindeki hareketli ba\u015f k\u0131sm\u0131 sayesinde \u0131\u015f\u0131\u011f\u0131n y\u00f6n\u00fcn\u00fc kolayca ayarlaman\u0131za olanak tan\u0131r.Kollar\u0131 mafsall\u0131, taban\u0131 \u00e7\u0131kar\u0131labilir tasar\u0131m\u0131yla esnek kullan\u0131m imk\u00e2n\u0131 sunar. Yatak odas\u0131, oturma odas\u0131, oyun odas\u0131 veya film geceleri i\u00e7in harika bir ambiyans yarat\u0131r.Renkli \u0131\u015f\u0131k ge\u00e7i\u015fleriyle romantik, huzurlu veya e\u011flenceli atmosferler olu\u015fturabilir; parti, do\u011fum g\u00fcn\u00fc ve kutlamalarda fark yaratabilirsiniz.<\/p>\n","protected":false},"excerpt":{"rendered":"<p>Bu modern projekt\u00f6r, astronot \u015feklindeki hareketli ba\u015f k\u0131sm\u0131 sayesinde \u0131\u015f\u0131\u011f\u0131n y\u00f6n\u00fcn\u00fc kolayca ayarlaman\u0131za olanak tan\u0131r.Kollar\u0131 mafsall\u0131, taban\u0131 \u00e7\u0131kar\u0131labilir tasar\u0131m\u0131yla esnek kullan\u0131m imk\u00e2n\u0131 sunar. Yatak odas\u0131, oturma odas\u0131, oyun odas\u0131 veya film geceleri i\u00e7in harika bir ambiyans yarat\u0131r.Renkli \u0131\u015f\u0131k ge\u00e7i\u015fleriyle romantik, huzurlu veya e\u011flenceli atmosferler olu\u015fturabilir; parti, do\u011fum g\u00fcn\u00fc ve kutlamalarda fark yaratabilirsiniz.<\/p>\n","protected":false},"featured_media":114081,"comment_status":"open","ping_status":"closed","template":"","meta":{"_kad_post_transparent":"","_kad_post_title":"","_kad_post_layout":"","_kad_post_sidebar_id":"","_kad_post_content_style":"","_kad_post_vertical_padding":"","_kad_post_feature":"","_kad_post_feature_position":"","_kad_post_header":false,"_kad_post_footer":false,"_kad_post_classname":""},"product_brand":[],"product_cat":[14911],"product_tag":[],"class_list":{"0":"post-114082","1":"product","2":"type-product","3":"status-publish","4":"has-post-thumbnail","6":"product_cat-kablosuz-hoparlor-kablosuz-hoparlor","8":"first","9":"instock","10":"purchasable","11":"product-type-simple","12":"entry","13":"content-bg","14":"loop-entry"},"_links":{"self":[{"href":"https:\/\/www.hediyepazar.com\/index.php?rest_route=\/wp\/v2\/product\/114082","targetHints":{"allow":["GET"]}}],"collection":[{"href":"https:\/\/www.hediyepazar.com\/index.php?rest_route=\/wp\/v2\/product"}],"about":[{"href":"https:\/\/www.hediyepazar.com\/index.php?rest_route=\/wp\/v2\/types\/product"}],"replies":[{"embeddable":true,"href":"https:\/\/www.hediyepazar.com\/index.php?rest_route=%2Fwp%2Fv2%2Fcomments&post=114082"}],"wp:featuredmedia":[{"embeddable":true,"href":"https:\/\/www.hediyepazar.com\/index.php?rest_route=\/wp\/v2\/media\/114081"}],"wp:attachment":[{"href":"https:\/\/www.hediyepazar.com\/index.php?rest_route=%2Fwp%2Fv2%2Fmedia&parent=114082"}],"wp:term":[{"taxonomy":"product_brand","embeddable":true,"href":"https:\/\/www.hediyepazar.com\/index.php?rest_route=%2Fwp%2Fv2%2Fproduct_brand&post=114082"},{"taxonomy":"product_cat","embeddable":true,"href":"https:\/\/www.hediyepazar.com\/index.php?rest_route=%2Fwp%2Fv2%2Fproduct_cat&post=114082"},{"taxonomy":"product_tag","embeddable":true,"href":"https:\/\/www.hediyepazar.com\/index.php?rest_route=%2Fwp%2Fv2%2Fproduct_tag&post=114082"}],"curies":[{"name":"wp","href":"https:\/\/api.w.org\/{rel}","templated":true}]}}