{"id":114084,"date":"2026-05-05T12:12:25","date_gmt":"2026-05-05T15:12:25","guid":{"rendered":"https:\/\/www.hediyepazar.com\/?product=astronot-yildiz-projeksiyon-lambasi-8-efektli-uzaktan-kumandali-gece-isigi"},"modified":"2026-05-05T12:12:25","modified_gmt":"2026-05-05T15:12:25","slug":"astronot-yildiz-projeksiyon-lambasi-8-efektli-uzaktan-kumandali-gece-isigi","status":"publish","type":"product","link":"https:\/\/www.hediyepazar.com\/?product=astronot-yildiz-projeksiyon-lambasi-8-efektli-uzaktan-kumandali-gece-isigi","title":{"rendered":"Astronot Y\u0131ld\u0131z Projeksiyon Lambas\u0131 8 Efektli Uzaktan Kumandal\u0131 Gece I\u015f\u0131\u011f\u0131"},"content":{"rendered":"<p>Astronot y\u0131ld\u0131z projekt\u00f6r lambas\u0131, 8 benzersiz nebula ve y\u0131ld\u0131z efektiyle odan\u0131z\u0131 b\u00fcy\u00fcleyici bir galaksiye d\u00f6n\u00fc\u015ft\u00fcr\u00fcr. Duvarlara veya tavana yans\u0131tt\u0131\u011f\u0131n\u0131zda huzurlu, rahatlat\u0131c\u0131 bir ortam olu\u015fturur.Uzaktan kumandas\u0131 sayesinde parlakl\u0131k, desen ve d\u00f6n\u00fc\u015f h\u0131z\u0131n\u0131 kolayca ayarlayabilir; 45 veya 90 dakikal\u0131k otomatik kapanma zamanlay\u0131c\u0131s\u0131yla enerji tasarrufu sa\u011flayabilirsiniz.Astronot temal\u0131 \u015f\u0131k tasar\u0131m\u0131yla hem \u00e7ocuklar hem yeti\u015fkinler i\u00e7in m\u00fckemmel bir dekoratif \u0131\u015f\u0131k deneyimi sunar.<\/p>\n","protected":false},"excerpt":{"rendered":"<p>Astronot y\u0131ld\u0131z projekt\u00f6r lambas\u0131, 8 benzersiz nebula ve y\u0131ld\u0131z efektiyle odan\u0131z\u0131 b\u00fcy\u00fcleyici bir galaksiye d\u00f6n\u00fc\u015ft\u00fcr\u00fcr. Duvarlara veya tavana yans\u0131tt\u0131\u011f\u0131n\u0131zda huzurlu, rahatlat\u0131c\u0131 bir ortam olu\u015fturur.Uzaktan kumandas\u0131 sayesinde parlakl\u0131k, desen ve d\u00f6n\u00fc\u015f h\u0131z\u0131n\u0131 kolayca ayarlayabilir; 45 veya 90 dakikal\u0131k otomatik kapanma zamanlay\u0131c\u0131s\u0131yla enerji tasarrufu sa\u011flayabilirsiniz.Astronot temal\u0131 \u015f\u0131k tasar\u0131m\u0131yla hem \u00e7ocuklar hem yeti\u015fkinler i\u00e7in m\u00fckemmel bir dekoratif \u0131\u015f\u0131k&#8230;<\/p>\n","protected":false},"featured_media":114083,"comment_status":"open","ping_status":"closed","template":"","meta":{"_kad_post_transparent":"","_kad_post_title":"","_kad_post_layout":"","_kad_post_sidebar_id":"","_kad_post_content_style":"","_kad_post_vertical_padding":"","_kad_post_feature":"","_kad_post_feature_position":"","_kad_post_header":false,"_kad_post_footer":false,"_kad_post_classname":""},"product_brand":[],"product_cat":[14911],"product_tag":[],"class_list":{"0":"post-114084","1":"product","2":"type-product","3":"status-publish","4":"has-post-thumbnail","6":"product_cat-kablosuz-hoparlor-kablosuz-hoparlor","8":"first","9":"instock","10":"purchasable","11":"product-type-simple","12":"entry","13":"content-bg","14":"loop-entry"},"_links":{"self":[{"href":"https:\/\/www.hediyepazar.com\/index.php?rest_route=\/wp\/v2\/product\/114084","targetHints":{"allow":["GET"]}}],"collection":[{"href":"https:\/\/www.hediyepazar.com\/index.php?rest_route=\/wp\/v2\/product"}],"about":[{"href":"https:\/\/www.hediyepazar.com\/index.php?rest_route=\/wp\/v2\/types\/product"}],"replies":[{"embeddable":true,"href":"https:\/\/www.hediyepazar.com\/index.php?rest_route=%2Fwp%2Fv2%2Fcomments&post=114084"}],"wp:featuredmedia":[{"embeddable":true,"href":"https:\/\/www.hediyepazar.com\/index.php?rest_route=\/wp\/v2\/media\/114083"}],"wp:attachment":[{"href":"https:\/\/www.hediyepazar.com\/index.php?rest_route=%2Fwp%2Fv2%2Fmedia&parent=114084"}],"wp:term":[{"taxonomy":"product_brand","embeddable":true,"href":"https:\/\/www.hediyepazar.com\/index.php?rest_route=%2Fwp%2Fv2%2Fproduct_brand&post=114084"},{"taxonomy":"product_cat","embeddable":true,"href":"https:\/\/www.hediyepazar.com\/index.php?rest_route=%2Fwp%2Fv2%2Fproduct_cat&post=114084"},{"taxonomy":"product_tag","embeddable":true,"href":"https:\/\/www.hediyepazar.com\/index.php?rest_route=%2Fwp%2Fv2%2Fproduct_tag&post=114084"}],"curies":[{"name":"wp","href":"https:\/\/api.w.org\/{rel}","templated":true}]}}