{"id":114102,"date":"2026-05-05T12:13:41","date_gmt":"2026-05-05T15:13:41","guid":{"rendered":"https:\/\/www.hediyepazar.com\/?product=kendini-temizleyen-ergonomik-sac-taragi-abs-govde-silikon-dis"},"modified":"2026-05-05T12:13:41","modified_gmt":"2026-05-05T15:13:41","slug":"kendini-temizleyen-ergonomik-sac-taragi-abs-govde-silikon-dis","status":"publish","type":"product","link":"https:\/\/www.hediyepazar.com\/?product=kendini-temizleyen-ergonomik-sac-taragi-abs-govde-silikon-dis","title":{"rendered":"Kendini Temizleyen Ergonomik Sa\u00e7 Tara\u011f\u0131 \u2013 ABS G\u00f6vde Silikon Di\u015f"},"content":{"rendered":"<p>Sa\u00e7 f\u0131r\u00e7an\u0131z\u0131 temizlemek art\u0131k zahmetli de\u011fil! Sap k\u0131sm\u0131nda yer alan \u00f6zel mekanizma ile f\u0131r\u00e7aya dolanan sa\u00e7 tellerini tek hamlede temizleyebilirsiniz. Bu \u00f6zellik, \u00f6zellikle yo\u011fun d\u00f6k\u00fclme ya\u015fayanlar i\u00e7in b\u00fcy\u00fck kolayl\u0131k sa\u011flar.Tarak anti-statik yap\u0131ya sahiptir, bu sayede sa\u00e7lar\u0131n\u0131z tarama sonras\u0131 kabarmaz ya da elektriklenmez. Yumu\u015fak silikon u\u00e7lar, sa\u00e7 derisini tahri\u015f etmeden masaj yapar. B\u00f6ylece yaln\u0131zca sa\u00e7lar\u0131n\u0131z\u0131n de\u011fil, sa\u00e7 derinizin de sa\u011fl\u0131\u011f\u0131 korunur.ABS malzeme ile \u00fcretilmi\u015f g\u00f6vde sa\u011flamd\u0131r ve ergonomik tutu\u015f sa\u011flar. 22 cm uzunluk, 4 cm geni\u015flikteki bu kompakt \u00fcr\u00fcn, farkl\u0131 sa\u00e7 tipleriyle uyumlu \u00e7al\u0131\u015f\u0131r.<\/p>\n","protected":false},"excerpt":{"rendered":"<p>Sa\u00e7 f\u0131r\u00e7an\u0131z\u0131 temizlemek art\u0131k zahmetli de\u011fil! Sap k\u0131sm\u0131nda yer alan \u00f6zel mekanizma ile f\u0131r\u00e7aya dolanan sa\u00e7 tellerini tek hamlede temizleyebilirsiniz. Bu \u00f6zellik, \u00f6zellikle yo\u011fun d\u00f6k\u00fclme ya\u015fayanlar i\u00e7in b\u00fcy\u00fck kolayl\u0131k sa\u011flar.Tarak anti-statik yap\u0131ya sahiptir, bu sayede sa\u00e7lar\u0131n\u0131z tarama sonras\u0131 kabarmaz ya da elektriklenmez. Yumu\u015fak silikon u\u00e7lar, sa\u00e7 derisini tahri\u015f etmeden masaj yapar. B\u00f6ylece yaln\u0131zca sa\u00e7lar\u0131n\u0131z\u0131n de\u011fil,&#8230;<\/p>\n","protected":false},"featured_media":114101,"comment_status":"open","ping_status":"closed","template":"","meta":{"_kad_post_transparent":"","_kad_post_title":"","_kad_post_layout":"","_kad_post_sidebar_id":"","_kad_post_content_style":"","_kad_post_vertical_padding":"","_kad_post_feature":"","_kad_post_feature_position":"","_kad_post_header":false,"_kad_post_footer":false,"_kad_post_classname":""},"product_brand":[],"product_cat":[14955],"product_tag":[],"class_list":{"0":"post-114102","1":"product","2":"type-product","3":"status-publish","4":"has-post-thumbnail","6":"product_cat-sac-fircasi-tarak-sac-fircasi-tarak","8":"first","9":"instock","10":"purchasable","11":"product-type-simple","12":"entry","13":"content-bg","14":"loop-entry"},"_links":{"self":[{"href":"https:\/\/www.hediyepazar.com\/index.php?rest_route=\/wp\/v2\/product\/114102","targetHints":{"allow":["GET"]}}],"collection":[{"href":"https:\/\/www.hediyepazar.com\/index.php?rest_route=\/wp\/v2\/product"}],"about":[{"href":"https:\/\/www.hediyepazar.com\/index.php?rest_route=\/wp\/v2\/types\/product"}],"replies":[{"embeddable":true,"href":"https:\/\/www.hediyepazar.com\/index.php?rest_route=%2Fwp%2Fv2%2Fcomments&post=114102"}],"wp:featuredmedia":[{"embeddable":true,"href":"https:\/\/www.hediyepazar.com\/index.php?rest_route=\/wp\/v2\/media\/114101"}],"wp:attachment":[{"href":"https:\/\/www.hediyepazar.com\/index.php?rest_route=%2Fwp%2Fv2%2Fmedia&parent=114102"}],"wp:term":[{"taxonomy":"product_brand","embeddable":true,"href":"https:\/\/www.hediyepazar.com\/index.php?rest_route=%2Fwp%2Fv2%2Fproduct_brand&post=114102"},{"taxonomy":"product_cat","embeddable":true,"href":"https:\/\/www.hediyepazar.com\/index.php?rest_route=%2Fwp%2Fv2%2Fproduct_cat&post=114102"},{"taxonomy":"product_tag","embeddable":true,"href":"https:\/\/www.hediyepazar.com\/index.php?rest_route=%2Fwp%2Fv2%2Fproduct_tag&post=114102"}],"curies":[{"name":"wp","href":"https:\/\/api.w.org\/{rel}","templated":true}]}}