{"id":114134,"date":"2026-05-05T12:16:12","date_gmt":"2026-05-05T15:16:12","guid":{"rendered":"https:\/\/www.hediyepazar.com\/?product=evde-guvenli-kullanim-icin-titanyum-derma-roller-siyah-sapli"},"modified":"2026-05-05T12:16:12","modified_gmt":"2026-05-05T15:16:12","slug":"evde-guvenli-kullanim-icin-titanyum-derma-roller-siyah-sapli","status":"publish","type":"product","link":"https:\/\/www.hediyepazar.com\/?product=evde-guvenli-kullanim-icin-titanyum-derma-roller-siyah-sapli","title":{"rendered":"Evde G\u00fcvenli Kullan\u0131m \u0130\u00e7in Titanyum Derma Roller \u2013 Siyah Sapl\u0131"},"content":{"rendered":"<p>Titanyum i\u011fnelerle donat\u0131lm\u0131\u015f bu 0.25 mm derma roller, cilt bak\u0131m\u0131n\u0131z\u0131 daha verimli hale getirir. Mikro i\u011fneler, ciltte tahri\u015fe yol a\u00e7madan bak\u0131m \u00fcr\u00fcnlerinin derine i\u015flemesine olanak sa\u011flar. Kulland\u0131\u011f\u0131n\u0131z serumlar ve kremlerle birlikte uyguland\u0131\u011f\u0131nda etkisi maksimuma \u00e7\u0131kar. Haftada 3-4 defa kullan\u0131ma uygundur. Temizlik a\u00e7\u0131s\u0131ndan alkol bazl\u0131 sol\u00fcsyonlarla dezenfekte edilmesi \u00f6nerilir. \u00dcr\u00fcn, hem kad\u0131nlar hem erkekler taraf\u0131ndan y\u00fcz, boyun ve hatta dekolte b\u00f6lgesinde kullan\u0131labilir. Ergonomik tasar\u0131m\u0131 sayesinde pratik bir \u015fekilde cilde uygulan\u0131r ve i\u015flem s\u0131ras\u0131nda elleriniz yorulmaz. Cildinizde zamanla daha ayd\u0131nl\u0131k ve sa\u011fl\u0131kl\u0131 bir g\u00f6r\u00fcn\u00fcm fark edebilirsiniz.<\/p>\n","protected":false},"excerpt":{"rendered":"<p>Titanyum i\u011fnelerle donat\u0131lm\u0131\u015f bu 0.25 mm derma roller, cilt bak\u0131m\u0131n\u0131z\u0131 daha verimli hale getirir. Mikro i\u011fneler, ciltte tahri\u015fe yol a\u00e7madan bak\u0131m \u00fcr\u00fcnlerinin derine i\u015flemesine olanak sa\u011flar. Kulland\u0131\u011f\u0131n\u0131z serumlar ve kremlerle birlikte uyguland\u0131\u011f\u0131nda etkisi maksimuma \u00e7\u0131kar. Haftada 3-4 defa kullan\u0131ma uygundur. Temizlik a\u00e7\u0131s\u0131ndan alkol bazl\u0131 sol\u00fcsyonlarla dezenfekte edilmesi \u00f6nerilir. \u00dcr\u00fcn, hem kad\u0131nlar hem erkekler taraf\u0131ndan y\u00fcz,&#8230;<\/p>\n","protected":false},"featured_media":114133,"comment_status":"open","ping_status":"closed","template":"","meta":{"_kad_post_transparent":"","_kad_post_title":"","_kad_post_layout":"","_kad_post_sidebar_id":"","_kad_post_content_style":"","_kad_post_vertical_padding":"","_kad_post_feature":"","_kad_post_feature_position":"","_kad_post_header":false,"_kad_post_footer":false,"_kad_post_classname":""},"product_brand":[],"product_cat":[14923],"product_tag":[],"class_list":{"0":"post-114134","1":"product","2":"type-product","3":"status-publish","4":"has-post-thumbnail","6":"product_cat-dermaroller-dermaroller","8":"first","9":"instock","10":"purchasable","11":"product-type-simple","12":"entry","13":"content-bg","14":"loop-entry"},"_links":{"self":[{"href":"https:\/\/www.hediyepazar.com\/index.php?rest_route=\/wp\/v2\/product\/114134","targetHints":{"allow":["GET"]}}],"collection":[{"href":"https:\/\/www.hediyepazar.com\/index.php?rest_route=\/wp\/v2\/product"}],"about":[{"href":"https:\/\/www.hediyepazar.com\/index.php?rest_route=\/wp\/v2\/types\/product"}],"replies":[{"embeddable":true,"href":"https:\/\/www.hediyepazar.com\/index.php?rest_route=%2Fwp%2Fv2%2Fcomments&post=114134"}],"wp:featuredmedia":[{"embeddable":true,"href":"https:\/\/www.hediyepazar.com\/index.php?rest_route=\/wp\/v2\/media\/114133"}],"wp:attachment":[{"href":"https:\/\/www.hediyepazar.com\/index.php?rest_route=%2Fwp%2Fv2%2Fmedia&parent=114134"}],"wp:term":[{"taxonomy":"product_brand","embeddable":true,"href":"https:\/\/www.hediyepazar.com\/index.php?rest_route=%2Fwp%2Fv2%2Fproduct_brand&post=114134"},{"taxonomy":"product_cat","embeddable":true,"href":"https:\/\/www.hediyepazar.com\/index.php?rest_route=%2Fwp%2Fv2%2Fproduct_cat&post=114134"},{"taxonomy":"product_tag","embeddable":true,"href":"https:\/\/www.hediyepazar.com\/index.php?rest_route=%2Fwp%2Fv2%2Fproduct_tag&post=114134"}],"curies":[{"name":"wp","href":"https:\/\/api.w.org\/{rel}","templated":true}]}}