{"id":114136,"date":"2026-05-05T12:16:26","date_gmt":"2026-05-05T15:16:26","guid":{"rendered":"https:\/\/www.hediyepazar.com\/?product=cilt-yenileyici-derma-roller-mikro-igneli-bakim-araci"},"modified":"2026-05-05T12:16:26","modified_gmt":"2026-05-05T15:16:26","slug":"cilt-yenileyici-derma-roller-mikro-igneli-bakim-araci","status":"publish","type":"product","link":"https:\/\/www.hediyepazar.com\/?product=cilt-yenileyici-derma-roller-mikro-igneli-bakim-araci","title":{"rendered":"Cilt Yenileyici Derma Roller \u2013 Mikro \u0130\u011fneli Bak\u0131m Arac\u0131"},"content":{"rendered":"<p>Bu titanyum derma roller, hassas ciltler dahil t\u00fcm cilt tiplerinde g\u00fcvenle kullan\u0131labilecek \u015fekilde geli\u015ftirilmi\u015ftir. 0.25 mm mikro i\u011fneleri ile cilt \u00fczerinde mikro uyar\u0131mlar olu\u015fturarak, bak\u0131m \u00fcr\u00fcnlerinin emilimini art\u0131r\u0131r ve cildin yenilenmesine destek olur. Siyah ergonomik sap\u0131 ile ele iyi oturur, kaymaz ve uygulamay\u0131 kolayla\u015ft\u0131r\u0131r. Haftada 3-4 defa kullan\u0131lmas\u0131 yeterlidir. Uygulama \u00f6ncesi ve sonras\u0131 temizli\u011fe \u00f6zen g\u00f6sterilmelidir. \u00d6zellikle y\u00fcz, \u00e7ene, al\u0131n ve boyun b\u00f6lgelerinde rahatl\u0131kla kullan\u0131labilir. Cildin do\u011fal canl\u0131l\u0131\u011f\u0131n\u0131 ortaya \u00e7\u0131karmaya yard\u0131mc\u0131 olan bu \u00fcr\u00fcn, g\u00fcnl\u00fck cilt bak\u0131m\u0131n\u0131z\u0131 destekleyen ideal bir yard\u0131mc\u0131d\u0131r.<\/p>\n","protected":false},"excerpt":{"rendered":"<p>Bu titanyum derma roller, hassas ciltler dahil t\u00fcm cilt tiplerinde g\u00fcvenle kullan\u0131labilecek \u015fekilde geli\u015ftirilmi\u015ftir. 0.25 mm mikro i\u011fneleri ile cilt \u00fczerinde mikro uyar\u0131mlar olu\u015fturarak, bak\u0131m \u00fcr\u00fcnlerinin emilimini art\u0131r\u0131r ve cildin yenilenmesine destek olur. Siyah ergonomik sap\u0131 ile ele iyi oturur, kaymaz ve uygulamay\u0131 kolayla\u015ft\u0131r\u0131r. Haftada 3-4 defa kullan\u0131lmas\u0131 yeterlidir. Uygulama \u00f6ncesi ve sonras\u0131 temizli\u011fe \u00f6zen&#8230;<\/p>\n","protected":false},"featured_media":114135,"comment_status":"open","ping_status":"closed","template":"","meta":{"_kad_post_transparent":"","_kad_post_title":"","_kad_post_layout":"","_kad_post_sidebar_id":"","_kad_post_content_style":"","_kad_post_vertical_padding":"","_kad_post_feature":"","_kad_post_feature_position":"","_kad_post_header":false,"_kad_post_footer":false,"_kad_post_classname":""},"product_brand":[],"product_cat":[14923],"product_tag":[],"class_list":{"0":"post-114136","1":"product","2":"type-product","3":"status-publish","4":"has-post-thumbnail","6":"product_cat-dermaroller-dermaroller","8":"first","9":"instock","10":"purchasable","11":"product-type-simple","12":"entry","13":"content-bg","14":"loop-entry"},"_links":{"self":[{"href":"https:\/\/www.hediyepazar.com\/index.php?rest_route=\/wp\/v2\/product\/114136","targetHints":{"allow":["GET"]}}],"collection":[{"href":"https:\/\/www.hediyepazar.com\/index.php?rest_route=\/wp\/v2\/product"}],"about":[{"href":"https:\/\/www.hediyepazar.com\/index.php?rest_route=\/wp\/v2\/types\/product"}],"replies":[{"embeddable":true,"href":"https:\/\/www.hediyepazar.com\/index.php?rest_route=%2Fwp%2Fv2%2Fcomments&post=114136"}],"wp:featuredmedia":[{"embeddable":true,"href":"https:\/\/www.hediyepazar.com\/index.php?rest_route=\/wp\/v2\/media\/114135"}],"wp:attachment":[{"href":"https:\/\/www.hediyepazar.com\/index.php?rest_route=%2Fwp%2Fv2%2Fmedia&parent=114136"}],"wp:term":[{"taxonomy":"product_brand","embeddable":true,"href":"https:\/\/www.hediyepazar.com\/index.php?rest_route=%2Fwp%2Fv2%2Fproduct_brand&post=114136"},{"taxonomy":"product_cat","embeddable":true,"href":"https:\/\/www.hediyepazar.com\/index.php?rest_route=%2Fwp%2Fv2%2Fproduct_cat&post=114136"},{"taxonomy":"product_tag","embeddable":true,"href":"https:\/\/www.hediyepazar.com\/index.php?rest_route=%2Fwp%2Fv2%2Fproduct_tag&post=114136"}],"curies":[{"name":"wp","href":"https:\/\/api.w.org\/{rel}","templated":true}]}}