{"id":114138,"date":"2026-05-05T12:16:37","date_gmt":"2026-05-05T15:16:37","guid":{"rendered":"https:\/\/www.hediyepazar.com\/?product=dermaroller"},"modified":"2026-05-05T12:16:37","modified_gmt":"2026-05-05T15:16:37","slug":"dermaroller","status":"publish","type":"product","link":"https:\/\/www.hediyepazar.com\/?product=dermaroller","title":{"rendered":"DERMAROLLER"},"content":{"rendered":"<p>Bu mikro i\u011fneli derma roller, 0.25 mm uzunlu\u011fundaki titanyum i\u011fneleri sayesinde cildinizde hassas ama etkili bir yenilenme s\u00fcreci ba\u015flat\u0131r. Titanyum malzeme, dayan\u0131kl\u0131l\u0131\u011f\u0131 ve paslanmaya kar\u015f\u0131 diren\u00e7li olmas\u0131yla bilinir; b\u00f6ylece uzun \u00f6m\u00fcrl\u00fc ve hijyenik bir kullan\u0131m sunar. Ev tipi cilt bak\u0131m\u0131nda dermatologlar taraf\u0131ndan \u00f6nerilen bu i\u011fne uzunlu\u011fu, cilde zarar vermeden \u00fcst epidermisi nazik\u00e7e uyararak, \u00f6l\u00fc deri tabakas\u0131n\u0131n ar\u0131nmas\u0131na yard\u0131mc\u0131 olur.\u00dcr\u00fcn\u00fc kullan\u0131rken cildinizde mikro kanallar a\u00e7\u0131l\u0131r; bu kanallar cilt bak\u0131m \u00fcr\u00fcnlerinin \u2014 \u00f6zellikle serum ve nemlendiricilerin \u2014 derinlemesine n\u00fcfuz etmesini sa\u011flar. B\u00f6ylece kulland\u0131\u011f\u0131n\u0131z bak\u0131m \u00fcr\u00fcnlerinin etkinli\u011fi belirgin \u015fekilde artar. Haftada 3-4 kez, yatay, dikey ve \u00e7apraz hareketlerle uygulanmas\u0131 tavsiye edilir. Kullan\u0131m \u00f6ncesi ve sonras\u0131 \u00fcr\u00fcn\u00fcn hijyenini korumak i\u00e7in dezenfekte edilmesi \u00f6nemlidir.Ergonomik olarak tasarlanm\u0131\u015f siyah sap, kullan\u0131m s\u0131ras\u0131nda elinizde sa\u011flam ve rahat bir tutu\u015f sa\u011flar. Kaymay\u0131 \u00f6nleyen yap\u0131s\u0131 sayesinde uygulama s\u0131ras\u0131nda konfor ve kontrol sunar. Y\u00fcz, boyun ve dekolte gibi hassas b\u00f6lgelerde kolayl\u0131kla kullan\u0131labilir. D\u00fczenli kullan\u0131mda cildinizin daha parlak, sa\u011fl\u0131kl\u0131 ve gen\u00e7 g\u00f6r\u00fcnd\u00fc\u011f\u00fcn\u00fc fark edeceksiniz.Bu \u00fcr\u00fcn, cilt yenileme rutinini basitle\u015ftirmek isteyen herkes i\u00e7in idealdir. Evde g\u00fcvenle kullanabilece\u011finiz pratik bir cihazd\u0131r ve profesyonel bak\u0131m sonu\u00e7lar\u0131na ula\u015fmak isteyenler i\u00e7in m\u00fckemmel bir tamamlay\u0131c\u0131d\u0131r. Cildinizin do\u011fal \u0131\u015f\u0131lt\u0131s\u0131n\u0131 ortaya \u00e7\u0131kar\u0131r, daha taze ve canl\u0131 bir g\u00f6r\u00fcn\u00fcm kazand\u0131r\u0131r.&nbsp;<\/p>\n","protected":false},"excerpt":{"rendered":"<p>Bu mikro i\u011fneli derma roller, 0.25 mm uzunlu\u011fundaki titanyum i\u011fneleri sayesinde cildinizde hassas ama etkili bir yenilenme s\u00fcreci ba\u015flat\u0131r. Titanyum malzeme, dayan\u0131kl\u0131l\u0131\u011f\u0131 ve paslanmaya kar\u015f\u0131 diren\u00e7li olmas\u0131yla bilinir; b\u00f6ylece uzun \u00f6m\u00fcrl\u00fc ve hijyenik bir kullan\u0131m sunar. Ev tipi cilt bak\u0131m\u0131nda dermatologlar taraf\u0131ndan \u00f6nerilen bu i\u011fne uzunlu\u011fu, cilde zarar vermeden \u00fcst epidermisi nazik\u00e7e uyararak, \u00f6l\u00fc deri&#8230;<\/p>\n","protected":false},"featured_media":114137,"comment_status":"open","ping_status":"closed","template":"","meta":{"_kad_post_transparent":"","_kad_post_title":"","_kad_post_layout":"","_kad_post_sidebar_id":"","_kad_post_content_style":"","_kad_post_vertical_padding":"","_kad_post_feature":"","_kad_post_feature_position":"","_kad_post_header":false,"_kad_post_footer":false,"_kad_post_classname":""},"product_brand":[],"product_cat":[14923],"product_tag":[],"class_list":{"0":"post-114138","1":"product","2":"type-product","3":"status-publish","4":"has-post-thumbnail","6":"product_cat-dermaroller-dermaroller","8":"first","9":"instock","10":"purchasable","11":"product-type-simple","12":"entry","13":"content-bg","14":"loop-entry"},"_links":{"self":[{"href":"https:\/\/www.hediyepazar.com\/index.php?rest_route=\/wp\/v2\/product\/114138","targetHints":{"allow":["GET"]}}],"collection":[{"href":"https:\/\/www.hediyepazar.com\/index.php?rest_route=\/wp\/v2\/product"}],"about":[{"href":"https:\/\/www.hediyepazar.com\/index.php?rest_route=\/wp\/v2\/types\/product"}],"replies":[{"embeddable":true,"href":"https:\/\/www.hediyepazar.com\/index.php?rest_route=%2Fwp%2Fv2%2Fcomments&post=114138"}],"wp:featuredmedia":[{"embeddable":true,"href":"https:\/\/www.hediyepazar.com\/index.php?rest_route=\/wp\/v2\/media\/114137"}],"wp:attachment":[{"href":"https:\/\/www.hediyepazar.com\/index.php?rest_route=%2Fwp%2Fv2%2Fmedia&parent=114138"}],"wp:term":[{"taxonomy":"product_brand","embeddable":true,"href":"https:\/\/www.hediyepazar.com\/index.php?rest_route=%2Fwp%2Fv2%2Fproduct_brand&post=114138"},{"taxonomy":"product_cat","embeddable":true,"href":"https:\/\/www.hediyepazar.com\/index.php?rest_route=%2Fwp%2Fv2%2Fproduct_cat&post=114138"},{"taxonomy":"product_tag","embeddable":true,"href":"https:\/\/www.hediyepazar.com\/index.php?rest_route=%2Fwp%2Fv2%2Fproduct_tag&post=114138"}],"curies":[{"name":"wp","href":"https:\/\/api.w.org\/{rel}","templated":true}]}}