{"id":114146,"date":"2026-05-05T12:17:24","date_gmt":"2026-05-05T15:17:24","guid":{"rendered":"https:\/\/www.hediyepazar.com\/?product=touch-gece-lambasi-dokunmatik-kontrol-kablosuz-kullanim-metal-govde"},"modified":"2026-05-05T12:17:24","modified_gmt":"2026-05-05T15:17:24","slug":"touch-gece-lambasi-dokunmatik-kontrol-kablosuz-kullanim-metal-govde","status":"publish","type":"product","link":"https:\/\/www.hediyepazar.com\/?product=touch-gece-lambasi-dokunmatik-kontrol-kablosuz-kullanim-metal-govde","title":{"rendered":"Touch Gece Lambas\u0131 \u2013 Dokunmatik Kontrol Kablosuz Kullan\u0131m Metal G\u00f6vde"},"content":{"rendered":"<p>Dokunmatik ba\u015fucu lambas\u0131, karanl\u0131kta anahtar arama sorununu bitiriyor. Metal g\u00f6vdesi sa\u011flam yap\u0131n\u0131n garantisi. USB \u015farj giri\u015fi, kabloya ba\u011fl\u0131 kalmadan serbest kullan\u0131m sa\u011flar. 3 parlakl\u0131k moduyla ihtiyaca g\u00f6re \u0131\u015f\u0131k ayar\u0131 yap\u0131labilir: lo\u015f gece \u0131\u015f\u0131\u011f\u0131, orta parlakl\u0131k veya y\u00fcksek ayd\u0131nlatma. LED ampul sistemiyle enerji tasarrufu sa\u011flar ve uzun s\u00fcre dayan\u0131r. Kompakt yap\u0131s\u0131 ve sade tasar\u0131m\u0131 sayesinde her dekorasyon stiline uyum sa\u011flar. Dokunmatik anahtarla \u0131\u015f\u0131k seviyesini konforla kontrol edebilirsiniz. Modern g\u00f6r\u00fcnt\u00fcs\u00fcyle oturma odas\u0131, yatak odas\u0131 ve \u00e7al\u0131\u015fma alanlar\u0131 i\u00e7in idealdir.<\/p>\n","protected":false},"excerpt":{"rendered":"<p>Dokunmatik ba\u015fucu lambas\u0131, karanl\u0131kta anahtar arama sorununu bitiriyor. Metal g\u00f6vdesi sa\u011flam yap\u0131n\u0131n garantisi. USB \u015farj giri\u015fi, kabloya ba\u011fl\u0131 kalmadan serbest kullan\u0131m sa\u011flar. 3 parlakl\u0131k moduyla ihtiyaca g\u00f6re \u0131\u015f\u0131k ayar\u0131 yap\u0131labilir: lo\u015f gece \u0131\u015f\u0131\u011f\u0131, orta parlakl\u0131k veya y\u00fcksek ayd\u0131nlatma. LED ampul sistemiyle enerji tasarrufu sa\u011flar ve uzun s\u00fcre dayan\u0131r. Kompakt yap\u0131s\u0131 ve sade tasar\u0131m\u0131 sayesinde her&#8230;<\/p>\n","protected":false},"featured_media":114145,"comment_status":"open","ping_status":"closed","template":"","meta":{"_kad_post_transparent":"","_kad_post_title":"","_kad_post_layout":"","_kad_post_sidebar_id":"","_kad_post_content_style":"","_kad_post_vertical_padding":"","_kad_post_feature":"","_kad_post_feature_position":"","_kad_post_header":false,"_kad_post_footer":false,"_kad_post_classname":""},"product_brand":[],"product_cat":[14967],"product_tag":[],"class_list":{"0":"post-114146","1":"product","2":"type-product","3":"status-publish","4":"has-post-thumbnail","6":"product_cat-gece-lambasi-gece-lambasi","8":"first","9":"instock","10":"purchasable","11":"product-type-simple","12":"entry","13":"content-bg","14":"loop-entry"},"_links":{"self":[{"href":"https:\/\/www.hediyepazar.com\/index.php?rest_route=\/wp\/v2\/product\/114146","targetHints":{"allow":["GET"]}}],"collection":[{"href":"https:\/\/www.hediyepazar.com\/index.php?rest_route=\/wp\/v2\/product"}],"about":[{"href":"https:\/\/www.hediyepazar.com\/index.php?rest_route=\/wp\/v2\/types\/product"}],"replies":[{"embeddable":true,"href":"https:\/\/www.hediyepazar.com\/index.php?rest_route=%2Fwp%2Fv2%2Fcomments&post=114146"}],"wp:featuredmedia":[{"embeddable":true,"href":"https:\/\/www.hediyepazar.com\/index.php?rest_route=\/wp\/v2\/media\/114145"}],"wp:attachment":[{"href":"https:\/\/www.hediyepazar.com\/index.php?rest_route=%2Fwp%2Fv2%2Fmedia&parent=114146"}],"wp:term":[{"taxonomy":"product_brand","embeddable":true,"href":"https:\/\/www.hediyepazar.com\/index.php?rest_route=%2Fwp%2Fv2%2Fproduct_brand&post=114146"},{"taxonomy":"product_cat","embeddable":true,"href":"https:\/\/www.hediyepazar.com\/index.php?rest_route=%2Fwp%2Fv2%2Fproduct_cat&post=114146"},{"taxonomy":"product_tag","embeddable":true,"href":"https:\/\/www.hediyepazar.com\/index.php?rest_route=%2Fwp%2Fv2%2Fproduct_tag&post=114146"}],"curies":[{"name":"wp","href":"https:\/\/api.w.org\/{rel}","templated":true}]}}