{"id":114148,"date":"2026-05-05T12:17:37","date_gmt":"2026-05-05T15:17:37","guid":{"rendered":"https:\/\/www.hediyepazar.com\/?product=sarj-edilebilir-led-masa-lambasi-usb-girisli-metal-yapi"},"modified":"2026-05-05T12:17:37","modified_gmt":"2026-05-05T15:17:37","slug":"sarj-edilebilir-led-masa-lambasi-usb-girisli-metal-yapi","status":"publish","type":"product","link":"https:\/\/www.hediyepazar.com\/?product=sarj-edilebilir-led-masa-lambasi-usb-girisli-metal-yapi","title":{"rendered":"\u015earj Edilebilir LED Masa Lambas\u0131 \u2013 USB Giri\u015fli Metal Yap\u0131"},"content":{"rendered":"<p>Bu kablosuz LED masa lambas\u0131, 1.5V USB \u00e7\u0131k\u0131\u015f\u0131 \u00fczerinden kolayca \u015farj edilebilir. \u015e\u0131k metal g\u00f6vdesi yaln\u0131zca estetik de\u011fil ayn\u0131 zamanda sa\u011flam bir yap\u0131 sunar. Dokunmatik tu\u015fu sayesinde ayd\u0131nlatmay\u0131 tek dokunu\u015fla a\u00e7abilir veya kapatabilirsiniz. \u00dc\u00e7 parlakl\u0131k kademesiyle gece lambas\u0131, okuma lambas\u0131 ya da ortam ayd\u0131nlatmas\u0131 olarak rahatl\u0131kla kullan\u0131labilir. Kablosuz olmas\u0131, sehpa, mutfak tezg\u00e2h\u0131 ya da bah\u00e7ede bile kullan\u0131m imk\u00e2n\u0131 sunar. Metal malzeme ve LED \u0131\u015f\u0131k sistemi, dayan\u0131kl\u0131l\u0131k ve enerji verimlili\u011fini bir arada sunar. Hem dekoratif hem i\u015flevsel bir ayd\u0131nlatma \u00e7\u00f6z\u00fcm\u00fcd\u00fcr.<\/p>\n","protected":false},"excerpt":{"rendered":"<p>Bu kablosuz LED masa lambas\u0131, 1.5V USB \u00e7\u0131k\u0131\u015f\u0131 \u00fczerinden kolayca \u015farj edilebilir. \u015e\u0131k metal g\u00f6vdesi yaln\u0131zca estetik de\u011fil ayn\u0131 zamanda sa\u011flam bir yap\u0131 sunar. Dokunmatik tu\u015fu sayesinde ayd\u0131nlatmay\u0131 tek dokunu\u015fla a\u00e7abilir veya kapatabilirsiniz. \u00dc\u00e7 parlakl\u0131k kademesiyle gece lambas\u0131, okuma lambas\u0131 ya da ortam ayd\u0131nlatmas\u0131 olarak rahatl\u0131kla kullan\u0131labilir. Kablosuz olmas\u0131, sehpa, mutfak tezg\u00e2h\u0131 ya da bah\u00e7ede&#8230;<\/p>\n","protected":false},"featured_media":114147,"comment_status":"open","ping_status":"closed","template":"","meta":{"_kad_post_transparent":"","_kad_post_title":"","_kad_post_layout":"","_kad_post_sidebar_id":"","_kad_post_content_style":"","_kad_post_vertical_padding":"","_kad_post_feature":"","_kad_post_feature_position":"","_kad_post_header":false,"_kad_post_footer":false,"_kad_post_classname":""},"product_brand":[],"product_cat":[14967],"product_tag":[],"class_list":{"0":"post-114148","1":"product","2":"type-product","3":"status-publish","4":"has-post-thumbnail","6":"product_cat-gece-lambasi-gece-lambasi","8":"first","9":"instock","10":"purchasable","11":"product-type-simple","12":"entry","13":"content-bg","14":"loop-entry"},"_links":{"self":[{"href":"https:\/\/www.hediyepazar.com\/index.php?rest_route=\/wp\/v2\/product\/114148","targetHints":{"allow":["GET"]}}],"collection":[{"href":"https:\/\/www.hediyepazar.com\/index.php?rest_route=\/wp\/v2\/product"}],"about":[{"href":"https:\/\/www.hediyepazar.com\/index.php?rest_route=\/wp\/v2\/types\/product"}],"replies":[{"embeddable":true,"href":"https:\/\/www.hediyepazar.com\/index.php?rest_route=%2Fwp%2Fv2%2Fcomments&post=114148"}],"wp:featuredmedia":[{"embeddable":true,"href":"https:\/\/www.hediyepazar.com\/index.php?rest_route=\/wp\/v2\/media\/114147"}],"wp:attachment":[{"href":"https:\/\/www.hediyepazar.com\/index.php?rest_route=%2Fwp%2Fv2%2Fmedia&parent=114148"}],"wp:term":[{"taxonomy":"product_brand","embeddable":true,"href":"https:\/\/www.hediyepazar.com\/index.php?rest_route=%2Fwp%2Fv2%2Fproduct_brand&post=114148"},{"taxonomy":"product_cat","embeddable":true,"href":"https:\/\/www.hediyepazar.com\/index.php?rest_route=%2Fwp%2Fv2%2Fproduct_cat&post=114148"},{"taxonomy":"product_tag","embeddable":true,"href":"https:\/\/www.hediyepazar.com\/index.php?rest_route=%2Fwp%2Fv2%2Fproduct_tag&post=114148"}],"curies":[{"name":"wp","href":"https:\/\/api.w.org\/{rel}","templated":true}]}}