{"id":114156,"date":"2026-05-05T12:18:08","date_gmt":"2026-05-05T15:18:08","guid":{"rendered":"https:\/\/www.hediyepazar.com\/?product=ahsap-govdeli-dekoratif-kum-saati-masa-ustu-el-sanati-aksesuari"},"modified":"2026-05-05T12:18:08","modified_gmt":"2026-05-05T15:18:08","slug":"ahsap-govdeli-dekoratif-kum-saati-masa-ustu-el-sanati-aksesuari","status":"publish","type":"product","link":"https:\/\/www.hediyepazar.com\/?product=ahsap-govdeli-dekoratif-kum-saati-masa-ustu-el-sanati-aksesuari","title":{"rendered":"Ah\u015fap G\u00f6vdeli Dekoratif Kum Saati \u2013 Masa \u00dcst\u00fc El Sanat\u0131 Aksesuar\u0131"},"content":{"rendered":"<p>Masa \u00fcst\u00fc dekorasyonunuzu tamamlayacak, do\u011fal ah\u015fap malzemeden \u00fcretilmi\u015f bu kum saati; sade, \u015f\u0131k ve vintage tasar\u0131m\u0131yla bulundu\u011fu ortama karakter kazand\u0131r\u0131r. Kum tanecikleri \u00fcst b\u00f6l\u00fcmden alt b\u00f6l\u00fcme do\u011fru akarak klasik zaman ak\u0131\u015f\u0131n\u0131 g\u00f6rselle\u015ftirir. 15&#215;20 cm \u00f6l\u00e7\u00fcleriyle masa, raf veya sehpa \u00fczerinde ideal bir yer kaplar. Hem evinizde hem ofisinizde kullan\u0131ma uygundur. Ayr\u0131ca kahve d\u00fckkanlar\u0131 gibi mekanlarda konsept dekoratif unsur olarak dikkat \u00e7eker. Dayan\u0131kl\u0131 yap\u0131s\u0131 sayesinde uzun \u00f6m\u00fcrl\u00fc kullan\u0131m sunar. Ayn\u0131 zamanda \u00e7ocuklara, sevdiklerinize ya da ofis arkada\u015flar\u0131n\u0131za hediye edebilece\u011finiz \u00f6zel ve anlaml\u0131 bir par\u00e7ad\u0131r.<\/p>\n","protected":false},"excerpt":{"rendered":"<p>Masa \u00fcst\u00fc dekorasyonunuzu tamamlayacak, do\u011fal ah\u015fap malzemeden \u00fcretilmi\u015f bu kum saati; sade, \u015f\u0131k ve vintage tasar\u0131m\u0131yla bulundu\u011fu ortama karakter kazand\u0131r\u0131r. Kum tanecikleri \u00fcst b\u00f6l\u00fcmden alt b\u00f6l\u00fcme do\u011fru akarak klasik zaman ak\u0131\u015f\u0131n\u0131 g\u00f6rselle\u015ftirir. 15&#215;20 cm \u00f6l\u00e7\u00fcleriyle masa, raf veya sehpa \u00fczerinde ideal bir yer kaplar. Hem evinizde hem ofisinizde kullan\u0131ma uygundur. Ayr\u0131ca kahve d\u00fckkanlar\u0131 gibi mekanlarda&#8230;<\/p>\n","protected":false},"featured_media":114155,"comment_status":"open","ping_status":"closed","template":"","meta":{"_kad_post_transparent":"","_kad_post_title":"","_kad_post_layout":"","_kad_post_sidebar_id":"","_kad_post_content_style":"","_kad_post_vertical_padding":"","_kad_post_feature":"","_kad_post_feature_position":"","_kad_post_header":false,"_kad_post_footer":false,"_kad_post_classname":""},"product_brand":[],"product_cat":[14942],"product_tag":[],"class_list":{"0":"post-114156","1":"product","2":"type-product","3":"status-publish","4":"has-post-thumbnail","6":"product_cat-kum-saati-kum-saati","8":"first","9":"instock","10":"purchasable","11":"product-type-simple","12":"entry","13":"content-bg","14":"loop-entry"},"_links":{"self":[{"href":"https:\/\/www.hediyepazar.com\/index.php?rest_route=\/wp\/v2\/product\/114156","targetHints":{"allow":["GET"]}}],"collection":[{"href":"https:\/\/www.hediyepazar.com\/index.php?rest_route=\/wp\/v2\/product"}],"about":[{"href":"https:\/\/www.hediyepazar.com\/index.php?rest_route=\/wp\/v2\/types\/product"}],"replies":[{"embeddable":true,"href":"https:\/\/www.hediyepazar.com\/index.php?rest_route=%2Fwp%2Fv2%2Fcomments&post=114156"}],"wp:featuredmedia":[{"embeddable":true,"href":"https:\/\/www.hediyepazar.com\/index.php?rest_route=\/wp\/v2\/media\/114155"}],"wp:attachment":[{"href":"https:\/\/www.hediyepazar.com\/index.php?rest_route=%2Fwp%2Fv2%2Fmedia&parent=114156"}],"wp:term":[{"taxonomy":"product_brand","embeddable":true,"href":"https:\/\/www.hediyepazar.com\/index.php?rest_route=%2Fwp%2Fv2%2Fproduct_brand&post=114156"},{"taxonomy":"product_cat","embeddable":true,"href":"https:\/\/www.hediyepazar.com\/index.php?rest_route=%2Fwp%2Fv2%2Fproduct_cat&post=114156"},{"taxonomy":"product_tag","embeddable":true,"href":"https:\/\/www.hediyepazar.com\/index.php?rest_route=%2Fwp%2Fv2%2Fproduct_tag&post=114156"}],"curies":[{"name":"wp","href":"https:\/\/api.w.org\/{rel}","templated":true}]}}