{"id":114160,"date":"2026-05-05T12:18:23","date_gmt":"2026-05-05T15:18:23","guid":{"rendered":"https:\/\/www.hediyepazar.com\/?product=dekoratif-kum-saati-ahsap-malzeme-hediyelik-masa-aksesuari"},"modified":"2026-05-05T12:18:23","modified_gmt":"2026-05-05T15:18:23","slug":"dekoratif-kum-saati-ahsap-malzeme-hediyelik-masa-aksesuari","status":"publish","type":"product","link":"https:\/\/www.hediyepazar.com\/?product=dekoratif-kum-saati-ahsap-malzeme-hediyelik-masa-aksesuari","title":{"rendered":"Dekoratif Kum Saati \u2013 Ah\u015fap Malzeme Hediyelik Masa Aksesuar\u0131"},"content":{"rendered":"<p>Bu dekoratif kum saati; retro havas\u0131, do\u011fal dokusu ve kaliteli yap\u0131s\u0131yla evinize ya da i\u015f yerinize nostaljik bir \u015f\u0131kl\u0131k katar. \u00dcr\u00fcn 15&#215;20 cm boyutlar\u0131ndad\u0131r ve do\u011fal ah\u015faptan \u00fcretilmi\u015ftir. Kumlar\u0131n ak\u0131\u015f\u0131 \u00fcstten alta ger\u00e7ekle\u015fir ve ard\u0131ndan tekrar \u00e7evrilerek kullan\u0131labilir. \u00c7ocuklar i\u00e7in e\u011flenceli, yeti\u015fkinler i\u00e7in rahatlat\u0131c\u0131 bir objedir. \u00d6zellikle masa \u00fcst\u00fc, kitapl\u0131k, sehpa veya ofis k\u00f6\u015felerinde estetik b\u00fct\u00fcnl\u00fc\u011f\u00fc destekler. Hediyelik olarak da tercih edilebilecek bu par\u00e7a, her ya\u015ftan kullan\u0131c\u0131ya hitap eder. Uzun \u00f6m\u00fcrl\u00fc kullan\u0131m i\u00e7in sa\u011flam malzemelerden \u00fcretilmi\u015ftir.<\/p>\n","protected":false},"excerpt":{"rendered":"<p>Bu dekoratif kum saati; retro havas\u0131, do\u011fal dokusu ve kaliteli yap\u0131s\u0131yla evinize ya da i\u015f yerinize nostaljik bir \u015f\u0131kl\u0131k katar. \u00dcr\u00fcn 15&#215;20 cm boyutlar\u0131ndad\u0131r ve do\u011fal ah\u015faptan \u00fcretilmi\u015ftir. Kumlar\u0131n ak\u0131\u015f\u0131 \u00fcstten alta ger\u00e7ekle\u015fir ve ard\u0131ndan tekrar \u00e7evrilerek kullan\u0131labilir. \u00c7ocuklar i\u00e7in e\u011flenceli, yeti\u015fkinler i\u00e7in rahatlat\u0131c\u0131 bir objedir. \u00d6zellikle masa \u00fcst\u00fc, kitapl\u0131k, sehpa veya ofis k\u00f6\u015felerinde estetik&#8230;<\/p>\n","protected":false},"featured_media":114159,"comment_status":"open","ping_status":"closed","template":"","meta":{"_kad_post_transparent":"","_kad_post_title":"","_kad_post_layout":"","_kad_post_sidebar_id":"","_kad_post_content_style":"","_kad_post_vertical_padding":"","_kad_post_feature":"","_kad_post_feature_position":"","_kad_post_header":false,"_kad_post_footer":false,"_kad_post_classname":""},"product_brand":[],"product_cat":[14942],"product_tag":[],"class_list":{"0":"post-114160","1":"product","2":"type-product","3":"status-publish","4":"has-post-thumbnail","6":"product_cat-kum-saati-kum-saati","8":"first","9":"instock","10":"purchasable","11":"product-type-simple","12":"entry","13":"content-bg","14":"loop-entry"},"_links":{"self":[{"href":"https:\/\/www.hediyepazar.com\/index.php?rest_route=\/wp\/v2\/product\/114160","targetHints":{"allow":["GET"]}}],"collection":[{"href":"https:\/\/www.hediyepazar.com\/index.php?rest_route=\/wp\/v2\/product"}],"about":[{"href":"https:\/\/www.hediyepazar.com\/index.php?rest_route=\/wp\/v2\/types\/product"}],"replies":[{"embeddable":true,"href":"https:\/\/www.hediyepazar.com\/index.php?rest_route=%2Fwp%2Fv2%2Fcomments&post=114160"}],"wp:featuredmedia":[{"embeddable":true,"href":"https:\/\/www.hediyepazar.com\/index.php?rest_route=\/wp\/v2\/media\/114159"}],"wp:attachment":[{"href":"https:\/\/www.hediyepazar.com\/index.php?rest_route=%2Fwp%2Fv2%2Fmedia&parent=114160"}],"wp:term":[{"taxonomy":"product_brand","embeddable":true,"href":"https:\/\/www.hediyepazar.com\/index.php?rest_route=%2Fwp%2Fv2%2Fproduct_brand&post=114160"},{"taxonomy":"product_cat","embeddable":true,"href":"https:\/\/www.hediyepazar.com\/index.php?rest_route=%2Fwp%2Fv2%2Fproduct_cat&post=114160"},{"taxonomy":"product_tag","embeddable":true,"href":"https:\/\/www.hediyepazar.com\/index.php?rest_route=%2Fwp%2Fv2%2Fproduct_tag&post=114160"}],"curies":[{"name":"wp","href":"https:\/\/api.w.org\/{rel}","templated":true}]}}