{"id":114164,"date":"2026-05-05T12:18:39","date_gmt":"2026-05-05T15:18:39","guid":{"rendered":"https:\/\/www.hediyepazar.com\/?product=ev-ofis-ve-kafeler-icin-retro-ahsap-kum-saati-dekorasyonu"},"modified":"2026-05-05T12:18:39","modified_gmt":"2026-05-05T15:18:39","slug":"ev-ofis-ve-kafeler-icin-retro-ahsap-kum-saati-dekorasyonu","status":"publish","type":"product","link":"https:\/\/www.hediyepazar.com\/?product=ev-ofis-ve-kafeler-icin-retro-ahsap-kum-saati-dekorasyonu","title":{"rendered":"Ev Ofis ve Kafeler \u0130\u00e7in Retro Ah\u015fap Kum Saati Dekorasyonu"},"content":{"rendered":"<p>Dekoratif objeler aras\u0131nda \u00f6ne \u00e7\u0131kan bu ah\u015fap g\u00f6vdeli kum saati, sade ve klasik tasar\u0131m\u0131yla her ortamda estetik bir dokunu\u015f sunar. 15&#215;20 cm boyutlar\u0131 sayesinde masa, sehpa, kitapl\u0131k veya vitrin \u00fczerinde kolayl\u0131kla yer bulur. Kum yukar\u0131dan a\u015fa\u011f\u0131ya akarken zaman\u0131n ge\u00e7i\u015fini g\u00f6rselle\u015ftirir, bu da hem rahatlat\u0131c\u0131 hem g\u00f6rsel olarak keyif verici bir deneyim sunar. \u00dcr\u00fcn dayan\u0131kl\u0131 malzemelerden \u00fcretilmi\u015f olup, ah\u015fap g\u00f6vdesi uzun s\u00fcreli kullan\u0131m i\u00e7in uygundur. Evde oturma odas\u0131, \u00e7al\u0131\u015fma odas\u0131 ya da giri\u015f alanlar\u0131nda kullan\u0131labilece\u011fi gibi; ofis masas\u0131nda da klasik ve etkileyici bir aksesuar olarak tercih edilebilir. Ayr\u0131ca kahve d\u00fckkanlar\u0131 veya butik oteller gibi ticari alanlarda konsepte uygun nostaljik bir atmosfer yaratmak i\u00e7in idealdir. Sevdiklerinize hediye edebilece\u011finiz zarif ve anlaml\u0131 bir se\u00e7imdir.&nbsp;<\/p>\n","protected":false},"excerpt":{"rendered":"<p>Dekoratif objeler aras\u0131nda \u00f6ne \u00e7\u0131kan bu ah\u015fap g\u00f6vdeli kum saati, sade ve klasik tasar\u0131m\u0131yla her ortamda estetik bir dokunu\u015f sunar. 15&#215;20 cm boyutlar\u0131 sayesinde masa, sehpa, kitapl\u0131k veya vitrin \u00fczerinde kolayl\u0131kla yer bulur. Kum yukar\u0131dan a\u015fa\u011f\u0131ya akarken zaman\u0131n ge\u00e7i\u015fini g\u00f6rselle\u015ftirir, bu da hem rahatlat\u0131c\u0131 hem g\u00f6rsel olarak keyif verici bir deneyim sunar. \u00dcr\u00fcn dayan\u0131kl\u0131 malzemelerden&#8230;<\/p>\n","protected":false},"featured_media":114163,"comment_status":"open","ping_status":"closed","template":"","meta":{"_kad_post_transparent":"","_kad_post_title":"","_kad_post_layout":"","_kad_post_sidebar_id":"","_kad_post_content_style":"","_kad_post_vertical_padding":"","_kad_post_feature":"","_kad_post_feature_position":"","_kad_post_header":false,"_kad_post_footer":false,"_kad_post_classname":""},"product_brand":[],"product_cat":[14942],"product_tag":[],"class_list":{"0":"post-114164","1":"product","2":"type-product","3":"status-publish","4":"has-post-thumbnail","6":"product_cat-kum-saati-kum-saati","8":"first","9":"instock","10":"purchasable","11":"product-type-simple","12":"entry","13":"content-bg","14":"loop-entry"},"_links":{"self":[{"href":"https:\/\/www.hediyepazar.com\/index.php?rest_route=\/wp\/v2\/product\/114164","targetHints":{"allow":["GET"]}}],"collection":[{"href":"https:\/\/www.hediyepazar.com\/index.php?rest_route=\/wp\/v2\/product"}],"about":[{"href":"https:\/\/www.hediyepazar.com\/index.php?rest_route=\/wp\/v2\/types\/product"}],"replies":[{"embeddable":true,"href":"https:\/\/www.hediyepazar.com\/index.php?rest_route=%2Fwp%2Fv2%2Fcomments&post=114164"}],"wp:featuredmedia":[{"embeddable":true,"href":"https:\/\/www.hediyepazar.com\/index.php?rest_route=\/wp\/v2\/media\/114163"}],"wp:attachment":[{"href":"https:\/\/www.hediyepazar.com\/index.php?rest_route=%2Fwp%2Fv2%2Fmedia&parent=114164"}],"wp:term":[{"taxonomy":"product_brand","embeddable":true,"href":"https:\/\/www.hediyepazar.com\/index.php?rest_route=%2Fwp%2Fv2%2Fproduct_brand&post=114164"},{"taxonomy":"product_cat","embeddable":true,"href":"https:\/\/www.hediyepazar.com\/index.php?rest_route=%2Fwp%2Fv2%2Fproduct_cat&post=114164"},{"taxonomy":"product_tag","embeddable":true,"href":"https:\/\/www.hediyepazar.com\/index.php?rest_route=%2Fwp%2Fv2%2Fproduct_tag&post=114164"}],"curies":[{"name":"wp","href":"https:\/\/api.w.org\/{rel}","templated":true}]}}