{"id":114166,"date":"2026-05-05T12:18:48","date_gmt":"2026-05-05T15:18:48","guid":{"rendered":"https:\/\/www.hediyepazar.com\/?product=deniz-feneri-tasarimli-ahsap-kum-saati-retro-masa-aksesuari"},"modified":"2026-05-05T12:18:48","modified_gmt":"2026-05-05T15:18:48","slug":"deniz-feneri-tasarimli-ahsap-kum-saati-retro-masa-aksesuari","status":"publish","type":"product","link":"https:\/\/www.hediyepazar.com\/?product=deniz-feneri-tasarimli-ahsap-kum-saati-retro-masa-aksesuari","title":{"rendered":"Deniz Feneri Tasar\u0131ml\u0131 Ah\u015fap Kum Saati \u2013 Retro Masa Aksesuar\u0131"},"content":{"rendered":"<p>Deniz feneri g\u00f6r\u00fcn\u00fcm\u00fcyle dikkat \u00e7eken bu ah\u015fap kum saati, rustik ve \u00e7a\u011fda\u015f dekorasyonlarda g\u00fc\u00e7l\u00fc bir uyum sa\u011flar. 15\u00d720\u202fcm \u00f6l\u00e7\u00fcleriyle k\u00fc\u00e7\u00fck ama dikkat \u00e7eken bir obje haline gelir. Kumun ak\u0131\u015f\u0131 zaman\u0131n dinginli\u011fini hissettirir, zihni dinlendirir. Do\u011fal ah\u015fap malzemesi, kullan\u0131ld\u0131\u011f\u0131 alana s\u0131cakl\u0131k ve karakter katar. Uzun s\u00fcre kullan\u0131labilecek dayan\u0131kl\u0131l\u0131\u011fa sahiptir. Hediyelik e\u015fya arayanlar i\u00e7in hem anlaml\u0131 hem i\u015flevsel bir se\u00e7enektir.<\/p>\n","protected":false},"excerpt":{"rendered":"<p>Deniz feneri g\u00f6r\u00fcn\u00fcm\u00fcyle dikkat \u00e7eken bu ah\u015fap kum saati, rustik ve \u00e7a\u011fda\u015f dekorasyonlarda g\u00fc\u00e7l\u00fc bir uyum sa\u011flar. 15\u00d720\u202fcm \u00f6l\u00e7\u00fcleriyle k\u00fc\u00e7\u00fck ama dikkat \u00e7eken bir obje haline gelir. Kumun ak\u0131\u015f\u0131 zaman\u0131n dinginli\u011fini hissettirir, zihni dinlendirir. Do\u011fal ah\u015fap malzemesi, kullan\u0131ld\u0131\u011f\u0131 alana s\u0131cakl\u0131k ve karakter katar. Uzun s\u00fcre kullan\u0131labilecek dayan\u0131kl\u0131l\u0131\u011fa sahiptir. Hediyelik e\u015fya arayanlar i\u00e7in hem anlaml\u0131 hem&#8230;<\/p>\n","protected":false},"featured_media":114165,"comment_status":"open","ping_status":"closed","template":"","meta":{"_kad_post_transparent":"","_kad_post_title":"","_kad_post_layout":"","_kad_post_sidebar_id":"","_kad_post_content_style":"","_kad_post_vertical_padding":"","_kad_post_feature":"","_kad_post_feature_position":"","_kad_post_header":false,"_kad_post_footer":false,"_kad_post_classname":""},"product_brand":[],"product_cat":[14942],"product_tag":[],"class_list":{"0":"post-114166","1":"product","2":"type-product","3":"status-publish","4":"has-post-thumbnail","6":"product_cat-kum-saati-kum-saati","8":"first","9":"instock","10":"purchasable","11":"product-type-simple","12":"entry","13":"content-bg","14":"loop-entry"},"_links":{"self":[{"href":"https:\/\/www.hediyepazar.com\/index.php?rest_route=\/wp\/v2\/product\/114166","targetHints":{"allow":["GET"]}}],"collection":[{"href":"https:\/\/www.hediyepazar.com\/index.php?rest_route=\/wp\/v2\/product"}],"about":[{"href":"https:\/\/www.hediyepazar.com\/index.php?rest_route=\/wp\/v2\/types\/product"}],"replies":[{"embeddable":true,"href":"https:\/\/www.hediyepazar.com\/index.php?rest_route=%2Fwp%2Fv2%2Fcomments&post=114166"}],"wp:featuredmedia":[{"embeddable":true,"href":"https:\/\/www.hediyepazar.com\/index.php?rest_route=\/wp\/v2\/media\/114165"}],"wp:attachment":[{"href":"https:\/\/www.hediyepazar.com\/index.php?rest_route=%2Fwp%2Fv2%2Fmedia&parent=114166"}],"wp:term":[{"taxonomy":"product_brand","embeddable":true,"href":"https:\/\/www.hediyepazar.com\/index.php?rest_route=%2Fwp%2Fv2%2Fproduct_brand&post=114166"},{"taxonomy":"product_cat","embeddable":true,"href":"https:\/\/www.hediyepazar.com\/index.php?rest_route=%2Fwp%2Fv2%2Fproduct_cat&post=114166"},{"taxonomy":"product_tag","embeddable":true,"href":"https:\/\/www.hediyepazar.com\/index.php?rest_route=%2Fwp%2Fv2%2Fproduct_tag&post=114166"}],"curies":[{"name":"wp","href":"https:\/\/api.w.org\/{rel}","templated":true}]}}