{"id":114178,"date":"2026-05-05T12:19:39","date_gmt":"2026-05-05T15:19:39","guid":{"rendered":"https:\/\/www.hediyepazar.com\/?product=gunes-enerjili-su-gecirmez-led-duvar-lambasi"},"modified":"2026-05-05T12:19:39","modified_gmt":"2026-05-05T15:19:39","slug":"gunes-enerjili-su-gecirmez-led-duvar-lambasi","status":"publish","type":"product","link":"https:\/\/www.hediyepazar.com\/?product=gunes-enerjili-su-gecirmez-led-duvar-lambasi","title":{"rendered":"G\u00fcne\u015f Enerjili Su Ge\u00e7irmez LED Duvar Lambas\u0131"},"content":{"rendered":"<p>G\u00fcne\u015f enerjili LED duvar lambas\u0131, d\u0131\u015f mekan ayd\u0131nlatmas\u0131nda pratik, ekonomik ve \u00e7evre dostu bir \u00e7\u00f6z\u00fcm sunar. IP65 su ge\u00e7irmez yap\u0131s\u0131 sayesinde ya\u011fmurlu, nemli ve zorlu hava ko\u015fullar\u0131na kar\u015f\u0131 dayan\u0131kl\u0131d\u0131r. Avlu, bah\u00e7e, veranda, garaj giri\u015fi veya d\u0131\u015f cephe gibi alanlarda g\u00fcvenle kullan\u0131labilir.Polikristalin silikon g\u00fcne\u015f paneli sayesinde g\u00fcn \u0131\u015f\u0131\u011f\u0131n\u0131 h\u0131zl\u0131 \u015fekilde emer. Tam \u015farj durumunda yakla\u015f\u0131k 8 saat boyunca kesintisiz ayd\u0131nlatma sa\u011flar. Dahili 1.2V\/600 mAh batarya ile \u00e7al\u0131\u015f\u0131r ve harici elektrik ba\u011flant\u0131s\u0131 gerekmez. Bu da \u00fcr\u00fcn\u00fc enerji tasarruflu hale getirir.Y\u00fcksek ge\u00e7irgenlik sa\u011flayan \u00f6zel PC abajur, \u0131\u015f\u0131\u011f\u0131n d\u00fczg\u00fcn ve geni\u015f alana yay\u0131lmas\u0131na yard\u0131mc\u0131 olur. Bu sayede hem i\u015flevsel hem de estetik bir ayd\u0131nlatma elde edilir. \u00dc\u00e7 farkl\u0131 \u0131\u015f\u0131k modu (beyaz, s\u0131cak beyaz ve renkli) sayesinde kullan\u0131c\u0131ya ortam\u0131na g\u00f6re se\u00e7im imk\u00e2n\u0131 sunar.Kompakt boyutu ve kolay montaj aparat\u0131 sayesinde kurulumu basittir. Paket i\u00e7eri\u011finde lamba ve vida aksesuarlar\u0131 yer al\u0131r.m\u00fc sunar.<\/p>\n","protected":false},"excerpt":{"rendered":"<p>G\u00fcne\u015f enerjili LED duvar lambas\u0131, d\u0131\u015f mekan ayd\u0131nlatmas\u0131nda pratik, ekonomik ve \u00e7evre dostu bir \u00e7\u00f6z\u00fcm sunar. IP65 su ge\u00e7irmez yap\u0131s\u0131 sayesinde ya\u011fmurlu, nemli ve zorlu hava ko\u015fullar\u0131na kar\u015f\u0131 dayan\u0131kl\u0131d\u0131r. Avlu, bah\u00e7e, veranda, garaj giri\u015fi veya d\u0131\u015f cephe gibi alanlarda g\u00fcvenle kullan\u0131labilir.Polikristalin silikon g\u00fcne\u015f paneli sayesinde g\u00fcn \u0131\u015f\u0131\u011f\u0131n\u0131 h\u0131zl\u0131 \u015fekilde emer. Tam \u015farj durumunda yakla\u015f\u0131k 8&#8230;<\/p>\n","protected":false},"featured_media":114177,"comment_status":"open","ping_status":"closed","template":"","meta":{"_kad_post_transparent":"","_kad_post_title":"","_kad_post_layout":"","_kad_post_sidebar_id":"","_kad_post_content_style":"","_kad_post_vertical_padding":"","_kad_post_feature":"","_kad_post_feature_position":"","_kad_post_header":false,"_kad_post_footer":false,"_kad_post_classname":""},"product_brand":[],"product_cat":[14946],"product_tag":[],"class_list":{"0":"post-114178","1":"product","2":"type-product","3":"status-publish","4":"has-post-thumbnail","6":"product_cat-bahce-aydinlatmasi-bahce-aydinlatmasi","8":"first","9":"instock","10":"purchasable","11":"product-type-simple","12":"entry","13":"content-bg","14":"loop-entry"},"_links":{"self":[{"href":"https:\/\/www.hediyepazar.com\/index.php?rest_route=\/wp\/v2\/product\/114178","targetHints":{"allow":["GET"]}}],"collection":[{"href":"https:\/\/www.hediyepazar.com\/index.php?rest_route=\/wp\/v2\/product"}],"about":[{"href":"https:\/\/www.hediyepazar.com\/index.php?rest_route=\/wp\/v2\/types\/product"}],"replies":[{"embeddable":true,"href":"https:\/\/www.hediyepazar.com\/index.php?rest_route=%2Fwp%2Fv2%2Fcomments&post=114178"}],"wp:featuredmedia":[{"embeddable":true,"href":"https:\/\/www.hediyepazar.com\/index.php?rest_route=\/wp\/v2\/media\/114177"}],"wp:attachment":[{"href":"https:\/\/www.hediyepazar.com\/index.php?rest_route=%2Fwp%2Fv2%2Fmedia&parent=114178"}],"wp:term":[{"taxonomy":"product_brand","embeddable":true,"href":"https:\/\/www.hediyepazar.com\/index.php?rest_route=%2Fwp%2Fv2%2Fproduct_brand&post=114178"},{"taxonomy":"product_cat","embeddable":true,"href":"https:\/\/www.hediyepazar.com\/index.php?rest_route=%2Fwp%2Fv2%2Fproduct_cat&post=114178"},{"taxonomy":"product_tag","embeddable":true,"href":"https:\/\/www.hediyepazar.com\/index.php?rest_route=%2Fwp%2Fv2%2Fproduct_tag&post=114178"}],"curies":[{"name":"wp","href":"https:\/\/api.w.org\/{rel}","templated":true}]}}