{"id":114180,"date":"2026-05-05T12:19:52","date_gmt":"2026-05-05T15:19:52","guid":{"rendered":"https:\/\/www.hediyepazar.com\/?product=bahce-ve-balkon-icin-gunes-enerjili-lamba"},"modified":"2026-05-05T12:19:52","modified_gmt":"2026-05-05T15:19:52","slug":"bahce-ve-balkon-icin-gunes-enerjili-lamba","status":"publish","type":"product","link":"https:\/\/www.hediyepazar.com\/?product=bahce-ve-balkon-icin-gunes-enerjili-lamba","title":{"rendered":"Bah\u00e7e ve Balkon \u0130\u00e7in G\u00fcne\u015f Enerjili Lamba"},"content":{"rendered":"<p>G\u00fcne\u015f enerjili LED duvar lambas\u0131, \u00e7evre dostu ve ekonomik bir d\u0131\u015f mekan ayd\u0131nlatma \u00e7\u00f6z\u00fcm\u00fcd\u00fcr. \u00dczerinde bulunan 2V\/200mA polikristalin silikon g\u00fcne\u015f paneli, g\u00fcn boyunca enerji toplar. Tam \u015farj oldu\u011funda yakla\u015f\u0131k 8 saat boyunca \u0131\u015f\u0131k verir. Geceleri otomatik olarak yanar, g\u00fcnd\u00fcz \u015farj olur.IP65 su ge\u00e7irmez korumas\u0131 sayesinde her hava ko\u015fuluna uygundur. Ya\u011fmurlu veya nemli g\u00fcnlerde de g\u00fcvenli \u015fekilde \u00e7al\u0131\u015f\u0131r. \u00dcr\u00fcn\u00fcn i\u00e7inde dahili 1.2V \/ 600mAh batarya bulunur, harici elektrik gerektirmez.I\u015f\u0131k \u00e7\u0131k\u0131\u015f\u0131 i\u00e7in kullan\u0131lan 2 adet LED SMD lamba boncu\u011fu, y\u00fcksek verimlidir ve d\u00fc\u015f\u00fck enerji t\u00fcketimi sa\u011flar. PC malzemeden \u00fcretilen abajur ise \u0131\u015f\u0131\u011f\u0131n yay\u0131lmas\u0131n\u0131 g\u00fc\u00e7lendirir, geni\u015f alan\u0131 e\u015fit \u015fekilde ayd\u0131nlat\u0131r.\u00dc\u00e7 farkl\u0131 \u0131\u015f\u0131k se\u00e7ene\u011fiyle birlikte gelir: s\u0131cak beyaz \u0131\u015f\u0131k, so\u011fuk beyaz \u0131\u015f\u0131k, \u00e7ok renkli \u0131\u015f\u0131k. Kullan\u0131c\u0131, ortam\u0131na ve zevkine uygun \u015fekilde renk de\u011fi\u015ftirebilir. Bah\u00e7e, veranda, otopark, y\u00fcr\u00fcy\u00fc\u015f yolu gibi pek \u00e7ok alanda rahatl\u0131kla kullan\u0131labilir.&nbsp;<\/p>\n","protected":false},"excerpt":{"rendered":"<p>G\u00fcne\u015f enerjili LED duvar lambas\u0131, \u00e7evre dostu ve ekonomik bir d\u0131\u015f mekan ayd\u0131nlatma \u00e7\u00f6z\u00fcm\u00fcd\u00fcr. \u00dczerinde bulunan 2V\/200mA polikristalin silikon g\u00fcne\u015f paneli, g\u00fcn boyunca enerji toplar. Tam \u015farj oldu\u011funda yakla\u015f\u0131k 8 saat boyunca \u0131\u015f\u0131k verir. Geceleri otomatik olarak yanar, g\u00fcnd\u00fcz \u015farj olur.IP65 su ge\u00e7irmez korumas\u0131 sayesinde her hava ko\u015fuluna uygundur. Ya\u011fmurlu veya nemli g\u00fcnlerde de g\u00fcvenli&#8230;<\/p>\n","protected":false},"featured_media":114179,"comment_status":"open","ping_status":"closed","template":"","meta":{"_kad_post_transparent":"","_kad_post_title":"","_kad_post_layout":"","_kad_post_sidebar_id":"","_kad_post_content_style":"","_kad_post_vertical_padding":"","_kad_post_feature":"","_kad_post_feature_position":"","_kad_post_header":false,"_kad_post_footer":false,"_kad_post_classname":""},"product_brand":[],"product_cat":[14946],"product_tag":[],"class_list":{"0":"post-114180","1":"product","2":"type-product","3":"status-publish","4":"has-post-thumbnail","6":"product_cat-bahce-aydinlatmasi-bahce-aydinlatmasi","8":"first","9":"instock","10":"purchasable","11":"product-type-simple","12":"entry","13":"content-bg","14":"loop-entry"},"_links":{"self":[{"href":"https:\/\/www.hediyepazar.com\/index.php?rest_route=\/wp\/v2\/product\/114180","targetHints":{"allow":["GET"]}}],"collection":[{"href":"https:\/\/www.hediyepazar.com\/index.php?rest_route=\/wp\/v2\/product"}],"about":[{"href":"https:\/\/www.hediyepazar.com\/index.php?rest_route=\/wp\/v2\/types\/product"}],"replies":[{"embeddable":true,"href":"https:\/\/www.hediyepazar.com\/index.php?rest_route=%2Fwp%2Fv2%2Fcomments&post=114180"}],"wp:featuredmedia":[{"embeddable":true,"href":"https:\/\/www.hediyepazar.com\/index.php?rest_route=\/wp\/v2\/media\/114179"}],"wp:attachment":[{"href":"https:\/\/www.hediyepazar.com\/index.php?rest_route=%2Fwp%2Fv2%2Fmedia&parent=114180"}],"wp:term":[{"taxonomy":"product_brand","embeddable":true,"href":"https:\/\/www.hediyepazar.com\/index.php?rest_route=%2Fwp%2Fv2%2Fproduct_brand&post=114180"},{"taxonomy":"product_cat","embeddable":true,"href":"https:\/\/www.hediyepazar.com\/index.php?rest_route=%2Fwp%2Fv2%2Fproduct_cat&post=114180"},{"taxonomy":"product_tag","embeddable":true,"href":"https:\/\/www.hediyepazar.com\/index.php?rest_route=%2Fwp%2Fv2%2Fproduct_tag&post=114180"}],"curies":[{"name":"wp","href":"https:\/\/api.w.org\/{rel}","templated":true}]}}