{"id":114184,"date":"2026-05-05T12:20:14","date_gmt":"2026-05-05T15:20:14","guid":{"rendered":"https:\/\/www.hediyepazar.com\/?product=seffaf-abajurlu-duvar-tipi-solar-isik"},"modified":"2026-05-05T12:20:14","modified_gmt":"2026-05-05T15:20:14","slug":"seffaf-abajurlu-duvar-tipi-solar-isik","status":"publish","type":"product","link":"https:\/\/www.hediyepazar.com\/?product=seffaf-abajurlu-duvar-tipi-solar-isik","title":{"rendered":"\u015eeffaf Abajurlu Duvar Tipi Solar I\u015f\u0131k"},"content":{"rendered":"<p>G\u00fcne\u015f enerjili LED duvar lambas\u0131, d\u0131\u015f mek\u00e2nlar i\u00e7in d\u00fc\u015f\u00fck maliyetli ve s\u00fcrd\u00fcr\u00fclebilir bir ayd\u0131nlatma se\u00e7ene\u011fidir. 2V\/200mA polikristalin silikon panel, g\u00fcn \u0131\u015f\u0131\u011f\u0131n\u0131 h\u0131zl\u0131ca toplayarak \u015farj i\u015flemini ger\u00e7ekle\u015ftirir. Tam dolumda 8 saate kadar kesintisiz \u0131\u015f\u0131k sa\u011flar.IP65 su ge\u00e7irmez \u00f6zelli\u011fi sayesinde ya\u011fmur, kar ve toza kar\u015f\u0131 dayan\u0131kl\u0131d\u0131r. Bu \u00f6zellik, \u00fcr\u00fcn\u00fc t\u00fcm hava ko\u015fullar\u0131nda sorunsuz \u015fekilde kullan\u0131labilir hale getirir.Cihazda yer alan y\u00fcksek kaliteli LED boncuklar\u0131, enerji verimli ve uzun \u00f6m\u00fcrl\u00fcd\u00fcr. Abajur k\u0131sm\u0131nda kullan\u0131lan \u015feffaf PC malzeme, \u0131\u015f\u0131\u011f\u0131 daha geni\u015f alana ve homojen \u015fekilde da\u011f\u0131t\u0131r.\u00dc\u00e7 farkl\u0131 \u0131\u015f\u0131k rengi (s\u0131cak, beyaz ve renkli) sayesinde dekoratif ya da fonksiyonel kullan\u0131m ama\u00e7lar\u0131na uygundur. \u00dcr\u00fcn, avlular, y\u00fcr\u00fcy\u00fc\u015f yollar\u0131, balkonlar ve bah\u00e7eler i\u00e7in idealdir. Kolay monte edilebilir ve kablo ihtiyac\u0131 olmadan kullan\u0131labilir.<\/p>\n","protected":false},"excerpt":{"rendered":"<p>G\u00fcne\u015f enerjili LED duvar lambas\u0131, d\u0131\u015f mek\u00e2nlar i\u00e7in d\u00fc\u015f\u00fck maliyetli ve s\u00fcrd\u00fcr\u00fclebilir bir ayd\u0131nlatma se\u00e7ene\u011fidir. 2V\/200mA polikristalin silikon panel, g\u00fcn \u0131\u015f\u0131\u011f\u0131n\u0131 h\u0131zl\u0131ca toplayarak \u015farj i\u015flemini ger\u00e7ekle\u015ftirir. Tam dolumda 8 saate kadar kesintisiz \u0131\u015f\u0131k sa\u011flar.IP65 su ge\u00e7irmez \u00f6zelli\u011fi sayesinde ya\u011fmur, kar ve toza kar\u015f\u0131 dayan\u0131kl\u0131d\u0131r. Bu \u00f6zellik, \u00fcr\u00fcn\u00fc t\u00fcm hava ko\u015fullar\u0131nda sorunsuz \u015fekilde kullan\u0131labilir hale getirir.Cihazda&#8230;<\/p>\n","protected":false},"featured_media":114183,"comment_status":"open","ping_status":"closed","template":"","meta":{"_kad_post_transparent":"","_kad_post_title":"","_kad_post_layout":"","_kad_post_sidebar_id":"","_kad_post_content_style":"","_kad_post_vertical_padding":"","_kad_post_feature":"","_kad_post_feature_position":"","_kad_post_header":false,"_kad_post_footer":false,"_kad_post_classname":""},"product_brand":[],"product_cat":[14946],"product_tag":[],"class_list":{"0":"post-114184","1":"product","2":"type-product","3":"status-publish","4":"has-post-thumbnail","6":"product_cat-bahce-aydinlatmasi-bahce-aydinlatmasi","8":"first","9":"instock","10":"purchasable","11":"product-type-simple","12":"entry","13":"content-bg","14":"loop-entry"},"_links":{"self":[{"href":"https:\/\/www.hediyepazar.com\/index.php?rest_route=\/wp\/v2\/product\/114184","targetHints":{"allow":["GET"]}}],"collection":[{"href":"https:\/\/www.hediyepazar.com\/index.php?rest_route=\/wp\/v2\/product"}],"about":[{"href":"https:\/\/www.hediyepazar.com\/index.php?rest_route=\/wp\/v2\/types\/product"}],"replies":[{"embeddable":true,"href":"https:\/\/www.hediyepazar.com\/index.php?rest_route=%2Fwp%2Fv2%2Fcomments&post=114184"}],"wp:featuredmedia":[{"embeddable":true,"href":"https:\/\/www.hediyepazar.com\/index.php?rest_route=\/wp\/v2\/media\/114183"}],"wp:attachment":[{"href":"https:\/\/www.hediyepazar.com\/index.php?rest_route=%2Fwp%2Fv2%2Fmedia&parent=114184"}],"wp:term":[{"taxonomy":"product_brand","embeddable":true,"href":"https:\/\/www.hediyepazar.com\/index.php?rest_route=%2Fwp%2Fv2%2Fproduct_brand&post=114184"},{"taxonomy":"product_cat","embeddable":true,"href":"https:\/\/www.hediyepazar.com\/index.php?rest_route=%2Fwp%2Fv2%2Fproduct_cat&post=114184"},{"taxonomy":"product_tag","embeddable":true,"href":"https:\/\/www.hediyepazar.com\/index.php?rest_route=%2Fwp%2Fv2%2Fproduct_tag&post=114184"}],"curies":[{"name":"wp","href":"https:\/\/api.w.org\/{rel}","templated":true}]}}