{"id":114186,"date":"2026-05-05T12:20:28","date_gmt":"2026-05-05T15:20:28","guid":{"rendered":"https:\/\/www.hediyepazar.com\/?product=suya-dayanikli-gunes-enerjili-bahce-lambasi"},"modified":"2026-05-05T12:20:28","modified_gmt":"2026-05-05T15:20:28","slug":"suya-dayanikli-gunes-enerjili-bahce-lambasi","status":"publish","type":"product","link":"https:\/\/www.hediyepazar.com\/?product=suya-dayanikli-gunes-enerjili-bahce-lambasi","title":{"rendered":"Suya Dayan\u0131kl\u0131 G\u00fcne\u015f Enerjili Bah\u00e7e Lambas\u0131"},"content":{"rendered":"<p>Bu LED g\u00fcne\u015f enerjili duvar lambas\u0131, hem i\u015flevsel hem de estetik d\u0131\u015f mekan ayd\u0131nlatma \u00e7\u00f6z\u00fcm\u00fcd\u00fcr. G\u00fcnd\u00fcz g\u00fcne\u015ften toplad\u0131\u011f\u0131 enerjiyi, gece ayd\u0131nlatmaya d\u00f6n\u00fc\u015ft\u00fcren bu cihazda polikristalin silikon g\u00fcne\u015f paneli yer al\u0131r. Panel, enerjiyi h\u0131zl\u0131ca emer ve cihaz tam \u015farjla yakla\u015f\u0131k 8 saat boyunca \u00e7al\u0131\u015f\u0131r.IP65 su ge\u00e7irmez yap\u0131s\u0131, d\u0131\u015f ortam ko\u015fullar\u0131na kar\u015f\u0131 \u00fcst d\u00fczey dayan\u0131kl\u0131l\u0131k sa\u011flar. Cihaz, a\u015f\u0131r\u0131 ya\u011fmur veya nemden etkilenmez. \u00dcr\u00fcn, dahili 1.2V\/600mAh batarya ile \u00e7al\u0131\u015f\u0131r. Elektrik ba\u011flant\u0131s\u0131 gerektirmedi\u011fi i\u00e7in enerji maliyeti olu\u015fturmaz.Lambada kullan\u0131lan PC abajur, \u0131\u015f\u0131\u011f\u0131 geni\u015f alana da\u011f\u0131tarak homojen bir ayd\u0131nlatma sa\u011flar. Ayr\u0131ca \u00fc\u00e7 \u0131\u015f\u0131k modu sayesinde (beyaz, s\u0131cak ve renkli \u0131\u015f\u0131k) dekoratif veya i\u015flevsel ihtiya\u00e7lara uygun kullan\u0131m sunar.Montaj\u0131 olduk\u00e7a kolayd\u0131r. Kutu i\u00e7eri\u011finde vida ve gerekli montaj elemanlar\u0131 yer almaktad\u0131r. Bah\u00e7e, giri\u015f alan\u0131, otopark, balkon gibi yerlerde rahatl\u0131kla kullan\u0131labilir.<\/p>\n","protected":false},"excerpt":{"rendered":"<p>Bu LED g\u00fcne\u015f enerjili duvar lambas\u0131, hem i\u015flevsel hem de estetik d\u0131\u015f mekan ayd\u0131nlatma \u00e7\u00f6z\u00fcm\u00fcd\u00fcr. G\u00fcnd\u00fcz g\u00fcne\u015ften toplad\u0131\u011f\u0131 enerjiyi, gece ayd\u0131nlatmaya d\u00f6n\u00fc\u015ft\u00fcren bu cihazda polikristalin silikon g\u00fcne\u015f paneli yer al\u0131r. Panel, enerjiyi h\u0131zl\u0131ca emer ve cihaz tam \u015farjla yakla\u015f\u0131k 8 saat boyunca \u00e7al\u0131\u015f\u0131r.IP65 su ge\u00e7irmez yap\u0131s\u0131, d\u0131\u015f ortam ko\u015fullar\u0131na kar\u015f\u0131 \u00fcst d\u00fczey dayan\u0131kl\u0131l\u0131k sa\u011flar. Cihaz,&#8230;<\/p>\n","protected":false},"featured_media":114185,"comment_status":"open","ping_status":"closed","template":"","meta":{"_kad_post_transparent":"","_kad_post_title":"","_kad_post_layout":"","_kad_post_sidebar_id":"","_kad_post_content_style":"","_kad_post_vertical_padding":"","_kad_post_feature":"","_kad_post_feature_position":"","_kad_post_header":false,"_kad_post_footer":false,"_kad_post_classname":""},"product_brand":[],"product_cat":[14946],"product_tag":[],"class_list":{"0":"post-114186","1":"product","2":"type-product","3":"status-publish","4":"has-post-thumbnail","6":"product_cat-bahce-aydinlatmasi-bahce-aydinlatmasi","8":"first","9":"instock","10":"purchasable","11":"product-type-simple","12":"entry","13":"content-bg","14":"loop-entry"},"_links":{"self":[{"href":"https:\/\/www.hediyepazar.com\/index.php?rest_route=\/wp\/v2\/product\/114186","targetHints":{"allow":["GET"]}}],"collection":[{"href":"https:\/\/www.hediyepazar.com\/index.php?rest_route=\/wp\/v2\/product"}],"about":[{"href":"https:\/\/www.hediyepazar.com\/index.php?rest_route=\/wp\/v2\/types\/product"}],"replies":[{"embeddable":true,"href":"https:\/\/www.hediyepazar.com\/index.php?rest_route=%2Fwp%2Fv2%2Fcomments&post=114186"}],"wp:featuredmedia":[{"embeddable":true,"href":"https:\/\/www.hediyepazar.com\/index.php?rest_route=\/wp\/v2\/media\/114185"}],"wp:attachment":[{"href":"https:\/\/www.hediyepazar.com\/index.php?rest_route=%2Fwp%2Fv2%2Fmedia&parent=114186"}],"wp:term":[{"taxonomy":"product_brand","embeddable":true,"href":"https:\/\/www.hediyepazar.com\/index.php?rest_route=%2Fwp%2Fv2%2Fproduct_brand&post=114186"},{"taxonomy":"product_cat","embeddable":true,"href":"https:\/\/www.hediyepazar.com\/index.php?rest_route=%2Fwp%2Fv2%2Fproduct_cat&post=114186"},{"taxonomy":"product_tag","embeddable":true,"href":"https:\/\/www.hediyepazar.com\/index.php?rest_route=%2Fwp%2Fv2%2Fproduct_tag&post=114186"}],"curies":[{"name":"wp","href":"https:\/\/api.w.org\/{rel}","templated":true}]}}