{"id":114188,"date":"2026-05-05T12:20:39","date_gmt":"2026-05-05T15:20:39","guid":{"rendered":"https:\/\/www.hediyepazar.com\/?product=gunes-enerjili-led-duvar-aydinlatmasi"},"modified":"2026-05-05T12:20:39","modified_gmt":"2026-05-05T15:20:39","slug":"gunes-enerjili-led-duvar-aydinlatmasi","status":"publish","type":"product","link":"https:\/\/www.hediyepazar.com\/?product=gunes-enerjili-led-duvar-aydinlatmasi","title":{"rendered":"G\u00fcne\u015f Enerjili LED Duvar Ayd\u0131nlatmas\u0131"},"content":{"rendered":"<p>Bu LED duvar lambas\u0131, d\u0131\u015f mekanlar i\u00e7in tasarlanm\u0131\u015f, elektrik ba\u011flant\u0131s\u0131na ihtiya\u00e7 duymadan \u00e7al\u0131\u015fan g\u00fcne\u015f enerjili bir ayd\u0131nlatma \u00e7\u00f6z\u00fcm\u00fcd\u00fcr. \u00dczerindeki polikristalin silikon g\u00fcne\u015f paneli, g\u00fcn boyunca enerjiyi verimli \u015fekilde emer ve gece kullan\u0131m i\u00e7in 8 saatlik ayd\u0131nlatma sa\u011flar.IP65 sertifikal\u0131 su ge\u00e7irmezlik, \u00fcr\u00fcn\u00fc a\u00e7\u0131k hava ko\u015fullar\u0131na dayan\u0131kl\u0131 hale getirir. Cihaz ya\u011fmura, neme ve d\u0131\u015f ortam etkilerine kar\u015f\u0131 koruma sa\u011flar.Y\u00fcksek verimli 2 LED SMD lamba, enerji tasarrufu sa\u011flayarak uzun \u00f6m\u00fcrl\u00fc bir kullan\u0131m sunar. Abajur k\u0131sm\u0131nda kullan\u0131lan \u00f6zel PC malzeme, \u0131\u015f\u0131\u011f\u0131n daha geni\u015f ve net yay\u0131lmas\u0131n\u0131 m\u00fcmk\u00fcn k\u0131lar.\u00dcr\u00fcn, s\u0131cak \u0131\u015f\u0131k, beyaz \u0131\u015f\u0131k ve \u00e7ok renkli \u0131\u015f\u0131k olmak \u00fczere \u00fc\u00e7 farkl\u0131 \u0131\u015f\u0131k moduna sahiptir. Bu sayede ortam\u0131n ambiyans\u0131na uygun se\u00e7im yap\u0131labilir. Bah\u00e7elerde, balkonlarda, duvar \u00fcstlerinde ya da y\u00fcr\u00fcy\u00fc\u015f yollar\u0131nda rahatl\u0131kla kullan\u0131labilir.&nbsp;<\/p>\n","protected":false},"excerpt":{"rendered":"<p>Bu LED duvar lambas\u0131, d\u0131\u015f mekanlar i\u00e7in tasarlanm\u0131\u015f, elektrik ba\u011flant\u0131s\u0131na ihtiya\u00e7 duymadan \u00e7al\u0131\u015fan g\u00fcne\u015f enerjili bir ayd\u0131nlatma \u00e7\u00f6z\u00fcm\u00fcd\u00fcr. \u00dczerindeki polikristalin silikon g\u00fcne\u015f paneli, g\u00fcn boyunca enerjiyi verimli \u015fekilde emer ve gece kullan\u0131m i\u00e7in 8 saatlik ayd\u0131nlatma sa\u011flar.IP65 sertifikal\u0131 su ge\u00e7irmezlik, \u00fcr\u00fcn\u00fc a\u00e7\u0131k hava ko\u015fullar\u0131na dayan\u0131kl\u0131 hale getirir. Cihaz ya\u011fmura, neme ve d\u0131\u015f ortam etkilerine kar\u015f\u0131&#8230;<\/p>\n","protected":false},"featured_media":114187,"comment_status":"open","ping_status":"closed","template":"","meta":{"_kad_post_transparent":"","_kad_post_title":"","_kad_post_layout":"","_kad_post_sidebar_id":"","_kad_post_content_style":"","_kad_post_vertical_padding":"","_kad_post_feature":"","_kad_post_feature_position":"","_kad_post_header":false,"_kad_post_footer":false,"_kad_post_classname":""},"product_brand":[],"product_cat":[14946],"product_tag":[],"class_list":{"0":"post-114188","1":"product","2":"type-product","3":"status-publish","4":"has-post-thumbnail","6":"product_cat-bahce-aydinlatmasi-bahce-aydinlatmasi","8":"first","9":"instock","10":"purchasable","11":"product-type-simple","12":"entry","13":"content-bg","14":"loop-entry"},"_links":{"self":[{"href":"https:\/\/www.hediyepazar.com\/index.php?rest_route=\/wp\/v2\/product\/114188","targetHints":{"allow":["GET"]}}],"collection":[{"href":"https:\/\/www.hediyepazar.com\/index.php?rest_route=\/wp\/v2\/product"}],"about":[{"href":"https:\/\/www.hediyepazar.com\/index.php?rest_route=\/wp\/v2\/types\/product"}],"replies":[{"embeddable":true,"href":"https:\/\/www.hediyepazar.com\/index.php?rest_route=%2Fwp%2Fv2%2Fcomments&post=114188"}],"wp:featuredmedia":[{"embeddable":true,"href":"https:\/\/www.hediyepazar.com\/index.php?rest_route=\/wp\/v2\/media\/114187"}],"wp:attachment":[{"href":"https:\/\/www.hediyepazar.com\/index.php?rest_route=%2Fwp%2Fv2%2Fmedia&parent=114188"}],"wp:term":[{"taxonomy":"product_brand","embeddable":true,"href":"https:\/\/www.hediyepazar.com\/index.php?rest_route=%2Fwp%2Fv2%2Fproduct_brand&post=114188"},{"taxonomy":"product_cat","embeddable":true,"href":"https:\/\/www.hediyepazar.com\/index.php?rest_route=%2Fwp%2Fv2%2Fproduct_cat&post=114188"},{"taxonomy":"product_tag","embeddable":true,"href":"https:\/\/www.hediyepazar.com\/index.php?rest_route=%2Fwp%2Fv2%2Fproduct_tag&post=114188"}],"curies":[{"name":"wp","href":"https:\/\/api.w.org\/{rel}","templated":true}]}}