{"id":114192,"date":"2026-05-05T12:20:59","date_gmt":"2026-05-05T15:20:59","guid":{"rendered":"https:\/\/www.hediyepazar.com\/?product=araba-temizligi-icin-5-parca-firca-takimi"},"modified":"2026-05-05T12:20:59","modified_gmt":"2026-05-05T15:20:59","slug":"araba-temizligi-icin-5-parca-firca-takimi","status":"publish","type":"product","link":"https:\/\/www.hediyepazar.com\/?product=araba-temizligi-icin-5-parca-firca-takimi","title":{"rendered":"Araba Temizli\u011fi \u0130\u00e7in 5 Par\u00e7a F\u0131r\u00e7a Tak\u0131m\u0131"},"content":{"rendered":"<p>Bu ara\u00e7 bak\u0131m f\u0131r\u00e7as\u0131 seti, hassas temizlik isteyen kullan\u0131c\u0131lar i\u00e7in geli\u015ftirilmi\u015ftir. Yumu\u015fak ve esnek k\u0131llar, arac\u0131n t\u00fcm y\u00fczeylerinde \u00e7izik b\u0131rakmadan temizlik imk\u00e2n\u0131 sunar. 5 farkl\u0131 boyut sayesinde, geni\u015f alanlardan dar k\u00f6\u015felere kadar her noktaya ula\u015fmak m\u00fcmk\u00fcnd\u00fcr.\u00d6zellikle jantlar, \u00f6n panjur, havaland\u0131rma delikleri ve logo \u00e7evreleri gibi kir tutmaya meyilli alanlar i\u00e7in idealdir. F\u0131r\u00e7alar\u0131n \u00f6zel yap\u0131s\u0131 sayesinde toz, k\u0131r\u0131nt\u0131 ve inat\u00e7\u0131 kirler kolayca giderilir.Her f\u0131r\u00e7an\u0131n sap k\u0131sm\u0131nda delik mevcuttur, bu sayede ask\u0131ya asarak saklanabilir. Setin toplam a\u011f\u0131rl\u0131\u011f\u0131 260 gramd\u0131r ve ta\u015f\u0131mas\u0131 kolayd\u0131r. T\u00fcm binek ara\u00e7lar, motosikletler ve ticari ara\u00e7larla uyumludur.&nbsp;<\/p>\n","protected":false},"excerpt":{"rendered":"<p>Bu ara\u00e7 bak\u0131m f\u0131r\u00e7as\u0131 seti, hassas temizlik isteyen kullan\u0131c\u0131lar i\u00e7in geli\u015ftirilmi\u015ftir. Yumu\u015fak ve esnek k\u0131llar, arac\u0131n t\u00fcm y\u00fczeylerinde \u00e7izik b\u0131rakmadan temizlik imk\u00e2n\u0131 sunar. 5 farkl\u0131 boyut sayesinde, geni\u015f alanlardan dar k\u00f6\u015felere kadar her noktaya ula\u015fmak m\u00fcmk\u00fcnd\u00fcr.\u00d6zellikle jantlar, \u00f6n panjur, havaland\u0131rma delikleri ve logo \u00e7evreleri gibi kir tutmaya meyilli alanlar i\u00e7in idealdir. F\u0131r\u00e7alar\u0131n \u00f6zel yap\u0131s\u0131 sayesinde&#8230;<\/p>\n","protected":false},"featured_media":114191,"comment_status":"open","ping_status":"closed","template":"","meta":{"_kad_post_transparent":"","_kad_post_title":"","_kad_post_layout":"","_kad_post_sidebar_id":"","_kad_post_content_style":"","_kad_post_vertical_padding":"","_kad_post_feature":"","_kad_post_feature_position":"","_kad_post_header":false,"_kad_post_footer":false,"_kad_post_classname":""},"product_brand":[],"product_cat":[15053],"product_tag":[],"class_list":{"0":"post-114192","1":"product","2":"type-product","3":"status-publish","4":"has-post-thumbnail","6":"product_cat-oto-bakim-seti-oto-bakim-seti-2","8":"first","9":"instock","10":"purchasable","11":"product-type-simple","12":"entry","13":"content-bg","14":"loop-entry"},"_links":{"self":[{"href":"https:\/\/www.hediyepazar.com\/index.php?rest_route=\/wp\/v2\/product\/114192","targetHints":{"allow":["GET"]}}],"collection":[{"href":"https:\/\/www.hediyepazar.com\/index.php?rest_route=\/wp\/v2\/product"}],"about":[{"href":"https:\/\/www.hediyepazar.com\/index.php?rest_route=\/wp\/v2\/types\/product"}],"replies":[{"embeddable":true,"href":"https:\/\/www.hediyepazar.com\/index.php?rest_route=%2Fwp%2Fv2%2Fcomments&post=114192"}],"wp:featuredmedia":[{"embeddable":true,"href":"https:\/\/www.hediyepazar.com\/index.php?rest_route=\/wp\/v2\/media\/114191"}],"wp:attachment":[{"href":"https:\/\/www.hediyepazar.com\/index.php?rest_route=%2Fwp%2Fv2%2Fmedia&parent=114192"}],"wp:term":[{"taxonomy":"product_brand","embeddable":true,"href":"https:\/\/www.hediyepazar.com\/index.php?rest_route=%2Fwp%2Fv2%2Fproduct_brand&post=114192"},{"taxonomy":"product_cat","embeddable":true,"href":"https:\/\/www.hediyepazar.com\/index.php?rest_route=%2Fwp%2Fv2%2Fproduct_cat&post=114192"},{"taxonomy":"product_tag","embeddable":true,"href":"https:\/\/www.hediyepazar.com\/index.php?rest_route=%2Fwp%2Fv2%2Fproduct_tag&post=114192"}],"curies":[{"name":"wp","href":"https:\/\/api.w.org\/{rel}","templated":true}]}}