{"id":114204,"date":"2026-05-05T12:21:59","date_gmt":"2026-05-05T15:21:59","guid":{"rendered":"https:\/\/www.hediyepazar.com\/?product=1800-mah-guclu-sarj-kutusu-ile-bluetooth-kulaklik-seti"},"modified":"2026-05-05T12:21:59","modified_gmt":"2026-05-05T15:21:59","slug":"1800-mah-guclu-sarj-kutusu-ile-bluetooth-kulaklik-seti","status":"publish","type":"product","link":"https:\/\/www.hediyepazar.com\/?product=1800-mah-guclu-sarj-kutusu-ile-bluetooth-kulaklik-seti","title":{"rendered":"1800\u202fmAh G\u00fc\u00e7l\u00fc \u015earj Kutusu ile Bluetooth Kulakl\u0131k Seti"},"content":{"rendered":"<p>Bu kulakl\u0131k, son teknoloji Bluetooth V5.0 ile donat\u0131lm\u0131\u015f olup, kesintisiz ve stabil sinyal iletimi sunar. 10 metre menzil, m\u00fczik ve g\u00f6r\u00fc\u015fmeleri sorunsuz yapman\u0131z\u0131 sa\u011flar. Parmak izi dokunmatik y\u00fczeyi ses kontrol\u00fc, \u00e7a\u011fr\u0131 yan\u0131t\u0131 ve par\u00e7alar aras\u0131nda ge\u00e7i\u015fi sezgisel hale getirir.Her bir kulakl\u0131k, 40\u202fmAh piliyle 3\u20134 saatlik kullan\u0131m sa\u011flar. 1800\u202fmAh \u015farj kutusu, kulakl\u0131klar\u0131 birden fazla kez \u015farj etmeye, ayr\u0131ca telefon veya tablet gibi cihazlara destek sa\u011flamaya olanak tan\u0131r. B\u00f6ylece toplam kullan\u0131m s\u00fcresi 16\u201317 saat civar\u0131na ula\u015f\u0131r.Malzeme olarak ABS kullan\u0131lan \u00fcr\u00fcn, dayan\u0131kl\u0131 ve hafiftir (yakla\u015f\u0131k 115\u202fg). Paket i\u00e7eri\u011fi; 2 kulakl\u0131k, \u015farj kutusu, 2 \u00e7ift yedek kulak ucu ve \u015farj kablosudur. \u00c7e\u015fitli cep telefonu ve tablet modelleriyle geni\u015f uyumluluk sunar.&nbsp;<\/p>\n","protected":false},"excerpt":{"rendered":"<p>Bu kulakl\u0131k, son teknoloji Bluetooth V5.0 ile donat\u0131lm\u0131\u015f olup, kesintisiz ve stabil sinyal iletimi sunar. 10 metre menzil, m\u00fczik ve g\u00f6r\u00fc\u015fmeleri sorunsuz yapman\u0131z\u0131 sa\u011flar. Parmak izi dokunmatik y\u00fczeyi ses kontrol\u00fc, \u00e7a\u011fr\u0131 yan\u0131t\u0131 ve par\u00e7alar aras\u0131nda ge\u00e7i\u015fi sezgisel hale getirir.Her bir kulakl\u0131k, 40\u202fmAh piliyle 3\u20134 saatlik kullan\u0131m sa\u011flar. 1800\u202fmAh \u015farj kutusu, kulakl\u0131klar\u0131 birden fazla kez \u015farj&#8230;<\/p>\n","protected":false},"featured_media":114203,"comment_status":"open","ping_status":"closed","template":"","meta":{"_kad_post_transparent":"","_kad_post_title":"","_kad_post_layout":"","_kad_post_sidebar_id":"","_kad_post_content_style":"","_kad_post_vertical_padding":"","_kad_post_feature":"","_kad_post_feature_position":"","_kad_post_header":false,"_kad_post_footer":false,"_kad_post_classname":""},"product_brand":[],"product_cat":[14957],"product_tag":[],"class_list":{"0":"post-114204","1":"product","2":"type-product","3":"status-publish","4":"has-post-thumbnail","6":"product_cat-kablosuz-kulaklik-kablosuz-kulaklik","8":"first","9":"instock","10":"purchasable","11":"product-type-simple","12":"entry","13":"content-bg","14":"loop-entry"},"_links":{"self":[{"href":"https:\/\/www.hediyepazar.com\/index.php?rest_route=\/wp\/v2\/product\/114204","targetHints":{"allow":["GET"]}}],"collection":[{"href":"https:\/\/www.hediyepazar.com\/index.php?rest_route=\/wp\/v2\/product"}],"about":[{"href":"https:\/\/www.hediyepazar.com\/index.php?rest_route=\/wp\/v2\/types\/product"}],"replies":[{"embeddable":true,"href":"https:\/\/www.hediyepazar.com\/index.php?rest_route=%2Fwp%2Fv2%2Fcomments&post=114204"}],"wp:featuredmedia":[{"embeddable":true,"href":"https:\/\/www.hediyepazar.com\/index.php?rest_route=\/wp\/v2\/media\/114203"}],"wp:attachment":[{"href":"https:\/\/www.hediyepazar.com\/index.php?rest_route=%2Fwp%2Fv2%2Fmedia&parent=114204"}],"wp:term":[{"taxonomy":"product_brand","embeddable":true,"href":"https:\/\/www.hediyepazar.com\/index.php?rest_route=%2Fwp%2Fv2%2Fproduct_brand&post=114204"},{"taxonomy":"product_cat","embeddable":true,"href":"https:\/\/www.hediyepazar.com\/index.php?rest_route=%2Fwp%2Fv2%2Fproduct_cat&post=114204"},{"taxonomy":"product_tag","embeddable":true,"href":"https:\/\/www.hediyepazar.com\/index.php?rest_route=%2Fwp%2Fv2%2Fproduct_tag&post=114204"}],"curies":[{"name":"wp","href":"https:\/\/api.w.org\/{rel}","templated":true}]}}