{"id":114220,"date":"2026-05-05T12:23:23","date_gmt":"2026-05-05T15:23:23","guid":{"rendered":"https:\/\/www.hediyepazar.com\/?product=coklu-cihaz-uyumlu-led-ekranli-50000-mah-powerbank"},"modified":"2026-05-05T12:23:23","modified_gmt":"2026-05-05T15:23:23","slug":"coklu-cihaz-uyumlu-led-ekranli-50000-mah-powerbank","status":"publish","type":"product","link":"https:\/\/www.hediyepazar.com\/?product=coklu-cihaz-uyumlu-led-ekranli-50000-mah-powerbank","title":{"rendered":"\u00c7oklu Cihaz Uyumlu LED Ekranl\u0131 50000 mAh Powerbank"},"content":{"rendered":"<p>Bu ta\u015f\u0131nabilir \u015farj cihaz\u0131, g\u00fcnl\u00fck ya\u015famda ve seyahatlerde maksimum performans arayan kullan\u0131c\u0131lar i\u00e7in ideal bir tercihtir. 50000mAh kapasiteli pili sayesinde tek \u015farjla bir\u00e7ok cihaz\u0131 birden fazla kez \u015farj edebilirsiniz. Yeni nesil PD 22.5W \u00e7\u0131k\u0131\u015f sayesinde cihazlar\u0131n\u0131z\u0131 en k\u0131sa s\u00fcrede \u015farj eder.Micro USB, Lightning ve Type-C giri\u015f portlar\u0131 ile farkl\u0131 kablo tipleri ile uyumludur. D\u00f6rt adet \u00e7\u0131k\u0131\u015f portu ayn\u0131 anda \u00e7oklu cihaz \u015farj\u0131n\u0131 destekler. LED kamp lambas\u0131 gece acil durumlar i\u00e7in idealdir.Geli\u015fmi\u015f devre koruma teknolojisi ile donat\u0131lm\u0131\u015f olan bu cihaz, a\u015f\u0131r\u0131 y\u00fcklenme, k\u0131sa devre ve s\u0131cakl\u0131k art\u0131\u015flar\u0131na kar\u015f\u0131 tam koruma sa\u011flar. Kompakt yap\u0131s\u0131 sayesinde s\u0131rt \u00e7antas\u0131nda veya ara\u00e7ta kolay ta\u015f\u0131nabilir.&nbsp;&nbsp;<\/p>\n","protected":false},"excerpt":{"rendered":"<p>Bu ta\u015f\u0131nabilir \u015farj cihaz\u0131, g\u00fcnl\u00fck ya\u015famda ve seyahatlerde maksimum performans arayan kullan\u0131c\u0131lar i\u00e7in ideal bir tercihtir. 50000mAh kapasiteli pili sayesinde tek \u015farjla bir\u00e7ok cihaz\u0131 birden fazla kez \u015farj edebilirsiniz. Yeni nesil PD 22.5W \u00e7\u0131k\u0131\u015f sayesinde cihazlar\u0131n\u0131z\u0131 en k\u0131sa s\u00fcrede \u015farj eder.Micro USB, Lightning ve Type-C giri\u015f portlar\u0131 ile farkl\u0131 kablo tipleri ile uyumludur. D\u00f6rt adet&#8230;<\/p>\n","protected":false},"featured_media":114219,"comment_status":"open","ping_status":"closed","template":"","meta":{"_kad_post_transparent":"","_kad_post_title":"","_kad_post_layout":"","_kad_post_sidebar_id":"","_kad_post_content_style":"","_kad_post_vertical_padding":"","_kad_post_feature":"","_kad_post_feature_position":"","_kad_post_header":false,"_kad_post_footer":false,"_kad_post_classname":""},"product_brand":[],"product_cat":[14937],"product_tag":[],"class_list":{"0":"post-114220","1":"product","2":"type-product","3":"status-publish","4":"has-post-thumbnail","6":"product_cat-powerbank-powerbank-2","8":"first","9":"instock","10":"purchasable","11":"product-type-simple","12":"entry","13":"content-bg","14":"loop-entry"},"_links":{"self":[{"href":"https:\/\/www.hediyepazar.com\/index.php?rest_route=\/wp\/v2\/product\/114220","targetHints":{"allow":["GET"]}}],"collection":[{"href":"https:\/\/www.hediyepazar.com\/index.php?rest_route=\/wp\/v2\/product"}],"about":[{"href":"https:\/\/www.hediyepazar.com\/index.php?rest_route=\/wp\/v2\/types\/product"}],"replies":[{"embeddable":true,"href":"https:\/\/www.hediyepazar.com\/index.php?rest_route=%2Fwp%2Fv2%2Fcomments&post=114220"}],"wp:featuredmedia":[{"embeddable":true,"href":"https:\/\/www.hediyepazar.com\/index.php?rest_route=\/wp\/v2\/media\/114219"}],"wp:attachment":[{"href":"https:\/\/www.hediyepazar.com\/index.php?rest_route=%2Fwp%2Fv2%2Fmedia&parent=114220"}],"wp:term":[{"taxonomy":"product_brand","embeddable":true,"href":"https:\/\/www.hediyepazar.com\/index.php?rest_route=%2Fwp%2Fv2%2Fproduct_brand&post=114220"},{"taxonomy":"product_cat","embeddable":true,"href":"https:\/\/www.hediyepazar.com\/index.php?rest_route=%2Fwp%2Fv2%2Fproduct_cat&post=114220"},{"taxonomy":"product_tag","embeddable":true,"href":"https:\/\/www.hediyepazar.com\/index.php?rest_route=%2Fwp%2Fv2%2Fproduct_tag&post=114220"}],"curies":[{"name":"wp","href":"https:\/\/api.w.org\/{rel}","templated":true}]}}