{"id":114224,"date":"2026-05-05T12:23:45","date_gmt":"2026-05-05T15:23:45","guid":{"rendered":"https:\/\/www.hediyepazar.com\/?product=m15-video-oyun-konsolu-20-emulator-destekli-64gb-bellekli"},"modified":"2026-05-05T12:23:45","modified_gmt":"2026-05-05T15:23:45","slug":"m15-video-oyun-konsolu-20-emulator-destekli-64gb-bellekli","status":"publish","type":"product","link":"https:\/\/www.hediyepazar.com\/?product=m15-video-oyun-konsolu-20-emulator-destekli-64gb-bellekli","title":{"rendered":"M15 Video Oyun Konsolu 20 Em\u00fclat\u00f6r Destekli 64GB Bellekli"},"content":{"rendered":"<p>Oyun tutkunlar\u0131 i\u00e7in geli\u015ftirilmi\u015f olan M15 retro konsol, 20000 oyunla birlikte 20 farkl\u0131 em\u00fclat\u00f6r\u00fc destekleyerek ge\u00e7mi\u015fin en sevilen konsol oyunlar\u0131n\u0131 g\u00fcn\u00fcm\u00fcz ekranlar\u0131na ta\u015f\u0131yor. Hem \u00e7ocuklara hem yeti\u015fkinlere hitap eden bu cihaz, y\u00fcksek \u00e7\u00f6z\u00fcn\u00fcrl\u00fckl\u00fc HDMI ba\u011flant\u0131s\u0131 sayesinde televizyona ba\u011flanarak HD g\u00f6r\u00fcnt\u00fc kalitesi sunar.Kutu i\u00e7eri\u011finde 64GB\u2019l\u0131k micro SD kart, 2 adet kablosuz gamepad, HDMI kablosu ve g\u00fc\u00e7 ba\u011flant\u0131 \u00fcnitesi bulunur. Cihaz, d\u00f6rt \u00e7ekirdekli Cortex-A7 i\u015flemci ve 256MB DDR3 RAM ile \u00e7al\u0131\u015f\u0131r. Tak ve \u00e7al\u0131\u015ft\u0131r mant\u0131\u011f\u0131 ile zahmetsiz \u015fekilde kullan\u0131l\u0131r.Kablosuz kollar sayesinde, oyun oynarken diledi\u011finiz pozisyonda rahat\u00e7a hareket edebilirsiniz. Ayr\u0131ca \u00e7ok dilli aray\u00fcz deste\u011fiyle kullan\u0131c\u0131ya kolayl\u0131k sa\u011flar. Kompakt tasar\u0131m\u0131yla her yere rahat\u00e7a ta\u015f\u0131nabilir.&nbsp;<\/p>\n","protected":false},"excerpt":{"rendered":"<p>Oyun tutkunlar\u0131 i\u00e7in geli\u015ftirilmi\u015f olan M15 retro konsol, 20000 oyunla birlikte 20 farkl\u0131 em\u00fclat\u00f6r\u00fc destekleyerek ge\u00e7mi\u015fin en sevilen konsol oyunlar\u0131n\u0131 g\u00fcn\u00fcm\u00fcz ekranlar\u0131na ta\u015f\u0131yor. Hem \u00e7ocuklara hem yeti\u015fkinlere hitap eden bu cihaz, y\u00fcksek \u00e7\u00f6z\u00fcn\u00fcrl\u00fckl\u00fc HDMI ba\u011flant\u0131s\u0131 sayesinde televizyona ba\u011flanarak HD g\u00f6r\u00fcnt\u00fc kalitesi sunar.Kutu i\u00e7eri\u011finde 64GB\u2019l\u0131k micro SD kart, 2 adet kablosuz gamepad, HDMI kablosu ve g\u00fc\u00e7&#8230;<\/p>\n","protected":false},"featured_media":114223,"comment_status":"open","ping_status":"closed","template":"","meta":{"_kad_post_transparent":"","_kad_post_title":"","_kad_post_layout":"","_kad_post_sidebar_id":"","_kad_post_content_style":"","_kad_post_vertical_padding":"","_kad_post_feature":"","_kad_post_feature_position":"","_kad_post_header":false,"_kad_post_footer":false,"_kad_post_classname":""},"product_brand":[],"product_cat":[14961],"product_tag":[],"class_list":{"0":"post-114224","1":"product","2":"type-product","3":"status-publish","4":"has-post-thumbnail","6":"product_cat-oyun-konsolu-oyun-konsolu","8":"first","9":"instock","10":"purchasable","11":"product-type-simple","12":"entry","13":"content-bg","14":"loop-entry"},"_links":{"self":[{"href":"https:\/\/www.hediyepazar.com\/index.php?rest_route=\/wp\/v2\/product\/114224","targetHints":{"allow":["GET"]}}],"collection":[{"href":"https:\/\/www.hediyepazar.com\/index.php?rest_route=\/wp\/v2\/product"}],"about":[{"href":"https:\/\/www.hediyepazar.com\/index.php?rest_route=\/wp\/v2\/types\/product"}],"replies":[{"embeddable":true,"href":"https:\/\/www.hediyepazar.com\/index.php?rest_route=%2Fwp%2Fv2%2Fcomments&post=114224"}],"wp:featuredmedia":[{"embeddable":true,"href":"https:\/\/www.hediyepazar.com\/index.php?rest_route=\/wp\/v2\/media\/114223"}],"wp:attachment":[{"href":"https:\/\/www.hediyepazar.com\/index.php?rest_route=%2Fwp%2Fv2%2Fmedia&parent=114224"}],"wp:term":[{"taxonomy":"product_brand","embeddable":true,"href":"https:\/\/www.hediyepazar.com\/index.php?rest_route=%2Fwp%2Fv2%2Fproduct_brand&post=114224"},{"taxonomy":"product_cat","embeddable":true,"href":"https:\/\/www.hediyepazar.com\/index.php?rest_route=%2Fwp%2Fv2%2Fproduct_cat&post=114224"},{"taxonomy":"product_tag","embeddable":true,"href":"https:\/\/www.hediyepazar.com\/index.php?rest_route=%2Fwp%2Fv2%2Fproduct_tag&post=114224"}],"curies":[{"name":"wp","href":"https:\/\/api.w.org\/{rel}","templated":true}]}}