{"id":114230,"date":"2026-05-05T12:24:19","date_gmt":"2026-05-05T15:24:19","guid":{"rendered":"https:\/\/www.hediyepazar.com\/?product=2-kablosuz-kollu-hdmi-uyumlu-m15-oyun-konsolu"},"modified":"2026-05-05T12:24:19","modified_gmt":"2026-05-05T15:24:19","slug":"2-kablosuz-kollu-hdmi-uyumlu-m15-oyun-konsolu","status":"publish","type":"product","link":"https:\/\/www.hediyepazar.com\/?product=2-kablosuz-kollu-hdmi-uyumlu-m15-oyun-konsolu","title":{"rendered":"2 Kablosuz Kollu HDMI Uyumlu M15 Oyun Konsolu"},"content":{"rendered":"<p>M15 retro oyun \u00e7ubu\u011fu, eski zamanlar\u0131n favori konsol oyunlar\u0131n\u0131 modern teknolojiyle bulu\u015fturuyor. NES\u2019ten PS1\u2019e, SEGA\u2019dan MAME\u2019e kadar toplam 20 em\u00fclat\u00f6r ve 20.000\u2019den fazla oyun ile geliyor. Cihaz, TV\u2019ye kolayca ba\u011flanarak 4K HDMI g\u00f6r\u00fcnt\u00fc kalitesinde oyun deneyimi sunar.Kablosuz 2.4GHz ba\u011flant\u0131 destekli iki oyun kolu ile birlikte gelen konsol, kullan\u0131c\u0131ya hareket \u00f6zg\u00fcrl\u00fc\u011f\u00fc sa\u011flar. Gerekli olan tek \u015fey HDMI giri\u015fi bulunan bir ekran ve bir g\u00fc\u00e7 ba\u011flant\u0131s\u0131d\u0131r. Cihaz karma\u015f\u0131k kuruluma gerek duymadan \u00e7al\u0131\u015f\u0131r.Aile i\u00e7inde e\u011flenceli vakit ge\u00e7irmek isteyenler i\u00e7in idealdir. Ayr\u0131ca do\u011fum g\u00fcn\u00fc ya da \u00f6zel g\u00fcnlerde, retro oyun tutkunu tan\u0131d\u0131klar i\u00e7in nostaljik ve e\u011flenceli bir hediye alternatifi sunar.&nbsp;<\/p>\n","protected":false},"excerpt":{"rendered":"<p>M15 retro oyun \u00e7ubu\u011fu, eski zamanlar\u0131n favori konsol oyunlar\u0131n\u0131 modern teknolojiyle bulu\u015fturuyor. NES\u2019ten PS1\u2019e, SEGA\u2019dan MAME\u2019e kadar toplam 20 em\u00fclat\u00f6r ve 20.000\u2019den fazla oyun ile geliyor. Cihaz, TV\u2019ye kolayca ba\u011flanarak 4K HDMI g\u00f6r\u00fcnt\u00fc kalitesinde oyun deneyimi sunar.Kablosuz 2.4GHz ba\u011flant\u0131 destekli iki oyun kolu ile birlikte gelen konsol, kullan\u0131c\u0131ya hareket \u00f6zg\u00fcrl\u00fc\u011f\u00fc sa\u011flar. Gerekli olan tek \u015fey&#8230;<\/p>\n","protected":false},"featured_media":114229,"comment_status":"open","ping_status":"closed","template":"","meta":{"_kad_post_transparent":"","_kad_post_title":"","_kad_post_layout":"","_kad_post_sidebar_id":"","_kad_post_content_style":"","_kad_post_vertical_padding":"","_kad_post_feature":"","_kad_post_feature_position":"","_kad_post_header":false,"_kad_post_footer":false,"_kad_post_classname":""},"product_brand":[],"product_cat":[14961],"product_tag":[],"class_list":{"0":"post-114230","1":"product","2":"type-product","3":"status-publish","4":"has-post-thumbnail","6":"product_cat-oyun-konsolu-oyun-konsolu","8":"first","9":"instock","10":"purchasable","11":"product-type-simple","12":"entry","13":"content-bg","14":"loop-entry"},"_links":{"self":[{"href":"https:\/\/www.hediyepazar.com\/index.php?rest_route=\/wp\/v2\/product\/114230","targetHints":{"allow":["GET"]}}],"collection":[{"href":"https:\/\/www.hediyepazar.com\/index.php?rest_route=\/wp\/v2\/product"}],"about":[{"href":"https:\/\/www.hediyepazar.com\/index.php?rest_route=\/wp\/v2\/types\/product"}],"replies":[{"embeddable":true,"href":"https:\/\/www.hediyepazar.com\/index.php?rest_route=%2Fwp%2Fv2%2Fcomments&post=114230"}],"wp:featuredmedia":[{"embeddable":true,"href":"https:\/\/www.hediyepazar.com\/index.php?rest_route=\/wp\/v2\/media\/114229"}],"wp:attachment":[{"href":"https:\/\/www.hediyepazar.com\/index.php?rest_route=%2Fwp%2Fv2%2Fmedia&parent=114230"}],"wp:term":[{"taxonomy":"product_brand","embeddable":true,"href":"https:\/\/www.hediyepazar.com\/index.php?rest_route=%2Fwp%2Fv2%2Fproduct_brand&post=114230"},{"taxonomy":"product_cat","embeddable":true,"href":"https:\/\/www.hediyepazar.com\/index.php?rest_route=%2Fwp%2Fv2%2Fproduct_cat&post=114230"},{"taxonomy":"product_tag","embeddable":true,"href":"https:\/\/www.hediyepazar.com\/index.php?rest_route=%2Fwp%2Fv2%2Fproduct_tag&post=114230"}],"curies":[{"name":"wp","href":"https:\/\/api.w.org\/{rel}","templated":true}]}}