{"id":114232,"date":"2026-05-05T12:24:27","date_gmt":"2026-05-05T15:24:27","guid":{"rendered":"https:\/\/www.hediyepazar.com\/?product=2-kollu-kablosuz-4k-tv-uyumlu-klasik-oyun-konsolu"},"modified":"2026-05-05T12:24:27","modified_gmt":"2026-05-05T15:24:27","slug":"2-kollu-kablosuz-4k-tv-uyumlu-klasik-oyun-konsolu","status":"publish","type":"product","link":"https:\/\/www.hediyepazar.com\/?product=2-kollu-kablosuz-4k-tv-uyumlu-klasik-oyun-konsolu","title":{"rendered":"2 Kollu Kablosuz 4K TV Uyumlu Klasik Oyun Konsolu"},"content":{"rendered":"<p>M15 Retro Oyun Konsolu, 64GB SD kart\u0131nda y\u00fckl\u00fc 20.000 klasik oyunla beraber gelir. NES, SNES, SEGA, PS1 ve MAME gibi 20 farkl\u0131 retro oyun platformunu destekleyen bu cihaz, hem nostaljik hem e\u011flenceli bir oyun deneyimi sunar. Kurulum gerektirmeden do\u011frudan TV\u2019ye HDMI kabloyla ba\u011flanarak kolayca kullan\u0131l\u0131r.D\u00f6rt \u00e7ekirdekli Cortex-A7 i\u015flemci ve 256MB RAM ile \u00e7al\u0131\u015fan sistem, RetroArch a\u00e7\u0131k kaynak aray\u00fcz\u00fcyle kullan\u0131c\u0131 dostu bir men\u00fc sunar. \u00c7ok dilli destek sayesinde farkl\u0131 dillerde rahatl\u0131kla kullan\u0131labilir. \u00dcr\u00fcnle birlikte gelen 2 adet kablosuz gamepad sayesinde koltukta rahat\u00e7a oturarak oyun oynayabilir, kablo kalabal\u0131\u011f\u0131 olmadan \u00f6zg\u00fcrce hareket edebilirsiniz. (Not: AAA piller pakete dahil de\u011fildir.)Cihaz, \u00e7ocuklar i\u00e7in yeni bir d\u00fcnya, yeti\u015fkinler i\u00e7inse ge\u00e7mi\u015fe nostaljik bir yolculuk sunar. Geni\u015f oyun ar\u015fivi sayesinde ailece keyifli zaman ge\u00e7irmek i\u00e7in idealdir. Kompakt yap\u0131s\u0131 sayesinde seyahatlerde yan\u0131n\u0131zda kolayca ta\u015f\u0131yabilir, TV olan her yerde oyun oynayabilirsiniz.<\/p>\n","protected":false},"excerpt":{"rendered":"<p>M15 Retro Oyun Konsolu, 64GB SD kart\u0131nda y\u00fckl\u00fc 20.000 klasik oyunla beraber gelir. NES, SNES, SEGA, PS1 ve MAME gibi 20 farkl\u0131 retro oyun platformunu destekleyen bu cihaz, hem nostaljik hem e\u011flenceli bir oyun deneyimi sunar. Kurulum gerektirmeden do\u011frudan TV\u2019ye HDMI kabloyla ba\u011flanarak kolayca kullan\u0131l\u0131r.D\u00f6rt \u00e7ekirdekli Cortex-A7 i\u015flemci ve 256MB RAM ile \u00e7al\u0131\u015fan sistem, RetroArch&#8230;<\/p>\n","protected":false},"featured_media":114231,"comment_status":"open","ping_status":"closed","template":"","meta":{"_kad_post_transparent":"","_kad_post_title":"","_kad_post_layout":"","_kad_post_sidebar_id":"","_kad_post_content_style":"","_kad_post_vertical_padding":"","_kad_post_feature":"","_kad_post_feature_position":"","_kad_post_header":false,"_kad_post_footer":false,"_kad_post_classname":""},"product_brand":[],"product_cat":[14961],"product_tag":[],"class_list":{"0":"post-114232","1":"product","2":"type-product","3":"status-publish","4":"has-post-thumbnail","6":"product_cat-oyun-konsolu-oyun-konsolu","8":"first","9":"instock","10":"purchasable","11":"product-type-simple","12":"entry","13":"content-bg","14":"loop-entry"},"_links":{"self":[{"href":"https:\/\/www.hediyepazar.com\/index.php?rest_route=\/wp\/v2\/product\/114232","targetHints":{"allow":["GET"]}}],"collection":[{"href":"https:\/\/www.hediyepazar.com\/index.php?rest_route=\/wp\/v2\/product"}],"about":[{"href":"https:\/\/www.hediyepazar.com\/index.php?rest_route=\/wp\/v2\/types\/product"}],"replies":[{"embeddable":true,"href":"https:\/\/www.hediyepazar.com\/index.php?rest_route=%2Fwp%2Fv2%2Fcomments&post=114232"}],"wp:featuredmedia":[{"embeddable":true,"href":"https:\/\/www.hediyepazar.com\/index.php?rest_route=\/wp\/v2\/media\/114231"}],"wp:attachment":[{"href":"https:\/\/www.hediyepazar.com\/index.php?rest_route=%2Fwp%2Fv2%2Fmedia&parent=114232"}],"wp:term":[{"taxonomy":"product_brand","embeddable":true,"href":"https:\/\/www.hediyepazar.com\/index.php?rest_route=%2Fwp%2Fv2%2Fproduct_brand&post=114232"},{"taxonomy":"product_cat","embeddable":true,"href":"https:\/\/www.hediyepazar.com\/index.php?rest_route=%2Fwp%2Fv2%2Fproduct_cat&post=114232"},{"taxonomy":"product_tag","embeddable":true,"href":"https:\/\/www.hediyepazar.com\/index.php?rest_route=%2Fwp%2Fv2%2Fproduct_tag&post=114232"}],"curies":[{"name":"wp","href":"https:\/\/api.w.org\/{rel}","templated":true}]}}