{"id":114238,"date":"2026-05-05T12:24:51","date_gmt":"2026-05-05T15:24:51","guid":{"rendered":"https:\/\/www.hediyepazar.com\/?product=profesyonel-kullanima-uygun-13-parca-makyaj-fircasi-takimi-fiber-killi"},"modified":"2026-05-05T12:24:51","modified_gmt":"2026-05-05T15:24:51","slug":"profesyonel-kullanima-uygun-13-parca-makyaj-fircasi-takimi-fiber-killi","status":"publish","type":"product","link":"https:\/\/www.hediyepazar.com\/?product=profesyonel-kullanima-uygun-13-parca-makyaj-fircasi-takimi-fiber-killi","title":{"rendered":"Profesyonel Kullan\u0131ma Uygun 13 Par\u00e7a Makyaj F\u0131r\u00e7as\u0131 Tak\u0131m\u0131 Fiber K\u0131ll\u0131"},"content":{"rendered":"<p>\u0130nce i\u015f\u00e7ilikle \u00fcretilmi\u015f bu 13\u2019l\u00fc makyaj f\u0131r\u00e7as\u0131 seti, \u00f6zellikle hassas b\u00f6lgelerde do\u011fal ve p\u00fcr\u00fczs\u00fcz uygulamalar yapman\u0131z\u0131 sa\u011flar. Yumu\u015fak ve yo\u011fun fiber k\u0131llar\u0131, \u00fcr\u00fcnleri kolayca tutarak y\u00fcz\u00fcn\u00fczde e\u015fit da\u011f\u0131lmas\u0131n\u0131 sa\u011flar. Kont\u00fcr, all\u0131k, far, pudra ve fond\u00f6ten gibi t\u00fcm \u00fcr\u00fcnler i\u00e7in farkl\u0131 boyutlarda f\u0131r\u00e7alar i\u00e7erir. Set, yeni ba\u015flayanlar i\u00e7in de profesyoneller i\u00e7in de uygundur. Dayan\u0131kl\u0131 ABS saplar ve hafif tasar\u0131m\u0131yla uzun \u00f6m\u00fcrl\u00fc kullan\u0131m sunar. Hem estetik hem de fonksiyonel bu set, makyaj rutininizi bir \u00fcst seviyeye ta\u015f\u0131r.<\/p>\n","protected":false},"excerpt":{"rendered":"<p>\u0130nce i\u015f\u00e7ilikle \u00fcretilmi\u015f bu 13\u2019l\u00fc makyaj f\u0131r\u00e7as\u0131 seti, \u00f6zellikle hassas b\u00f6lgelerde do\u011fal ve p\u00fcr\u00fczs\u00fcz uygulamalar yapman\u0131z\u0131 sa\u011flar. Yumu\u015fak ve yo\u011fun fiber k\u0131llar\u0131, \u00fcr\u00fcnleri kolayca tutarak y\u00fcz\u00fcn\u00fczde e\u015fit da\u011f\u0131lmas\u0131n\u0131 sa\u011flar. Kont\u00fcr, all\u0131k, far, pudra ve fond\u00f6ten gibi t\u00fcm \u00fcr\u00fcnler i\u00e7in farkl\u0131 boyutlarda f\u0131r\u00e7alar i\u00e7erir. Set, yeni ba\u015flayanlar i\u00e7in de profesyoneller i\u00e7in de uygundur. Dayan\u0131kl\u0131 ABS saplar&#8230;<\/p>\n","protected":false},"featured_media":114237,"comment_status":"open","ping_status":"closed","template":"","meta":{"_kad_post_transparent":"","_kad_post_title":"","_kad_post_layout":"","_kad_post_sidebar_id":"","_kad_post_content_style":"","_kad_post_vertical_padding":"","_kad_post_feature":"","_kad_post_feature_position":"","_kad_post_header":false,"_kad_post_footer":false,"_kad_post_classname":""},"product_brand":[],"product_cat":[14944],"product_tag":[],"class_list":{"0":"post-114238","1":"product","2":"type-product","3":"status-publish","4":"has-post-thumbnail","6":"product_cat-makyaj-fircasi-makyaj-fircasi","8":"first","9":"instock","10":"purchasable","11":"product-type-simple","12":"entry","13":"content-bg","14":"loop-entry"},"_links":{"self":[{"href":"https:\/\/www.hediyepazar.com\/index.php?rest_route=\/wp\/v2\/product\/114238","targetHints":{"allow":["GET"]}}],"collection":[{"href":"https:\/\/www.hediyepazar.com\/index.php?rest_route=\/wp\/v2\/product"}],"about":[{"href":"https:\/\/www.hediyepazar.com\/index.php?rest_route=\/wp\/v2\/types\/product"}],"replies":[{"embeddable":true,"href":"https:\/\/www.hediyepazar.com\/index.php?rest_route=%2Fwp%2Fv2%2Fcomments&post=114238"}],"wp:featuredmedia":[{"embeddable":true,"href":"https:\/\/www.hediyepazar.com\/index.php?rest_route=\/wp\/v2\/media\/114237"}],"wp:attachment":[{"href":"https:\/\/www.hediyepazar.com\/index.php?rest_route=%2Fwp%2Fv2%2Fmedia&parent=114238"}],"wp:term":[{"taxonomy":"product_brand","embeddable":true,"href":"https:\/\/www.hediyepazar.com\/index.php?rest_route=%2Fwp%2Fv2%2Fproduct_brand&post=114238"},{"taxonomy":"product_cat","embeddable":true,"href":"https:\/\/www.hediyepazar.com\/index.php?rest_route=%2Fwp%2Fv2%2Fproduct_cat&post=114238"},{"taxonomy":"product_tag","embeddable":true,"href":"https:\/\/www.hediyepazar.com\/index.php?rest_route=%2Fwp%2Fv2%2Fproduct_tag&post=114238"}],"curies":[{"name":"wp","href":"https:\/\/api.w.org\/{rel}","templated":true}]}}