{"id":114264,"date":"2026-05-05T12:26:26","date_gmt":"2026-05-05T15:26:26","guid":{"rendered":"https:\/\/www.hediyepazar.com\/?product=144-ledli-genis-aydinlatma-alanina-sahip-gunes-enerjili-guvenlik-lambasi"},"modified":"2026-05-05T12:26:26","modified_gmt":"2026-05-05T15:26:26","slug":"144-ledli-genis-aydinlatma-alanina-sahip-gunes-enerjili-guvenlik-lambasi","status":"publish","type":"product","link":"https:\/\/www.hediyepazar.com\/?product=144-ledli-genis-aydinlatma-alanina-sahip-gunes-enerjili-guvenlik-lambasi","title":{"rendered":"144 LED&#8217;li Geni\u015f Ayd\u0131nlatma Alan\u0131na Sahip G\u00fcne\u015f Enerjili G\u00fcvenlik Lambas\u0131"},"content":{"rendered":"<p>G\u00fcne\u015f enerjili bu d\u0131\u015f mekan lambas\u0131, 100 ya da 144 g\u00fc\u00e7l\u00fc LED \u0131\u015f\u0131k kayna\u011f\u0131 ile geni\u015f bir alan\u0131 etkili bi\u00e7imde ayd\u0131nlat\u0131r. LED\u2019lerin yerle\u015fimi sayesinde \u0131\u015f\u0131k daha dengeli da\u011f\u0131l\u0131r ve karanl\u0131k alanlar\u0131 kolayca ortadan kald\u0131r\u0131r. \u00d6zellikle g\u00fcvenli\u011fin \u00f6n planda oldu\u011fu apartman giri\u015fleri, bah\u00e7eler, ara\u00e7 park alanlar\u0131 gibi b\u00f6lgeler i\u00e7in uygundur. D\u00fc\u015f\u00fck enerji t\u00fcketimi sayesinde \u00e7evreci bir \u00e7\u00f6z\u00fcm sunar. \u015earj i\u015flemi tamamen otomatik ger\u00e7ekle\u015fir; g\u00fcne\u015f paneli yard\u0131m\u0131yla g\u00fcn boyunca enerji toplan\u0131r ve dahili bataryada depolan\u0131r. Lamba, hava karard\u0131\u011f\u0131nda otomatik olarak \u00e7al\u0131\u015f\u0131r ve hareket alg\u0131land\u0131\u011f\u0131nda \u0131\u015f\u0131\u011f\u0131n\u0131 yo\u011funla\u015ft\u0131r\u0131r. Bu sayede hem uzun s\u00fcreli kullan\u0131m hem de maksimum ayd\u0131nlatma verimi sa\u011flan\u0131r.<\/p>\n","protected":false},"excerpt":{"rendered":"<p>G\u00fcne\u015f enerjili bu d\u0131\u015f mekan lambas\u0131, 100 ya da 144 g\u00fc\u00e7l\u00fc LED \u0131\u015f\u0131k kayna\u011f\u0131 ile geni\u015f bir alan\u0131 etkili bi\u00e7imde ayd\u0131nlat\u0131r. LED\u2019lerin yerle\u015fimi sayesinde \u0131\u015f\u0131k daha dengeli da\u011f\u0131l\u0131r ve karanl\u0131k alanlar\u0131 kolayca ortadan kald\u0131r\u0131r. \u00d6zellikle g\u00fcvenli\u011fin \u00f6n planda oldu\u011fu apartman giri\u015fleri, bah\u00e7eler, ara\u00e7 park alanlar\u0131 gibi b\u00f6lgeler i\u00e7in uygundur. D\u00fc\u015f\u00fck enerji t\u00fcketimi sayesinde \u00e7evreci bir&#8230;<\/p>\n","protected":false},"featured_media":114263,"comment_status":"open","ping_status":"closed","template":"","meta":{"_kad_post_transparent":"","_kad_post_title":"","_kad_post_layout":"","_kad_post_sidebar_id":"","_kad_post_content_style":"","_kad_post_vertical_padding":"","_kad_post_feature":"","_kad_post_feature_position":"","_kad_post_header":false,"_kad_post_footer":false,"_kad_post_classname":""},"product_brand":[],"product_cat":[14946],"product_tag":[],"class_list":{"0":"post-114264","1":"product","2":"type-product","3":"status-publish","4":"has-post-thumbnail","6":"product_cat-bahce-aydinlatmasi-bahce-aydinlatmasi","8":"first","9":"instock","10":"purchasable","11":"product-type-simple","12":"entry","13":"content-bg","14":"loop-entry"},"_links":{"self":[{"href":"https:\/\/www.hediyepazar.com\/index.php?rest_route=\/wp\/v2\/product\/114264","targetHints":{"allow":["GET"]}}],"collection":[{"href":"https:\/\/www.hediyepazar.com\/index.php?rest_route=\/wp\/v2\/product"}],"about":[{"href":"https:\/\/www.hediyepazar.com\/index.php?rest_route=\/wp\/v2\/types\/product"}],"replies":[{"embeddable":true,"href":"https:\/\/www.hediyepazar.com\/index.php?rest_route=%2Fwp%2Fv2%2Fcomments&post=114264"}],"wp:featuredmedia":[{"embeddable":true,"href":"https:\/\/www.hediyepazar.com\/index.php?rest_route=\/wp\/v2\/media\/114263"}],"wp:attachment":[{"href":"https:\/\/www.hediyepazar.com\/index.php?rest_route=%2Fwp%2Fv2%2Fmedia&parent=114264"}],"wp:term":[{"taxonomy":"product_brand","embeddable":true,"href":"https:\/\/www.hediyepazar.com\/index.php?rest_route=%2Fwp%2Fv2%2Fproduct_brand&post=114264"},{"taxonomy":"product_cat","embeddable":true,"href":"https:\/\/www.hediyepazar.com\/index.php?rest_route=%2Fwp%2Fv2%2Fproduct_cat&post=114264"},{"taxonomy":"product_tag","embeddable":true,"href":"https:\/\/www.hediyepazar.com\/index.php?rest_route=%2Fwp%2Fv2%2Fproduct_tag&post=114264"}],"curies":[{"name":"wp","href":"https:\/\/api.w.org\/{rel}","templated":true}]}}