{"id":114270,"date":"2026-05-05T12:26:49","date_gmt":"2026-05-05T15:26:49","guid":{"rendered":"https:\/\/www.hediyepazar.com\/?product=goz-alti-serinletici-yuz-masaj-cihazi-serum-emilimini-artirir"},"modified":"2026-05-05T12:26:49","modified_gmt":"2026-05-05T15:26:49","slug":"goz-alti-serinletici-yuz-masaj-cihazi-serum-emilimini-artirir","status":"publish","type":"product","link":"https:\/\/www.hediyepazar.com\/?product=goz-alti-serinletici-yuz-masaj-cihazi-serum-emilimini-artirir","title":{"rendered":"G\u00f6z Alt\u0131 Serinletici Y\u00fcz Masaj Cihaz\u0131 \u2013 Serum Emilimini Art\u0131r\u0131r"},"content":{"rendered":"<p>Bu masaj cihaz\u0131, serum, nemlendirici ve g\u00f6z kremi gibi cilt bak\u0131m \u00fcr\u00fcnlerinin cilde daha derinlemesine n\u00fcfuz etmesini sa\u011flar. Masajla birlikte uyguland\u0131\u011f\u0131nda, \u00fcr\u00fcnlerin etkilerini art\u0131r\u0131r ve cilt taraf\u0131ndan \u00e7ok daha h\u0131zl\u0131 emilmesine yard\u0131mc\u0131 olur. B\u00f6ylece kulland\u0131\u011f\u0131n\u0131z bak\u0131m \u00fcr\u00fcnlerinden maksimum fayday\u0131 al\u0131rs\u0131n\u0131z. Ayn\u0131 zamanda kan dola\u015f\u0131m\u0131n\u0131 uyararak cildin do\u011fal \u0131\u015f\u0131lt\u0131s\u0131n\u0131 ortaya \u00e7\u0131kar\u0131r. Cildin gerginli\u011fini art\u0131r\u0131r, daha dolgun ve sa\u011fl\u0131kl\u0131 bir g\u00f6r\u00fcn\u00fcm sunar. \u00d6zellikle sabah ve ak\u015fam rutinlerinde d\u00fczenli kullan\u0131m, cilt yenilenmesini destekler. T\u00fcm cilt tipleri i\u00e7in uygundur ve hassas ciltlerde dahi rahatl\u0131kla kullan\u0131labilir.<\/p>\n","protected":false},"excerpt":{"rendered":"<p>Bu masaj cihaz\u0131, serum, nemlendirici ve g\u00f6z kremi gibi cilt bak\u0131m \u00fcr\u00fcnlerinin cilde daha derinlemesine n\u00fcfuz etmesini sa\u011flar. Masajla birlikte uyguland\u0131\u011f\u0131nda, \u00fcr\u00fcnlerin etkilerini art\u0131r\u0131r ve cilt taraf\u0131ndan \u00e7ok daha h\u0131zl\u0131 emilmesine yard\u0131mc\u0131 olur. B\u00f6ylece kulland\u0131\u011f\u0131n\u0131z bak\u0131m \u00fcr\u00fcnlerinden maksimum fayday\u0131 al\u0131rs\u0131n\u0131z. Ayn\u0131 zamanda kan dola\u015f\u0131m\u0131n\u0131 uyararak cildin do\u011fal \u0131\u015f\u0131lt\u0131s\u0131n\u0131 ortaya \u00e7\u0131kar\u0131r. Cildin gerginli\u011fini art\u0131r\u0131r, daha dolgun&#8230;<\/p>\n","protected":false},"featured_media":114269,"comment_status":"open","ping_status":"closed","template":"","meta":{"_kad_post_transparent":"","_kad_post_title":"","_kad_post_layout":"","_kad_post_sidebar_id":"","_kad_post_content_style":"","_kad_post_vertical_padding":"","_kad_post_feature":"","_kad_post_feature_position":"","_kad_post_header":false,"_kad_post_footer":false,"_kad_post_classname":""},"product_brand":[],"product_cat":[14917],"product_tag":[],"class_list":{"0":"post-114270","1":"product","2":"type-product","3":"status-publish","4":"has-post-thumbnail","6":"product_cat-yuz-masaj-aleti-yuz-masaj-aleti","8":"first","9":"instock","10":"purchasable","11":"product-type-simple","12":"entry","13":"content-bg","14":"loop-entry"},"_links":{"self":[{"href":"https:\/\/www.hediyepazar.com\/index.php?rest_route=\/wp\/v2\/product\/114270","targetHints":{"allow":["GET"]}}],"collection":[{"href":"https:\/\/www.hediyepazar.com\/index.php?rest_route=\/wp\/v2\/product"}],"about":[{"href":"https:\/\/www.hediyepazar.com\/index.php?rest_route=\/wp\/v2\/types\/product"}],"replies":[{"embeddable":true,"href":"https:\/\/www.hediyepazar.com\/index.php?rest_route=%2Fwp%2Fv2%2Fcomments&post=114270"}],"wp:featuredmedia":[{"embeddable":true,"href":"https:\/\/www.hediyepazar.com\/index.php?rest_route=\/wp\/v2\/media\/114269"}],"wp:attachment":[{"href":"https:\/\/www.hediyepazar.com\/index.php?rest_route=%2Fwp%2Fv2%2Fmedia&parent=114270"}],"wp:term":[{"taxonomy":"product_brand","embeddable":true,"href":"https:\/\/www.hediyepazar.com\/index.php?rest_route=%2Fwp%2Fv2%2Fproduct_brand&post=114270"},{"taxonomy":"product_cat","embeddable":true,"href":"https:\/\/www.hediyepazar.com\/index.php?rest_route=%2Fwp%2Fv2%2Fproduct_cat&post=114270"},{"taxonomy":"product_tag","embeddable":true,"href":"https:\/\/www.hediyepazar.com\/index.php?rest_route=%2Fwp%2Fv2%2Fproduct_tag&post=114270"}],"curies":[{"name":"wp","href":"https:\/\/api.w.org\/{rel}","templated":true}]}}