{"id":114282,"date":"2026-05-05T12:28:04","date_gmt":"2026-05-05T15:28:04","guid":{"rendered":"https:\/\/www.hediyepazar.com\/?product=14-renkli-nebula-yildiz-projektor-muzik-gurultu-cihazi-zamanlayicili"},"modified":"2026-05-05T12:28:04","modified_gmt":"2026-05-05T15:28:04","slug":"14-renkli-nebula-yildiz-projektor-muzik-gurultu-cihazi-zamanlayicili","status":"publish","type":"product","link":"https:\/\/www.hediyepazar.com\/?product=14-renkli-nebula-yildiz-projektor-muzik-gurultu-cihazi-zamanlayicili","title":{"rendered":"14 Renkli Nebula Y\u0131ld\u0131z Projekt\u00f6r + M\u00fczik + G\u00fcr\u00fclt\u00fc Cihaz\u0131 + Zamanlay\u0131c\u0131l\u0131"},"content":{"rendered":"<p>Dinozor yumurtas\u0131 \u015feklindeki bu e\u015fsiz projekt\u00f6r, \u00e7ocuklar\u0131n\u0131z\u0131n hayal g\u00fcc\u00fcn\u00fc geli\u015ftirmekle kalmaz, ayn\u0131 zamanda uykuya ge\u00e7i\u015f s\u00fcrecini de kolayla\u015ft\u0131r\u0131r. 14 farkl\u0131 renkte y\u0131ld\u0131z ve bulutsu kombinasyonlar\u0131yla gece boyunca odalar\u0131nda b\u00fcy\u00fcl\u00fc bir atmosfer olu\u015fturur. Bluetooth hoparl\u00f6r \u00f6zelli\u011fi sayesinde istedi\u011finiz m\u00fczi\u011fi oynatabilir, \u0131\u015f\u0131klar\u0131n ritimle senkronize hareket etmesini sa\u011flayabilirsiniz. Uyku \u00f6ncesi rahatlat\u0131c\u0131 bir ortam yaratmak i\u00e7in 19 farkl\u0131 beyaz g\u00fcr\u00fclt\u00fc sesinden birini se\u00e7ebilirsiniz. Projekt\u00f6r\u00fcn t\u00fcm ayarlar\u0131n\u0131 uzaktan kumanda ile yapabilir, 1 veya 2 saatlik zamanlay\u0131c\u0131y\u0131 kurarak enerji tasarrufu sa\u011flayabilirsiniz. 4 farkl\u0131 h\u0131z ve parlakl\u0131k seviyesiyle ortam \u0131\u015f\u0131\u011f\u0131n\u0131 diledi\u011finiz gibi ayarlayabilirsiniz. E\u011flenceli, \u00f6\u011fretici ve huzur verici bu \u00fcr\u00fcn; \u00e7ocuk odalar\u0131, bebek odalar\u0131 ve hatta yeti\u015fkin yatak odalar\u0131 i\u00e7in idealdir.<\/p>\n","protected":false},"excerpt":{"rendered":"<p>Dinozor yumurtas\u0131 \u015feklindeki bu e\u015fsiz projekt\u00f6r, \u00e7ocuklar\u0131n\u0131z\u0131n hayal g\u00fcc\u00fcn\u00fc geli\u015ftirmekle kalmaz, ayn\u0131 zamanda uykuya ge\u00e7i\u015f s\u00fcrecini de kolayla\u015ft\u0131r\u0131r. 14 farkl\u0131 renkte y\u0131ld\u0131z ve bulutsu kombinasyonlar\u0131yla gece boyunca odalar\u0131nda b\u00fcy\u00fcl\u00fc bir atmosfer olu\u015fturur. Bluetooth hoparl\u00f6r \u00f6zelli\u011fi sayesinde istedi\u011finiz m\u00fczi\u011fi oynatabilir, \u0131\u015f\u0131klar\u0131n ritimle senkronize hareket etmesini sa\u011flayabilirsiniz. Uyku \u00f6ncesi rahatlat\u0131c\u0131 bir ortam yaratmak i\u00e7in 19 farkl\u0131 beyaz&#8230;<\/p>\n","protected":false},"featured_media":114281,"comment_status":"open","ping_status":"closed","template":"","meta":{"_kad_post_transparent":"","_kad_post_title":"","_kad_post_layout":"","_kad_post_sidebar_id":"","_kad_post_content_style":"","_kad_post_vertical_padding":"","_kad_post_feature":"","_kad_post_feature_position":"","_kad_post_header":false,"_kad_post_footer":false,"_kad_post_classname":""},"product_brand":[],"product_cat":[14967],"product_tag":[],"class_list":{"0":"post-114282","1":"product","2":"type-product","3":"status-publish","4":"has-post-thumbnail","6":"product_cat-gece-lambasi-gece-lambasi","8":"first","9":"instock","10":"purchasable","11":"product-type-simple","12":"entry","13":"content-bg","14":"loop-entry"},"_links":{"self":[{"href":"https:\/\/www.hediyepazar.com\/index.php?rest_route=\/wp\/v2\/product\/114282","targetHints":{"allow":["GET"]}}],"collection":[{"href":"https:\/\/www.hediyepazar.com\/index.php?rest_route=\/wp\/v2\/product"}],"about":[{"href":"https:\/\/www.hediyepazar.com\/index.php?rest_route=\/wp\/v2\/types\/product"}],"replies":[{"embeddable":true,"href":"https:\/\/www.hediyepazar.com\/index.php?rest_route=%2Fwp%2Fv2%2Fcomments&post=114282"}],"wp:featuredmedia":[{"embeddable":true,"href":"https:\/\/www.hediyepazar.com\/index.php?rest_route=\/wp\/v2\/media\/114281"}],"wp:attachment":[{"href":"https:\/\/www.hediyepazar.com\/index.php?rest_route=%2Fwp%2Fv2%2Fmedia&parent=114282"}],"wp:term":[{"taxonomy":"product_brand","embeddable":true,"href":"https:\/\/www.hediyepazar.com\/index.php?rest_route=%2Fwp%2Fv2%2Fproduct_brand&post=114282"},{"taxonomy":"product_cat","embeddable":true,"href":"https:\/\/www.hediyepazar.com\/index.php?rest_route=%2Fwp%2Fv2%2Fproduct_cat&post=114282"},{"taxonomy":"product_tag","embeddable":true,"href":"https:\/\/www.hediyepazar.com\/index.php?rest_route=%2Fwp%2Fv2%2Fproduct_tag&post=114282"}],"curies":[{"name":"wp","href":"https:\/\/api.w.org\/{rel}","templated":true}]}}