{"id":114284,"date":"2026-05-05T12:28:19","date_gmt":"2026-05-05T15:28:19","guid":{"rendered":"https:\/\/www.hediyepazar.com\/?product=cocuk-odasi-icin-galaxy-projektor-beyaz-gurultu-uzaktan-kumandali"},"modified":"2026-05-05T12:28:19","modified_gmt":"2026-05-05T15:28:19","slug":"cocuk-odasi-icin-galaxy-projektor-beyaz-gurultu-uzaktan-kumandali","status":"publish","type":"product","link":"https:\/\/www.hediyepazar.com\/?product=cocuk-odasi-icin-galaxy-projektor-beyaz-gurultu-uzaktan-kumandali","title":{"rendered":"\u00c7ocuk Odas\u0131 \u0130\u00e7in Galaxy Projekt\u00f6r + Beyaz G\u00fcr\u00fclt\u00fc + Uzaktan Kumandal\u0131"},"content":{"rendered":"<p>Gece lambas\u0131, m\u00fczik \u00e7alar, y\u0131ld\u0131z projekt\u00f6r ve beyaz g\u00fcr\u00fclt\u00fc makinesi \u00f6zelliklerini tek bir cihazda bulu\u015fturan bu dinozor yumurtas\u0131 projekt\u00f6r, \u00f6zellikle uykuya ge\u00e7i\u015fte rahatlat\u0131c\u0131 etki yarat\u0131r. Nebula ak\u0131\u015f\u0131 ve y\u0131ld\u0131z projeksiyonu 14 farkl\u0131 renkte \u00e7al\u0131\u015fabilir, diler tek tek diler kar\u0131\u015f\u0131k olarak a\u00e7abilirsiniz. Bluetooth 5.0 ba\u011flant\u0131s\u0131 sayesinde m\u00fczik dinleyebilir, \u0131\u015f\u0131klar\u0131n sese duyarl\u0131 hareket etmesini sa\u011flayabilirsiniz. 19 farkl\u0131 do\u011fa ve rahatlat\u0131c\u0131 ses se\u00e7ene\u011fi ile \u00e7ocuklar ve yeti\u015fkinler i\u00e7in uyku kalitesini art\u0131r\u0131r. Otomatik kapanma zamanlay\u0131c\u0131s\u0131 sayesinde cihaz 1 veya 2 saat sonra kapanacak \u015fekilde ayarlanabilir. Zamanlay\u0131c\u0131y\u0131 kurmay\u0131 unutsan\u0131z bile cihaz 4 saatin sonunda kendili\u011finden kapan\u0131r. Hem e\u011flenceli hem i\u015flevsel bu \u00fcr\u00fcn, do\u011fum g\u00fcn\u00fc ve \u00f6zel g\u00fcn hediyesi olarak da olduk\u00e7a be\u011fenilir.<\/p>\n","protected":false},"excerpt":{"rendered":"<p>Gece lambas\u0131, m\u00fczik \u00e7alar, y\u0131ld\u0131z projekt\u00f6r ve beyaz g\u00fcr\u00fclt\u00fc makinesi \u00f6zelliklerini tek bir cihazda bulu\u015fturan bu dinozor yumurtas\u0131 projekt\u00f6r, \u00f6zellikle uykuya ge\u00e7i\u015fte rahatlat\u0131c\u0131 etki yarat\u0131r. Nebula ak\u0131\u015f\u0131 ve y\u0131ld\u0131z projeksiyonu 14 farkl\u0131 renkte \u00e7al\u0131\u015fabilir, diler tek tek diler kar\u0131\u015f\u0131k olarak a\u00e7abilirsiniz. Bluetooth 5.0 ba\u011flant\u0131s\u0131 sayesinde m\u00fczik dinleyebilir, \u0131\u015f\u0131klar\u0131n sese duyarl\u0131 hareket etmesini sa\u011flayabilirsiniz. 19 farkl\u0131&#8230;<\/p>\n","protected":false},"featured_media":114283,"comment_status":"open","ping_status":"closed","template":"","meta":{"_kad_post_transparent":"","_kad_post_title":"","_kad_post_layout":"","_kad_post_sidebar_id":"","_kad_post_content_style":"","_kad_post_vertical_padding":"","_kad_post_feature":"","_kad_post_feature_position":"","_kad_post_header":false,"_kad_post_footer":false,"_kad_post_classname":""},"product_brand":[],"product_cat":[14967],"product_tag":[],"class_list":{"0":"post-114284","1":"product","2":"type-product","3":"status-publish","4":"has-post-thumbnail","6":"product_cat-gece-lambasi-gece-lambasi","8":"first","9":"instock","10":"purchasable","11":"product-type-simple","12":"entry","13":"content-bg","14":"loop-entry"},"_links":{"self":[{"href":"https:\/\/www.hediyepazar.com\/index.php?rest_route=\/wp\/v2\/product\/114284","targetHints":{"allow":["GET"]}}],"collection":[{"href":"https:\/\/www.hediyepazar.com\/index.php?rest_route=\/wp\/v2\/product"}],"about":[{"href":"https:\/\/www.hediyepazar.com\/index.php?rest_route=\/wp\/v2\/types\/product"}],"replies":[{"embeddable":true,"href":"https:\/\/www.hediyepazar.com\/index.php?rest_route=%2Fwp%2Fv2%2Fcomments&post=114284"}],"wp:featuredmedia":[{"embeddable":true,"href":"https:\/\/www.hediyepazar.com\/index.php?rest_route=\/wp\/v2\/media\/114283"}],"wp:attachment":[{"href":"https:\/\/www.hediyepazar.com\/index.php?rest_route=%2Fwp%2Fv2%2Fmedia&parent=114284"}],"wp:term":[{"taxonomy":"product_brand","embeddable":true,"href":"https:\/\/www.hediyepazar.com\/index.php?rest_route=%2Fwp%2Fv2%2Fproduct_brand&post=114284"},{"taxonomy":"product_cat","embeddable":true,"href":"https:\/\/www.hediyepazar.com\/index.php?rest_route=%2Fwp%2Fv2%2Fproduct_cat&post=114284"},{"taxonomy":"product_tag","embeddable":true,"href":"https:\/\/www.hediyepazar.com\/index.php?rest_route=%2Fwp%2Fv2%2Fproduct_tag&post=114284"}],"curies":[{"name":"wp","href":"https:\/\/api.w.org\/{rel}","templated":true}]}}