{"id":114286,"date":"2026-05-05T12:28:31","date_gmt":"2026-05-05T15:28:31","guid":{"rendered":"https:\/\/www.hediyepazar.com\/?product=bluetooth-baglantili-dinozor-yildiz-projektor-gece-lambasi-ve-uyku-yardimcisi"},"modified":"2026-05-05T12:28:31","modified_gmt":"2026-05-05T15:28:31","slug":"bluetooth-baglantili-dinozor-yildiz-projektor-gece-lambasi-ve-uyku-yardimcisi","status":"publish","type":"product","link":"https:\/\/www.hediyepazar.com\/?product=bluetooth-baglantili-dinozor-yildiz-projektor-gece-lambasi-ve-uyku-yardimcisi","title":{"rendered":"Bluetooth Ba\u011flant\u0131l\u0131 Dinozor Y\u0131ld\u0131z Projekt\u00f6r Gece Lambas\u0131 ve Uyku Yard\u0131mc\u0131s\u0131"},"content":{"rendered":"<p>Y\u00fcksek \u00e7\u00f6z\u00fcn\u00fcrl\u00fckte galaksi ve nebula yans\u0131malar\u0131yla oday\u0131 bir uzay yolculu\u011funa \u00e7eviren bu gece lambas\u0131, her ya\u015f grubuna hitap ediyor. 14 farkl\u0131 renk kombinasyonu ile duvarlar\u0131 ve tavan\u0131 s\u00fcsleyen \u0131\u015f\u0131klar, 4 h\u0131z ve parlakl\u0131k ayar\u0131yla ki\u015fiselle\u015ftirilebiliyor. \u00dczerindeki Bluetooth hoparl\u00f6r ile m\u00fcziklerinizi kablosuz olarak dinleyebilir, \u0131\u015f\u0131klar\u0131n m\u00fczik ritmine g\u00f6re dans etmesini sa\u011flayabilirsiniz. Ayr\u0131ca uykuya yard\u0131mc\u0131 19 farkl\u0131 beyaz g\u00fcr\u00fclt\u00fc sesi ile daha huzurlu bir uyku deneyimi sunar. Uzaktan kumandas\u0131 sayesinde \u0131\u015f\u0131k modu, ses seviyesi, zamanlay\u0131c\u0131 ve projeksiyon ayarlar\u0131n\u0131 kolayca kontrol edebilirsiniz. 1 veya 2 saatlik zamanlay\u0131c\u0131 kurabilir ya da 4 saat sonra otomatik kapanma \u00f6zelli\u011finden yararlanabilirsiniz. \u015e\u0131k dinozor yumurtas\u0131 tasar\u0131m\u0131 ve LED galaksi efektiyle hediye alternatifi olarak da \u00f6ne \u00e7\u0131kar.<\/p>\n","protected":false},"excerpt":{"rendered":"<p>Y\u00fcksek \u00e7\u00f6z\u00fcn\u00fcrl\u00fckte galaksi ve nebula yans\u0131malar\u0131yla oday\u0131 bir uzay yolculu\u011funa \u00e7eviren bu gece lambas\u0131, her ya\u015f grubuna hitap ediyor. 14 farkl\u0131 renk kombinasyonu ile duvarlar\u0131 ve tavan\u0131 s\u00fcsleyen \u0131\u015f\u0131klar, 4 h\u0131z ve parlakl\u0131k ayar\u0131yla ki\u015fiselle\u015ftirilebiliyor. \u00dczerindeki Bluetooth hoparl\u00f6r ile m\u00fcziklerinizi kablosuz olarak dinleyebilir, \u0131\u015f\u0131klar\u0131n m\u00fczik ritmine g\u00f6re dans etmesini sa\u011flayabilirsiniz. Ayr\u0131ca uykuya yard\u0131mc\u0131 19 farkl\u0131&#8230;<\/p>\n","protected":false},"featured_media":114285,"comment_status":"open","ping_status":"closed","template":"","meta":{"_kad_post_transparent":"","_kad_post_title":"","_kad_post_layout":"","_kad_post_sidebar_id":"","_kad_post_content_style":"","_kad_post_vertical_padding":"","_kad_post_feature":"","_kad_post_feature_position":"","_kad_post_header":false,"_kad_post_footer":false,"_kad_post_classname":""},"product_brand":[],"product_cat":[14967],"product_tag":[],"class_list":{"0":"post-114286","1":"product","2":"type-product","3":"status-publish","4":"has-post-thumbnail","6":"product_cat-gece-lambasi-gece-lambasi","8":"first","9":"instock","10":"purchasable","11":"product-type-simple","12":"entry","13":"content-bg","14":"loop-entry"},"_links":{"self":[{"href":"https:\/\/www.hediyepazar.com\/index.php?rest_route=\/wp\/v2\/product\/114286","targetHints":{"allow":["GET"]}}],"collection":[{"href":"https:\/\/www.hediyepazar.com\/index.php?rest_route=\/wp\/v2\/product"}],"about":[{"href":"https:\/\/www.hediyepazar.com\/index.php?rest_route=\/wp\/v2\/types\/product"}],"replies":[{"embeddable":true,"href":"https:\/\/www.hediyepazar.com\/index.php?rest_route=%2Fwp%2Fv2%2Fcomments&post=114286"}],"wp:featuredmedia":[{"embeddable":true,"href":"https:\/\/www.hediyepazar.com\/index.php?rest_route=\/wp\/v2\/media\/114285"}],"wp:attachment":[{"href":"https:\/\/www.hediyepazar.com\/index.php?rest_route=%2Fwp%2Fv2%2Fmedia&parent=114286"}],"wp:term":[{"taxonomy":"product_brand","embeddable":true,"href":"https:\/\/www.hediyepazar.com\/index.php?rest_route=%2Fwp%2Fv2%2Fproduct_brand&post=114286"},{"taxonomy":"product_cat","embeddable":true,"href":"https:\/\/www.hediyepazar.com\/index.php?rest_route=%2Fwp%2Fv2%2Fproduct_cat&post=114286"},{"taxonomy":"product_tag","embeddable":true,"href":"https:\/\/www.hediyepazar.com\/index.php?rest_route=%2Fwp%2Fv2%2Fproduct_tag&post=114286"}],"curies":[{"name":"wp","href":"https:\/\/api.w.org\/{rel}","templated":true}]}}