{"id":114288,"date":"2026-05-05T12:28:42","date_gmt":"2026-05-05T15:28:42","guid":{"rendered":"https:\/\/www.hediyepazar.com\/?product=yuksek-cozunurluklu-led-galaksi-projektor-19-sesli-uyku-makinesi"},"modified":"2026-05-05T12:28:42","modified_gmt":"2026-05-05T15:28:42","slug":"yuksek-cozunurluklu-led-galaksi-projektor-19-sesli-uyku-makinesi","status":"publish","type":"product","link":"https:\/\/www.hediyepazar.com\/?product=yuksek-cozunurluklu-led-galaksi-projektor-19-sesli-uyku-makinesi","title":{"rendered":"Y\u00fcksek \u00c7\u00f6z\u00fcn\u00fcrl\u00fckl\u00fc LED Galaksi Projekt\u00f6r + 19 Sesli Uyku Makinesi"},"content":{"rendered":"<p>Dinozor yumurtas\u0131 tasar\u0131m\u0131yla fark yaratan bu ak\u0131ll\u0131 gece lambas\u0131, \u00e7ocuklar\u0131n uyumas\u0131na yard\u0131mc\u0131 oldu\u011fu kadar yeti\u015fkinler i\u00e7in de rahatlat\u0131c\u0131 bir deneyim sunar. 14 renkli nebula ve y\u0131ld\u0131z efekti, ortama b\u00fcy\u00fcl\u00fc bir hava katar. Bluetooth \u00f6zelli\u011fi ile istedi\u011finiz m\u00fczi\u011fi a\u00e7abilir, \u0131\u015f\u0131klar\u0131n ritme uyum sa\u011flamas\u0131n\u0131 izleyebilirsiniz. 19 adet beyaz g\u00fcr\u00fclt\u00fc se\u00e7ene\u011fiyle gece boyunca huzur i\u00e7inde uyuman\u0131za yard\u0131mc\u0131 olur. I\u015f\u0131k parlakl\u0131\u011f\u0131, h\u0131z, ses ve projeksiyon ayarlar\u0131n\u0131 uzaktan kumandayla kontrol edebilirsiniz. Zamanlay\u0131c\u0131 fonksiyonu sayesinde cihaz\u0131 1 veya 2 saatli\u011fine kurabilir, siz uyuduktan sonra otomatik kapanmas\u0131n\u0131 sa\u011flayabilirsiniz. Hem \u00e7ocuklar hem yeti\u015fkinler i\u00e7in uygun olan bu \u00fcr\u00fcn, odan\u0131z\u0131 dekore etmenin yan\u0131 s\u0131ra i\u015flevsel olarak da \u00f6ne \u00e7\u0131kar. Modern tasar\u0131m\u0131yla unutulmaz bir hediye se\u00e7ene\u011fi sunar.<\/p>\n","protected":false},"excerpt":{"rendered":"<p>Dinozor yumurtas\u0131 tasar\u0131m\u0131yla fark yaratan bu ak\u0131ll\u0131 gece lambas\u0131, \u00e7ocuklar\u0131n uyumas\u0131na yard\u0131mc\u0131 oldu\u011fu kadar yeti\u015fkinler i\u00e7in de rahatlat\u0131c\u0131 bir deneyim sunar. 14 renkli nebula ve y\u0131ld\u0131z efekti, ortama b\u00fcy\u00fcl\u00fc bir hava katar. Bluetooth \u00f6zelli\u011fi ile istedi\u011finiz m\u00fczi\u011fi a\u00e7abilir, \u0131\u015f\u0131klar\u0131n ritme uyum sa\u011flamas\u0131n\u0131 izleyebilirsiniz. 19 adet beyaz g\u00fcr\u00fclt\u00fc se\u00e7ene\u011fiyle gece boyunca huzur i\u00e7inde uyuman\u0131za yard\u0131mc\u0131 olur&#8230;.<\/p>\n","protected":false},"featured_media":114287,"comment_status":"open","ping_status":"closed","template":"","meta":{"_kad_post_transparent":"","_kad_post_title":"","_kad_post_layout":"","_kad_post_sidebar_id":"","_kad_post_content_style":"","_kad_post_vertical_padding":"","_kad_post_feature":"","_kad_post_feature_position":"","_kad_post_header":false,"_kad_post_footer":false,"_kad_post_classname":""},"product_brand":[],"product_cat":[14967],"product_tag":[],"class_list":{"0":"post-114288","1":"product","2":"type-product","3":"status-publish","4":"has-post-thumbnail","6":"product_cat-gece-lambasi-gece-lambasi","8":"first","9":"instock","10":"purchasable","11":"product-type-simple","12":"entry","13":"content-bg","14":"loop-entry"},"_links":{"self":[{"href":"https:\/\/www.hediyepazar.com\/index.php?rest_route=\/wp\/v2\/product\/114288","targetHints":{"allow":["GET"]}}],"collection":[{"href":"https:\/\/www.hediyepazar.com\/index.php?rest_route=\/wp\/v2\/product"}],"about":[{"href":"https:\/\/www.hediyepazar.com\/index.php?rest_route=\/wp\/v2\/types\/product"}],"replies":[{"embeddable":true,"href":"https:\/\/www.hediyepazar.com\/index.php?rest_route=%2Fwp%2Fv2%2Fcomments&post=114288"}],"wp:featuredmedia":[{"embeddable":true,"href":"https:\/\/www.hediyepazar.com\/index.php?rest_route=\/wp\/v2\/media\/114287"}],"wp:attachment":[{"href":"https:\/\/www.hediyepazar.com\/index.php?rest_route=%2Fwp%2Fv2%2Fmedia&parent=114288"}],"wp:term":[{"taxonomy":"product_brand","embeddable":true,"href":"https:\/\/www.hediyepazar.com\/index.php?rest_route=%2Fwp%2Fv2%2Fproduct_brand&post=114288"},{"taxonomy":"product_cat","embeddable":true,"href":"https:\/\/www.hediyepazar.com\/index.php?rest_route=%2Fwp%2Fv2%2Fproduct_cat&post=114288"},{"taxonomy":"product_tag","embeddable":true,"href":"https:\/\/www.hediyepazar.com\/index.php?rest_route=%2Fwp%2Fv2%2Fproduct_tag&post=114288"}],"curies":[{"name":"wp","href":"https:\/\/api.w.org\/{rel}","templated":true}]}}