{"id":114290,"date":"2026-05-05T12:28:53","date_gmt":"2026-05-05T15:28:53","guid":{"rendered":"https:\/\/www.hediyepazar.com\/?product=dinozor-yumurtasi-tasarimli-gece-lambasi-muzik-ve-isik-senkronizasyonlu"},"modified":"2026-05-05T12:28:53","modified_gmt":"2026-05-05T15:28:53","slug":"dinozor-yumurtasi-tasarimli-gece-lambasi-muzik-ve-isik-senkronizasyonlu","status":"publish","type":"product","link":"https:\/\/www.hediyepazar.com\/?product=dinozor-yumurtasi-tasarimli-gece-lambasi-muzik-ve-isik-senkronizasyonlu","title":{"rendered":"Dinozor Yumurtas\u0131 Tasar\u0131ml\u0131 Gece Lambas\u0131 \u2013 M\u00fczik ve I\u015f\u0131k Senkronizasyonlu"},"content":{"rendered":"<p>\u00c7ocuk odalar\u0131 i\u00e7in \u00f6zel olarak tasarlanan bu dinozor yumurtas\u0131 projekt\u00f6r, 4 farkl\u0131 \u00f6zelli\u011fi tek bir cihazda sunar: Gece lambas\u0131, galaksi projekt\u00f6r, m\u00fczik hoparl\u00f6r\u00fc ve beyaz g\u00fcr\u00fclt\u00fc makinesi. \u00c7ocuklar\u0131n korkmadan uyumas\u0131 i\u00e7in s\u0131cak ve yumu\u015fak tonlarda \u0131\u015f\u0131klar sunar. 14 renge kadar ayarlanabilen projekt\u00f6r ile y\u0131ld\u0131zlar ve galaksi g\u00f6r\u00fcnt\u00fcs\u00fc odada sihirli bir atmosfer yarat\u0131r. Bluetooth ba\u011flant\u0131 ile masal ya da ninni a\u00e7abilir, seslerin \u0131\u015f\u0131kla birlikte hareket etmesini sa\u011flayabilirsiniz. 19 farkl\u0131 do\u011fa ve beyaz g\u00fcr\u00fclt\u00fc sesi, uykuya dalmay\u0131 kolayla\u015ft\u0131r\u0131r. Ebeveynler i\u00e7in uzaktan kumanda sayesinde kontrol kolayl\u0131\u011f\u0131 sa\u011flar. Cihaz\u0131 isterseniz 1-2 saate ayarlayarak otomatik kapanmas\u0131n\u0131 sa\u011flayabilir ya da 4 saat sonra kendili\u011finden kapanmas\u0131na g\u00fcvenebilirsiniz. \u015e\u0131k tasar\u0131m\u0131 sayesinde dekoratif ama\u00e7l\u0131 da kullan\u0131labilir.<\/p>\n","protected":false},"excerpt":{"rendered":"<p>\u00c7ocuk odalar\u0131 i\u00e7in \u00f6zel olarak tasarlanan bu dinozor yumurtas\u0131 projekt\u00f6r, 4 farkl\u0131 \u00f6zelli\u011fi tek bir cihazda sunar: Gece lambas\u0131, galaksi projekt\u00f6r, m\u00fczik hoparl\u00f6r\u00fc ve beyaz g\u00fcr\u00fclt\u00fc makinesi. \u00c7ocuklar\u0131n korkmadan uyumas\u0131 i\u00e7in s\u0131cak ve yumu\u015fak tonlarda \u0131\u015f\u0131klar sunar. 14 renge kadar ayarlanabilen projekt\u00f6r ile y\u0131ld\u0131zlar ve galaksi g\u00f6r\u00fcnt\u00fcs\u00fc odada sihirli bir atmosfer yarat\u0131r. Bluetooth ba\u011flant\u0131 ile&#8230;<\/p>\n","protected":false},"featured_media":114289,"comment_status":"open","ping_status":"closed","template":"","meta":{"_kad_post_transparent":"","_kad_post_title":"","_kad_post_layout":"","_kad_post_sidebar_id":"","_kad_post_content_style":"","_kad_post_vertical_padding":"","_kad_post_feature":"","_kad_post_feature_position":"","_kad_post_header":false,"_kad_post_footer":false,"_kad_post_classname":""},"product_brand":[],"product_cat":[14967],"product_tag":[],"class_list":{"0":"post-114290","1":"product","2":"type-product","3":"status-publish","4":"has-post-thumbnail","6":"product_cat-gece-lambasi-gece-lambasi","8":"first","9":"instock","10":"purchasable","11":"product-type-simple","12":"entry","13":"content-bg","14":"loop-entry"},"_links":{"self":[{"href":"https:\/\/www.hediyepazar.com\/index.php?rest_route=\/wp\/v2\/product\/114290","targetHints":{"allow":["GET"]}}],"collection":[{"href":"https:\/\/www.hediyepazar.com\/index.php?rest_route=\/wp\/v2\/product"}],"about":[{"href":"https:\/\/www.hediyepazar.com\/index.php?rest_route=\/wp\/v2\/types\/product"}],"replies":[{"embeddable":true,"href":"https:\/\/www.hediyepazar.com\/index.php?rest_route=%2Fwp%2Fv2%2Fcomments&post=114290"}],"wp:featuredmedia":[{"embeddable":true,"href":"https:\/\/www.hediyepazar.com\/index.php?rest_route=\/wp\/v2\/media\/114289"}],"wp:attachment":[{"href":"https:\/\/www.hediyepazar.com\/index.php?rest_route=%2Fwp%2Fv2%2Fmedia&parent=114290"}],"wp:term":[{"taxonomy":"product_brand","embeddable":true,"href":"https:\/\/www.hediyepazar.com\/index.php?rest_route=%2Fwp%2Fv2%2Fproduct_brand&post=114290"},{"taxonomy":"product_cat","embeddable":true,"href":"https:\/\/www.hediyepazar.com\/index.php?rest_route=%2Fwp%2Fv2%2Fproduct_cat&post=114290"},{"taxonomy":"product_tag","embeddable":true,"href":"https:\/\/www.hediyepazar.com\/index.php?rest_route=%2Fwp%2Fv2%2Fproduct_tag&post=114290"}],"curies":[{"name":"wp","href":"https:\/\/api.w.org\/{rel}","templated":true}]}}