{"id":114296,"date":"2026-05-05T12:29:33","date_gmt":"2026-05-05T15:29:33","guid":{"rendered":"https:\/\/www.hediyepazar.com\/?product=led-ekranli-kablosuz-kulaklik-gurultu-onleyici-mikrofon-ve-dokunmatik-ozellikli"},"modified":"2026-05-05T12:29:33","modified_gmt":"2026-05-05T15:29:33","slug":"led-ekranli-kablosuz-kulaklik-gurultu-onleyici-mikrofon-ve-dokunmatik-ozellikli","status":"publish","type":"product","link":"https:\/\/www.hediyepazar.com\/?product=led-ekranli-kablosuz-kulaklik-gurultu-onleyici-mikrofon-ve-dokunmatik-ozellikli","title":{"rendered":"LED Ekranl\u0131 Kablosuz Kulakl\u0131k \u2013 G\u00fcr\u00fclt\u00fc \u00d6nleyici Mikrofon ve Dokunmatik \u00d6zellikli"},"content":{"rendered":"<p>8 mm dinamik s\u00fcr\u00fcc\u00fc ve y\u00fcksek kaliteli ses teknolojisi ile donat\u0131lan bu kulakl\u0131klar, hem m\u00fczik dinlerken hem de telefon g\u00f6r\u00fc\u015fmelerinde sizi memnun eder. Aktif g\u00fcr\u00fclt\u00fc engelleme \u00f6zelli\u011fi sayesinde d\u0131\u015f ortamdaki rahats\u0131z edici sesleri b\u00fcy\u00fck \u00f6l\u00e7\u00fcde azalt\u0131r. Bu sayede kalabal\u0131k alanlarda bile net g\u00f6r\u00fc\u015fmeler ve berrak m\u00fczik deneyimi ya\u015fars\u0131n\u0131z. Geli\u015fmi\u015f mikrofonu ses al\u0131m\u0131n\u0131 iyile\u015ftirerek hem sizi daha net duyurur hem de kar\u015f\u0131 taraf\u0131n sesini bozulmadan aktar\u0131r. Profesyonel ses kalitesine sahip bu cihaz, g\u00fcnl\u00fck kullan\u0131m\u0131n yan\u0131 s\u0131ra i\u015f g\u00f6r\u00fc\u015fmeleri ve online toplant\u0131lar i\u00e7in de idealdir.<\/p>\n","protected":false},"excerpt":{"rendered":"<p>8 mm dinamik s\u00fcr\u00fcc\u00fc ve y\u00fcksek kaliteli ses teknolojisi ile donat\u0131lan bu kulakl\u0131klar, hem m\u00fczik dinlerken hem de telefon g\u00f6r\u00fc\u015fmelerinde sizi memnun eder. Aktif g\u00fcr\u00fclt\u00fc engelleme \u00f6zelli\u011fi sayesinde d\u0131\u015f ortamdaki rahats\u0131z edici sesleri b\u00fcy\u00fck \u00f6l\u00e7\u00fcde azalt\u0131r. Bu sayede kalabal\u0131k alanlarda bile net g\u00f6r\u00fc\u015fmeler ve berrak m\u00fczik deneyimi ya\u015fars\u0131n\u0131z. Geli\u015fmi\u015f mikrofonu ses al\u0131m\u0131n\u0131 iyile\u015ftirerek hem sizi&#8230;<\/p>\n","protected":false},"featured_media":114295,"comment_status":"open","ping_status":"closed","template":"","meta":{"_kad_post_transparent":"","_kad_post_title":"","_kad_post_layout":"","_kad_post_sidebar_id":"","_kad_post_content_style":"","_kad_post_vertical_padding":"","_kad_post_feature":"","_kad_post_feature_position":"","_kad_post_header":false,"_kad_post_footer":false,"_kad_post_classname":""},"product_brand":[],"product_cat":[14957],"product_tag":[],"class_list":{"0":"post-114296","1":"product","2":"type-product","3":"status-publish","4":"has-post-thumbnail","6":"product_cat-kablosuz-kulaklik-kablosuz-kulaklik","8":"first","9":"instock","10":"purchasable","11":"product-type-simple","12":"entry","13":"content-bg","14":"loop-entry"},"_links":{"self":[{"href":"https:\/\/www.hediyepazar.com\/index.php?rest_route=\/wp\/v2\/product\/114296","targetHints":{"allow":["GET"]}}],"collection":[{"href":"https:\/\/www.hediyepazar.com\/index.php?rest_route=\/wp\/v2\/product"}],"about":[{"href":"https:\/\/www.hediyepazar.com\/index.php?rest_route=\/wp\/v2\/types\/product"}],"replies":[{"embeddable":true,"href":"https:\/\/www.hediyepazar.com\/index.php?rest_route=%2Fwp%2Fv2%2Fcomments&post=114296"}],"wp:featuredmedia":[{"embeddable":true,"href":"https:\/\/www.hediyepazar.com\/index.php?rest_route=\/wp\/v2\/media\/114295"}],"wp:attachment":[{"href":"https:\/\/www.hediyepazar.com\/index.php?rest_route=%2Fwp%2Fv2%2Fmedia&parent=114296"}],"wp:term":[{"taxonomy":"product_brand","embeddable":true,"href":"https:\/\/www.hediyepazar.com\/index.php?rest_route=%2Fwp%2Fv2%2Fproduct_brand&post=114296"},{"taxonomy":"product_cat","embeddable":true,"href":"https:\/\/www.hediyepazar.com\/index.php?rest_route=%2Fwp%2Fv2%2Fproduct_cat&post=114296"},{"taxonomy":"product_tag","embeddable":true,"href":"https:\/\/www.hediyepazar.com\/index.php?rest_route=%2Fwp%2Fv2%2Fproduct_tag&post=114296"}],"curies":[{"name":"wp","href":"https:\/\/api.w.org\/{rel}","templated":true}]}}