{"id":114302,"date":"2026-05-05T12:30:12","date_gmt":"2026-05-05T15:30:12","guid":{"rendered":"https:\/\/www.hediyepazar.com\/?product=akilli-dijital-ekranli-tws-kulaklik-uzun-pil-omru-stabil-baglanti"},"modified":"2026-05-05T12:30:12","modified_gmt":"2026-05-05T15:30:12","slug":"akilli-dijital-ekranli-tws-kulaklik-uzun-pil-omru-stabil-baglanti","status":"publish","type":"product","link":"https:\/\/www.hediyepazar.com\/?product=akilli-dijital-ekranli-tws-kulaklik-uzun-pil-omru-stabil-baglanti","title":{"rendered":"Ak\u0131ll\u0131 Dijital Ekranl\u0131 TWS Kulakl\u0131k \u2013 Uzun Pil \u00d6mr\u00fc Stabil Ba\u011flant\u0131"},"content":{"rendered":"<p>Kulakl\u0131klar\u0131n ergonomik yap\u0131s\u0131, kula\u011fa tam oturacak \u015fekilde tasarlanm\u0131\u015ft\u0131r. Uzun s\u00fcreli kullan\u0131mlarda rahats\u0131zl\u0131k hissi vermez ve d\u00fc\u015fme riskini minimuma indirir. Hafif yap\u0131s\u0131 sayesinde g\u00fcn boyunca konfor sa\u011flar. \u015earj kutusu, cebinize veya \u00e7antan\u0131za kolayca s\u0131\u011far, b\u00f6ylece kulakl\u0131klar\u0131n\u0131z\u0131 her yere ta\u015f\u0131yabilirsiniz. Ayr\u0131ca suya ve tere dayan\u0131kl\u0131 yap\u0131s\u0131 ile spor yaparken de g\u00fcvenle kullanabilirsiniz. \u0130ster d\u0131\u015f mekan aktivitelerinde ister ofis ortam\u0131nda kullan\u0131n, \u015f\u0131k tasar\u0131m\u0131 ve g\u00fc\u00e7l\u00fc performans\u0131yla beklentilerinizi fazlas\u0131yla kar\u015f\u0131layacakt\u0131r.<\/p>\n","protected":false},"excerpt":{"rendered":"<p>Kulakl\u0131klar\u0131n ergonomik yap\u0131s\u0131, kula\u011fa tam oturacak \u015fekilde tasarlanm\u0131\u015ft\u0131r. Uzun s\u00fcreli kullan\u0131mlarda rahats\u0131zl\u0131k hissi vermez ve d\u00fc\u015fme riskini minimuma indirir. Hafif yap\u0131s\u0131 sayesinde g\u00fcn boyunca konfor sa\u011flar. \u015earj kutusu, cebinize veya \u00e7antan\u0131za kolayca s\u0131\u011far, b\u00f6ylece kulakl\u0131klar\u0131n\u0131z\u0131 her yere ta\u015f\u0131yabilirsiniz. Ayr\u0131ca suya ve tere dayan\u0131kl\u0131 yap\u0131s\u0131 ile spor yaparken de g\u00fcvenle kullanabilirsiniz. \u0130ster d\u0131\u015f mekan aktivitelerinde ister&#8230;<\/p>\n","protected":false},"featured_media":114301,"comment_status":"open","ping_status":"closed","template":"","meta":{"_kad_post_transparent":"","_kad_post_title":"","_kad_post_layout":"","_kad_post_sidebar_id":"","_kad_post_content_style":"","_kad_post_vertical_padding":"","_kad_post_feature":"","_kad_post_feature_position":"","_kad_post_header":false,"_kad_post_footer":false,"_kad_post_classname":""},"product_brand":[],"product_cat":[14957],"product_tag":[],"class_list":{"0":"post-114302","1":"product","2":"type-product","3":"status-publish","4":"has-post-thumbnail","6":"product_cat-kablosuz-kulaklik-kablosuz-kulaklik","8":"first","9":"instock","10":"purchasable","11":"product-type-simple","12":"entry","13":"content-bg","14":"loop-entry"},"_links":{"self":[{"href":"https:\/\/www.hediyepazar.com\/index.php?rest_route=\/wp\/v2\/product\/114302","targetHints":{"allow":["GET"]}}],"collection":[{"href":"https:\/\/www.hediyepazar.com\/index.php?rest_route=\/wp\/v2\/product"}],"about":[{"href":"https:\/\/www.hediyepazar.com\/index.php?rest_route=\/wp\/v2\/types\/product"}],"replies":[{"embeddable":true,"href":"https:\/\/www.hediyepazar.com\/index.php?rest_route=%2Fwp%2Fv2%2Fcomments&post=114302"}],"wp:featuredmedia":[{"embeddable":true,"href":"https:\/\/www.hediyepazar.com\/index.php?rest_route=\/wp\/v2\/media\/114301"}],"wp:attachment":[{"href":"https:\/\/www.hediyepazar.com\/index.php?rest_route=%2Fwp%2Fv2%2Fmedia&parent=114302"}],"wp:term":[{"taxonomy":"product_brand","embeddable":true,"href":"https:\/\/www.hediyepazar.com\/index.php?rest_route=%2Fwp%2Fv2%2Fproduct_brand&post=114302"},{"taxonomy":"product_cat","embeddable":true,"href":"https:\/\/www.hediyepazar.com\/index.php?rest_route=%2Fwp%2Fv2%2Fproduct_cat&post=114302"},{"taxonomy":"product_tag","embeddable":true,"href":"https:\/\/www.hediyepazar.com\/index.php?rest_route=%2Fwp%2Fv2%2Fproduct_tag&post=114302"}],"curies":[{"name":"wp","href":"https:\/\/api.w.org\/{rel}","templated":true}]}}