{"id":114346,"date":"2026-05-05T12:34:44","date_gmt":"2026-05-05T15:34:44","guid":{"rendered":"https:\/\/www.hediyepazar.com\/?product=usb-sarjli-cok-fonksiyonlu-kamp-feneri-tasinabilir-ve-dayanikli"},"modified":"2026-05-05T12:34:44","modified_gmt":"2026-05-05T15:34:44","slug":"usb-sarjli-cok-fonksiyonlu-kamp-feneri-tasinabilir-ve-dayanikli","status":"publish","type":"product","link":"https:\/\/www.hediyepazar.com\/?product=usb-sarjli-cok-fonksiyonlu-kamp-feneri-tasinabilir-ve-dayanikli","title":{"rendered":"USB \u015earjl\u0131 \u00c7ok Fonksiyonlu Kamp Feneri \u2013 Ta\u015f\u0131nabilir ve Dayan\u0131kl\u0131"},"content":{"rendered":"<p>G\u00fc\u00e7l\u00fc ve pratik tasar\u0131m\u0131yla bu kamp feneri, d\u0131\u015f mekan aktiviteleriniz i\u00e7in vazge\u00e7ilmez bir yard\u0131mc\u0131d\u0131r. USB \u015farj deste\u011fi sayesinde ister evde, ister do\u011fada kolayca enerji doldurabilirsiniz. Geni\u015f ayd\u0131nlatma a\u00e7\u0131s\u0131 ve g\u00fc\u00e7l\u00fc LED \u0131\u015f\u0131klar\u0131yla karanl\u0131k ortamlarda y\u00fcksek performans sunar. Ergonomik tutma saplar\u0131 sayesinde kolayca ta\u015f\u0131nabilir veya as\u0131labilir. Fenerin dayan\u0131kl\u0131 yap\u0131s\u0131, zorlu ko\u015fullara kar\u015f\u0131 diren\u00e7lidir ve uzun \u00f6m\u00fcrl\u00fc kullan\u0131m sa\u011flar. Acil durumlarda telefonunuzu USB \u00e7\u0131k\u0131\u015f\u0131 \u00fczerinden \u015farj etme imkan\u0131 sunarak, enerji sorunlar\u0131n\u0131z\u0131 minimuma indirir. Hem kamp hem de g\u00fcnl\u00fck kullan\u0131m i\u00e7in ideal olan bu fener, pratikli\u011fi ve fonksiyonelli\u011fi bir arada sunar.<\/p>\n","protected":false},"excerpt":{"rendered":"<p>G\u00fc\u00e7l\u00fc ve pratik tasar\u0131m\u0131yla bu kamp feneri, d\u0131\u015f mekan aktiviteleriniz i\u00e7in vazge\u00e7ilmez bir yard\u0131mc\u0131d\u0131r. USB \u015farj deste\u011fi sayesinde ister evde, ister do\u011fada kolayca enerji doldurabilirsiniz. Geni\u015f ayd\u0131nlatma a\u00e7\u0131s\u0131 ve g\u00fc\u00e7l\u00fc LED \u0131\u015f\u0131klar\u0131yla karanl\u0131k ortamlarda y\u00fcksek performans sunar. Ergonomik tutma saplar\u0131 sayesinde kolayca ta\u015f\u0131nabilir veya as\u0131labilir. Fenerin dayan\u0131kl\u0131 yap\u0131s\u0131, zorlu ko\u015fullara kar\u015f\u0131 diren\u00e7lidir ve uzun \u00f6m\u00fcrl\u00fc&#8230;<\/p>\n","protected":false},"featured_media":114345,"comment_status":"open","ping_status":"closed","template":"","meta":{"_kad_post_transparent":"","_kad_post_title":"","_kad_post_layout":"","_kad_post_sidebar_id":"","_kad_post_content_style":"","_kad_post_vertical_padding":"","_kad_post_feature":"","_kad_post_feature_position":"","_kad_post_header":false,"_kad_post_footer":false,"_kad_post_classname":""},"product_brand":[],"product_cat":[14977],"product_tag":[],"class_list":{"0":"post-114346","1":"product","2":"type-product","3":"status-publish","4":"has-post-thumbnail","6":"product_cat-kamp-lambasi-kamp-lambasi","8":"first","9":"instock","10":"purchasable","11":"product-type-simple","12":"entry","13":"content-bg","14":"loop-entry"},"_links":{"self":[{"href":"https:\/\/www.hediyepazar.com\/index.php?rest_route=\/wp\/v2\/product\/114346","targetHints":{"allow":["GET"]}}],"collection":[{"href":"https:\/\/www.hediyepazar.com\/index.php?rest_route=\/wp\/v2\/product"}],"about":[{"href":"https:\/\/www.hediyepazar.com\/index.php?rest_route=\/wp\/v2\/types\/product"}],"replies":[{"embeddable":true,"href":"https:\/\/www.hediyepazar.com\/index.php?rest_route=%2Fwp%2Fv2%2Fcomments&post=114346"}],"wp:featuredmedia":[{"embeddable":true,"href":"https:\/\/www.hediyepazar.com\/index.php?rest_route=\/wp\/v2\/media\/114345"}],"wp:attachment":[{"href":"https:\/\/www.hediyepazar.com\/index.php?rest_route=%2Fwp%2Fv2%2Fmedia&parent=114346"}],"wp:term":[{"taxonomy":"product_brand","embeddable":true,"href":"https:\/\/www.hediyepazar.com\/index.php?rest_route=%2Fwp%2Fv2%2Fproduct_brand&post=114346"},{"taxonomy":"product_cat","embeddable":true,"href":"https:\/\/www.hediyepazar.com\/index.php?rest_route=%2Fwp%2Fv2%2Fproduct_cat&post=114346"},{"taxonomy":"product_tag","embeddable":true,"href":"https:\/\/www.hediyepazar.com\/index.php?rest_route=%2Fwp%2Fv2%2Fproduct_tag&post=114346"}],"curies":[{"name":"wp","href":"https:\/\/api.w.org\/{rel}","templated":true}]}}