{"id":114350,"date":"2026-05-05T12:35:07","date_gmt":"2026-05-05T15:35:07","guid":{"rendered":"https:\/\/www.hediyepazar.com\/?product=yuksek-hassasiyetli-egim-sensorlu-dijital-kalem-usb-c-hizli-sarjli"},"modified":"2026-05-05T12:35:07","modified_gmt":"2026-05-05T15:35:07","slug":"yuksek-hassasiyetli-egim-sensorlu-dijital-kalem-usb-c-hizli-sarjli","status":"publish","type":"product","link":"https:\/\/www.hediyepazar.com\/?product=yuksek-hassasiyetli-egim-sensorlu-dijital-kalem-usb-c-hizli-sarjli","title":{"rendered":"Y\u00fcksek Hassasiyetli E\u011fim Sens\u00f6rl\u00fc Dijital Kalem \u2013 USB-C H\u0131zl\u0131 \u015earjl\u0131"},"content":{"rendered":"<p>Bu geli\u015fmi\u015f dijital kalem, e\u011fim sens\u00f6r\u00fc sayesinde \u00e7izgilerinizin kal\u0131nl\u0131\u011f\u0131n\u0131 do\u011fal \u015fekilde kontrol etmenizi sa\u011flar. 1,0 mm de\u011fi\u015ftirilebilir kalem ucu, geleneksel kalem hissi ve y\u00fcksek hassasiyet sunar. Sessiz, gecikmesiz ve atlamas\u0131z yaz\u0131 deneyimi ile \u00f6ne \u00e7\u0131kar. Bluetooth veya uygulama kurulumu gerektirmeden, kapaktaki dokunmatik d\u00fc\u011fme ile kolayca a\u00e7\u0131l\u0131r. USB-C h\u0131zl\u0131 \u015farj \u00f6zelli\u011fi sayesinde 90 dakikada tam dolum sa\u011flan\u0131r ve 20 saat boyunca kesintisiz \u00e7al\u0131\u015f\u0131r. Ayr\u0131ca, 5 dakika bo\u015fta kal\u0131nca otomatik uyku moduna ge\u00e7erek pil tasarrufu yapar. iPad ayarlar\u0131 ile uyumludur.<\/p>\n","protected":false},"excerpt":{"rendered":"<p>Bu geli\u015fmi\u015f dijital kalem, e\u011fim sens\u00f6r\u00fc sayesinde \u00e7izgilerinizin kal\u0131nl\u0131\u011f\u0131n\u0131 do\u011fal \u015fekilde kontrol etmenizi sa\u011flar. 1,0 mm de\u011fi\u015ftirilebilir kalem ucu, geleneksel kalem hissi ve y\u00fcksek hassasiyet sunar. Sessiz, gecikmesiz ve atlamas\u0131z yaz\u0131 deneyimi ile \u00f6ne \u00e7\u0131kar. Bluetooth veya uygulama kurulumu gerektirmeden, kapaktaki dokunmatik d\u00fc\u011fme ile kolayca a\u00e7\u0131l\u0131r. USB-C h\u0131zl\u0131 \u015farj \u00f6zelli\u011fi sayesinde 90 dakikada tam dolum&#8230;<\/p>\n","protected":false},"featured_media":114349,"comment_status":"open","ping_status":"closed","template":"","meta":{"_kad_post_transparent":"","_kad_post_title":"","_kad_post_layout":"","_kad_post_sidebar_id":"","_kad_post_content_style":"","_kad_post_vertical_padding":"","_kad_post_feature":"","_kad_post_feature_position":"","_kad_post_header":false,"_kad_post_footer":false,"_kad_post_classname":""},"product_brand":[],"product_cat":[15004],"product_tag":[],"class_list":{"0":"post-114350","1":"product","2":"type-product","3":"status-publish","4":"has-post-thumbnail","6":"product_cat-tablet-kalemi-tablet-kalemi","8":"first","9":"instock","10":"purchasable","11":"product-type-simple","12":"entry","13":"content-bg","14":"loop-entry"},"_links":{"self":[{"href":"https:\/\/www.hediyepazar.com\/index.php?rest_route=\/wp\/v2\/product\/114350","targetHints":{"allow":["GET"]}}],"collection":[{"href":"https:\/\/www.hediyepazar.com\/index.php?rest_route=\/wp\/v2\/product"}],"about":[{"href":"https:\/\/www.hediyepazar.com\/index.php?rest_route=\/wp\/v2\/types\/product"}],"replies":[{"embeddable":true,"href":"https:\/\/www.hediyepazar.com\/index.php?rest_route=%2Fwp%2Fv2%2Fcomments&post=114350"}],"wp:featuredmedia":[{"embeddable":true,"href":"https:\/\/www.hediyepazar.com\/index.php?rest_route=\/wp\/v2\/media\/114349"}],"wp:attachment":[{"href":"https:\/\/www.hediyepazar.com\/index.php?rest_route=%2Fwp%2Fv2%2Fmedia&parent=114350"}],"wp:term":[{"taxonomy":"product_brand","embeddable":true,"href":"https:\/\/www.hediyepazar.com\/index.php?rest_route=%2Fwp%2Fv2%2Fproduct_brand&post=114350"},{"taxonomy":"product_cat","embeddable":true,"href":"https:\/\/www.hediyepazar.com\/index.php?rest_route=%2Fwp%2Fv2%2Fproduct_cat&post=114350"},{"taxonomy":"product_tag","embeddable":true,"href":"https:\/\/www.hediyepazar.com\/index.php?rest_route=%2Fwp%2Fv2%2Fproduct_tag&post=114350"}],"curies":[{"name":"wp","href":"https:\/\/api.w.org\/{rel}","templated":true}]}}