{"id":114360,"date":"2026-05-05T12:35:53","date_gmt":"2026-05-05T15:35:53","guid":{"rendered":"https:\/\/www.hediyepazar.com\/?product=dijital-kalem-yuksek-hassasiyetli-hizli-sarjli-ve-uzun-omurlu"},"modified":"2026-05-05T12:35:53","modified_gmt":"2026-05-05T15:35:53","slug":"dijital-kalem-yuksek-hassasiyetli-hizli-sarjli-ve-uzun-omurlu","status":"publish","type":"product","link":"https:\/\/www.hediyepazar.com\/?product=dijital-kalem-yuksek-hassasiyetli-hizli-sarjli-ve-uzun-omurlu","title":{"rendered":"Dijital Kalem \u2013 Y\u00fcksek Hassasiyetli H\u0131zl\u0131 \u015earjl\u0131 ve Uzun \u00d6m\u00fcrl\u00fc"},"content":{"rendered":"<p>Bu geli\u015fmi\u015f dijital kalem, e\u011fim sens\u00f6r\u00fc ve 1,0 mm u\u00e7 tasar\u0131m\u0131yla do\u011fal kalem deneyimi ya\u015fat\u0131r. Y\u00fcksek hassasiyet ve ak\u0131c\u0131l\u0131k ile gecikmesiz ve sessiz yaz\u0131 yazabilir, \u00e7izim yapabilirsiniz. Bluetooth veya uygulama gerektirmez, sadece dokunmatik d\u00fc\u011fmeye dokunarak a\u00e7\u0131l\u0131r. USB-C h\u0131zl\u0131 \u015farj\u0131 sayesinde 90 dakikada tam dolum olur ve 20 saate kadar \u00e7al\u0131\u015f\u0131r. Bo\u015fta kalma durumunda otomatik uyku moduna ge\u00e7erek pil \u00f6mr\u00fcn\u00fc uzat\u0131r. iPad ile kolay uyumlu olup, ayarlar \u00fczerinden optimize edilebilir.<\/p>\n","protected":false},"excerpt":{"rendered":"<p>Bu geli\u015fmi\u015f dijital kalem, e\u011fim sens\u00f6r\u00fc ve 1,0 mm u\u00e7 tasar\u0131m\u0131yla do\u011fal kalem deneyimi ya\u015fat\u0131r. Y\u00fcksek hassasiyet ve ak\u0131c\u0131l\u0131k ile gecikmesiz ve sessiz yaz\u0131 yazabilir, \u00e7izim yapabilirsiniz. Bluetooth veya uygulama gerektirmez, sadece dokunmatik d\u00fc\u011fmeye dokunarak a\u00e7\u0131l\u0131r. USB-C h\u0131zl\u0131 \u015farj\u0131 sayesinde 90 dakikada tam dolum olur ve 20 saate kadar \u00e7al\u0131\u015f\u0131r. Bo\u015fta kalma durumunda otomatik uyku&#8230;<\/p>\n","protected":false},"featured_media":114359,"comment_status":"open","ping_status":"closed","template":"","meta":{"_kad_post_transparent":"","_kad_post_title":"","_kad_post_layout":"","_kad_post_sidebar_id":"","_kad_post_content_style":"","_kad_post_vertical_padding":"","_kad_post_feature":"","_kad_post_feature_position":"","_kad_post_header":false,"_kad_post_footer":false,"_kad_post_classname":""},"product_brand":[],"product_cat":[15004],"product_tag":[],"class_list":{"0":"post-114360","1":"product","2":"type-product","3":"status-publish","4":"has-post-thumbnail","6":"product_cat-tablet-kalemi-tablet-kalemi","8":"first","9":"instock","10":"purchasable","11":"product-type-simple","12":"entry","13":"content-bg","14":"loop-entry"},"_links":{"self":[{"href":"https:\/\/www.hediyepazar.com\/index.php?rest_route=\/wp\/v2\/product\/114360","targetHints":{"allow":["GET"]}}],"collection":[{"href":"https:\/\/www.hediyepazar.com\/index.php?rest_route=\/wp\/v2\/product"}],"about":[{"href":"https:\/\/www.hediyepazar.com\/index.php?rest_route=\/wp\/v2\/types\/product"}],"replies":[{"embeddable":true,"href":"https:\/\/www.hediyepazar.com\/index.php?rest_route=%2Fwp%2Fv2%2Fcomments&post=114360"}],"wp:featuredmedia":[{"embeddable":true,"href":"https:\/\/www.hediyepazar.com\/index.php?rest_route=\/wp\/v2\/media\/114359"}],"wp:attachment":[{"href":"https:\/\/www.hediyepazar.com\/index.php?rest_route=%2Fwp%2Fv2%2Fmedia&parent=114360"}],"wp:term":[{"taxonomy":"product_brand","embeddable":true,"href":"https:\/\/www.hediyepazar.com\/index.php?rest_route=%2Fwp%2Fv2%2Fproduct_brand&post=114360"},{"taxonomy":"product_cat","embeddable":true,"href":"https:\/\/www.hediyepazar.com\/index.php?rest_route=%2Fwp%2Fv2%2Fproduct_cat&post=114360"},{"taxonomy":"product_tag","embeddable":true,"href":"https:\/\/www.hediyepazar.com\/index.php?rest_route=%2Fwp%2Fv2%2Fproduct_tag&post=114360"}],"curies":[{"name":"wp","href":"https:\/\/api.w.org\/{rel}","templated":true}]}}