{"id":114364,"date":"2026-05-05T12:36:18","date_gmt":"2026-05-05T15:36:18","guid":{"rendered":"https:\/\/www.hediyepazar.com\/?product=detayli-ses-deneyimi-ve-led-ekran-teknolojisi"},"modified":"2026-05-05T12:36:18","modified_gmt":"2026-05-05T15:36:18","slug":"detayli-ses-deneyimi-ve-led-ekran-teknolojisi","status":"publish","type":"product","link":"https:\/\/www.hediyepazar.com\/?product=detayli-ses-deneyimi-ve-led-ekran-teknolojisi","title":{"rendered":"Detayl\u0131 Ses Deneyimi ve LED Ekran Teknolojisi"},"content":{"rendered":"<p>M\u00fczikseverlerin ve teknoloji tutkunlar\u0131n\u0131n beklentilerini fazlas\u0131yla kar\u015f\u0131layan bu kablosuz kulakl\u0131k modeli, ses performans\u0131 ve kullan\u0131m kolayl\u0131\u011f\u0131n\u0131 bir araya getiriyor. 30 mm s\u00fcr\u00fcc\u00fcler sayesinde duydu\u011funuz her nota daha belirgin, daha canl\u0131. Bluetooth 5.3 ile sadece birka\u00e7 saniyede ba\u011flant\u0131 kurar ve herhangi bir kopma ya da gecikme ya\u015famadan m\u00fczi\u011fin keyfini s\u00fcrmenizi sa\u011flar. \u00dcr\u00fcn \u00fczerinde yer alan LED dijital ekran, kulakl\u0131\u011f\u0131n teknik durumunu anl\u0131k olarak g\u00f6sterecek \u015fekilde tasarlanm\u0131\u015ft\u0131r. Kablosuz \u015farj teknolojisi ile uyumlu olmas\u0131, \u015farj i\u015flemini zahmetsiz ve h\u0131zl\u0131 hale getiriyor. TPU ve plastik malzeme, hem dayan\u0131kl\u0131l\u0131\u011f\u0131 hem estetik \u015f\u0131kl\u0131\u011f\u0131 beraberinde getiriyor. Mikrofon \u00f6zelli\u011fi sayesinde, d\u0131\u015f mek\u00e2n ya da kalabal\u0131k ortamlarda bile net konu\u015fmalar yap\u0131labilir. Yaln\u0131zca m\u00fczik dinlemek de\u011fil, ayn\u0131 zamanda \u00e7a\u011fr\u0131lar, \u00e7evrim i\u00e7i toplant\u0131lar ve sesli asistan kullan\u0131m\u0131 gibi g\u00fcnl\u00fck dijital ihtiya\u00e7lar i\u00e7in de ideal bir se\u00e7imdir. Hafifli\u011fi sayesinde \u00e7antan\u0131zda, cebinizde her zaman ta\u015f\u0131yabilece\u011finiz bir yol arkada\u015f\u0131 olur. Cihaz yayg\u0131n cihazlarla tam uyumludur.<\/p>\n","protected":false},"excerpt":{"rendered":"<p>M\u00fczikseverlerin ve teknoloji tutkunlar\u0131n\u0131n beklentilerini fazlas\u0131yla kar\u015f\u0131layan bu kablosuz kulakl\u0131k modeli, ses performans\u0131 ve kullan\u0131m kolayl\u0131\u011f\u0131n\u0131 bir araya getiriyor. 30 mm s\u00fcr\u00fcc\u00fcler sayesinde duydu\u011funuz her nota daha belirgin, daha canl\u0131. Bluetooth 5.3 ile sadece birka\u00e7 saniyede ba\u011flant\u0131 kurar ve herhangi bir kopma ya da gecikme ya\u015famadan m\u00fczi\u011fin keyfini s\u00fcrmenizi sa\u011flar. \u00dcr\u00fcn \u00fczerinde yer alan LED&#8230;<\/p>\n","protected":false},"featured_media":114363,"comment_status":"open","ping_status":"closed","template":"","meta":{"_kad_post_transparent":"","_kad_post_title":"","_kad_post_layout":"","_kad_post_sidebar_id":"","_kad_post_content_style":"","_kad_post_vertical_padding":"","_kad_post_feature":"","_kad_post_feature_position":"","_kad_post_header":false,"_kad_post_footer":false,"_kad_post_classname":""},"product_brand":[],"product_cat":[14957],"product_tag":[],"class_list":{"0":"post-114364","1":"product","2":"type-product","3":"status-publish","4":"has-post-thumbnail","6":"product_cat-kablosuz-kulaklik-kablosuz-kulaklik","8":"first","9":"instock","10":"purchasable","11":"product-type-simple","12":"entry","13":"content-bg","14":"loop-entry"},"_links":{"self":[{"href":"https:\/\/www.hediyepazar.com\/index.php?rest_route=\/wp\/v2\/product\/114364","targetHints":{"allow":["GET"]}}],"collection":[{"href":"https:\/\/www.hediyepazar.com\/index.php?rest_route=\/wp\/v2\/product"}],"about":[{"href":"https:\/\/www.hediyepazar.com\/index.php?rest_route=\/wp\/v2\/types\/product"}],"replies":[{"embeddable":true,"href":"https:\/\/www.hediyepazar.com\/index.php?rest_route=%2Fwp%2Fv2%2Fcomments&post=114364"}],"wp:featuredmedia":[{"embeddable":true,"href":"https:\/\/www.hediyepazar.com\/index.php?rest_route=\/wp\/v2\/media\/114363"}],"wp:attachment":[{"href":"https:\/\/www.hediyepazar.com\/index.php?rest_route=%2Fwp%2Fv2%2Fmedia&parent=114364"}],"wp:term":[{"taxonomy":"product_brand","embeddable":true,"href":"https:\/\/www.hediyepazar.com\/index.php?rest_route=%2Fwp%2Fv2%2Fproduct_brand&post=114364"},{"taxonomy":"product_cat","embeddable":true,"href":"https:\/\/www.hediyepazar.com\/index.php?rest_route=%2Fwp%2Fv2%2Fproduct_cat&post=114364"},{"taxonomy":"product_tag","embeddable":true,"href":"https:\/\/www.hediyepazar.com\/index.php?rest_route=%2Fwp%2Fv2%2Fproduct_tag&post=114364"}],"curies":[{"name":"wp","href":"https:\/\/api.w.org\/{rel}","templated":true}]}}